{"id":10044,"date":"2025-09-22T14:38:57","date_gmt":"2025-09-22T14:38:57","guid":{"rendered":"https:\/\/www.damac.it\/sin%20categor\u00eda\/komatsu-pc16r-3hs\/"},"modified":"2026-03-14T09:16:14","modified_gmt":"2026-03-14T09:16:14","slug":"komatsu-pc16r-3hs","status":"publish","type":"product","link":"https:\/\/www.damac.it\/es\/miniexcavadoras\/komatsu-pc16r-3hs-anguillara-sabazia-roma\/","title":{"rendered":"KOMATSU PC16R-3HS"},"content":{"rendered":"\n<p>Disponible miniexcavadora <strong>Komatsu PC16R-3HS usada<\/strong> de 2012, peso operativo 1.770 kg y 2.492 horas de trabajo. La m\u00e1quina est\u00e1 en <strong>excelentes condiciones<\/strong>, sometida a revisi\u00f3n con sustituci\u00f3n de filtros y aceite hidr\u00e1ulico, por lo que est\u00e1 <strong>lista para ser empleada en obra<\/strong>. <\/p>\n\n<p>Equipada con <strong>chasis variable<\/strong>, <strong>giro en cola<\/strong>, <strong>hoja delantera<\/strong> y <strong>doble velocidad<\/strong>, esta miniexcavadora compacta ofrece gran versatilidad y estabilidad incluso en espacios reducidos. Las orugas de goma est\u00e1n al 90% y garantizan larga duraci\u00f3n y excelente tracci\u00f3n. <\/p>\n\n<p>El motor Komatsu 3D67E 2A de 11,6 kW de 3 cilindros asegura fiabilidad y consumos reducidos.<\/p>\n\n<p>Accesorios incluidos: <strong>1 cazo de excavaci\u00f3n<\/strong>.<\/p>\n\n<p>La miniexcavadora est\u00e1 <strong>certificada CE<\/strong>, con ficha t\u00e9cnica disponible, y es ideal para trabajos de construcci\u00f3n, excavaciones, mantenimientos de carreteras y obras urbanas.<\/p>\n\n<p>M\u00e1quina visible en nuestra sede de Anguillara Sabazia (Roma).<\/p>\n\n<div class=\"wp-block-webfactory-map\"><div class=\"wp-block-webfactory-map\"><iframe title=\"Mapa\" width=\"100%\" height=\"380px\" src=\"https:\/\/www.google.com\/maps\/embed\/v1\/place?q=anguillara%20sabazia&amp;maptype=roadmap&amp;zoom=7&amp;key=AIzaSyCbpj9Ji_jwudUhfVpTXiPB79zpZZSDW8c\" frameborder=\"0\"><\/iframe><\/div><\/div>\n","protected":false},"excerpt":{"rendered":"<p class=\"p1\">Miniexcavadora Komatsu PC16R-3HS de 2012, 1.770 kg, 2.492 horas, tren de rodaje variable, voladizo cero, hoja, instalaci\u00f3n de martillo, orugas de goma al 90 %. Completo con cubo de excavaci\u00f3n. Lista para trabajar, revisi\u00f3n ya realizada. Disponible en Anguillara Sabazia (Roma). <\/p>\n","protected":false},"featured_media":9923,"template":"","meta":{"_acf_changed":false},"ubicazione_acf":[],"product_brand":[610],"product_cat":[411],"false":[748],"proprietario":[],"class_list":{"0":"post-10044","1":"product","2":"type-product","3":"status-publish","4":"has-post-thumbnail","6":"product_brand-komatsu","7":"product_cat-miniexcavadoras","8":"product_tag-es","9":"pa_brand-komatsu","11":"first","12":"outofstock","13":"sale","14":"sold-individually","15":"shipping-taxable","16":"purchasable","17":"product-type-simple"},"acf":[],"_links":{"self":[{"href":"https:\/\/www.damac.it\/es\/wp-json\/wp\/v2\/product\/10044","targetHints":{"allow":["GET"]}}],"collection":[{"href":"https:\/\/www.damac.it\/es\/wp-json\/wp\/v2\/product"}],"about":[{"href":"https:\/\/www.damac.it\/es\/wp-json\/wp\/v2\/types\/product"}],"wp:featuredmedia":[{"embeddable":true,"href":"https:\/\/www.damac.it\/es\/wp-json\/wp\/v2\/media\/9923"}],"wp:attachment":[{"href":"https:\/\/www.damac.it\/es\/wp-json\/wp\/v2\/media?parent=10044"}],"wp:term":[{"taxonomy":"ubicazione_acf","embeddable":true,"href":"https:\/\/www.damac.it\/es\/wp-json\/wp\/v2\/ubicazione_acf?post=10044"},{"taxonomy":"product_brand","embeddable":true,"href":"https:\/\/www.damac.it\/es\/wp-json\/wp\/v2\/product_brand?post=10044"},{"taxonomy":"product_cat","embeddable":true,"href":"https:\/\/www.damac.it\/es\/wp-json\/wp\/v2\/product_cat?post=10044"},{"taxonomy":"product_tag","embeddable":true,"href":"https:\/\/www.damac.it\/es\/wp-json\/wp\/v2\/false?post=10044"},{"taxonomy":"proprietario","embeddable":true,"href":"https:\/\/www.damac.it\/es\/wp-json\/wp\/v2\/proprietario?post=10044"}],"curies":[{"name":"wp","href":"https:\/\/api.w.org\/{rel}","templated":true}]}}