{"id":10214,"date":"2025-09-22T15:46:54","date_gmt":"2025-09-22T15:46:54","guid":{"rendered":"https:\/\/www.damac.it\/sin%20categor\u00eda\/jcb-190t-hf\/"},"modified":"2025-12-15T12:40:47","modified_gmt":"2025-12-15T12:40:47","slug":"jcb-190t-hf","status":"publish","type":"product","link":"https:\/\/www.damac.it\/es\/minicargadoras\/jcb-190t-hf-anguillara-sabazia-roma\/","title":{"rendered":"JCB 190T-HF"},"content":{"rendered":"\n<p>Disponible miniexcavadora de cadenas <strong>JCB 190T-HF usada<\/strong> del 2010, con <strong>peso operativo 5.480 kg<\/strong> y <strong>2.610 horas de trabajo<\/strong>. La m\u00e1quina est\u00e1 en excelentes condiciones generales y est\u00e1 lista para el uso en obra o en explotaci\u00f3n agr\u00edcola. <\/p>\n\n<p>Equipada con <strong>cabina cerrada<\/strong>, <strong>doble velocidad<\/strong>, <strong>cadenas de goma al 100%<\/strong>, esta miniexcavadora garantiza potencia, estabilidad y m\u00e1xima tracci\u00f3n en cualquier tipo de terreno. La instalaci\u00f3n hidr\u00e1ulica est\u00e1 completa con <strong>instalaci\u00f3n de martillo<\/strong>, <strong>alto caudal<\/strong> e <strong>instalaci\u00f3n de rotaci\u00f3n<\/strong>, haci\u00e9ndola ideal para el uso con accesorios profesionales. <\/p>\n\n<p>Accesorios incluidos: <strong>1 cuchara de carga<\/strong>.<\/p>\n\n<p>Documentaci\u00f3n disponible: <strong>certificaci\u00f3n CE<\/strong> y <strong>ficha t\u00e9cnica<\/strong>.<\/p>\n\n<p>Esta JCB 190T-HF es perfecta para trabajos de <strong>movimiento de tierras, carga de materiales, demoliciones y aplicaciones agr\u00edcolas<\/strong>, combinando robustez, fiabilidad y versatilidad.<\/p>\n\n<p>M\u00e1quina visible en nuestra sede de <strong>Anguillara Sabazia (Roma)<\/strong>.<\/p>\n\n<div class=\"wp-block-webfactory-map\"><div class=\"wp-block-webfactory-map\"><iframe title=\"Mapa\" width=\"100%\" height=\"380px\" src=\"https:\/\/www.google.com\/maps\/embed\/v1\/place?q=anguillara%20sabazia&amp;maptype=roadmap&amp;zoom=7&amp;key=AIzaSyCbpj9Ji_jwudUhfVpTXiPB79zpZZSDW8c\" frameborder=\"0\"><\/iframe><\/div><\/div>\n","protected":false},"excerpt":{"rendered":"<p class=\"p1\">Miniexcavadora de cadenas JCB 190T-HF del 2010, 5.480 kg, 2.610 horas, cabina cerrada, doble velocidad, cadenas nuevas (100%), instalaci\u00f3n de martillo, alto caudal y rotaci\u00f3n. Completa con cuchara de carga, certificaci\u00f3n CE y ficha t\u00e9cnica. Disponible en Anguillara Sabazia (Roma).  <\/p>\n","protected":false},"featured_media":10073,"template":"","meta":{"_acf_changed":false},"ubicazione_acf":[],"product_brand":[606],"product_cat":[424],"false":[748],"proprietario":[],"class_list":{"0":"post-10214","1":"product","2":"type-product","3":"status-publish","4":"has-post-thumbnail","6":"product_brand-jcb","7":"product_cat-minicargadoras","8":"product_tag-es","9":"pa_brand-jcb","11":"first","12":"outofstock","13":"sale","14":"sold-individually","15":"shipping-taxable","16":"purchasable","17":"product-type-simple"},"acf":[],"_links":{"self":[{"href":"https:\/\/www.damac.it\/es\/wp-json\/wp\/v2\/product\/10214","targetHints":{"allow":["GET"]}}],"collection":[{"href":"https:\/\/www.damac.it\/es\/wp-json\/wp\/v2\/product"}],"about":[{"href":"https:\/\/www.damac.it\/es\/wp-json\/wp\/v2\/types\/product"}],"wp:featuredmedia":[{"embeddable":true,"href":"https:\/\/www.damac.it\/es\/wp-json\/wp\/v2\/media\/10073"}],"wp:attachment":[{"href":"https:\/\/www.damac.it\/es\/wp-json\/wp\/v2\/media?parent=10214"}],"wp:term":[{"taxonomy":"ubicazione_acf","embeddable":true,"href":"https:\/\/www.damac.it\/es\/wp-json\/wp\/v2\/ubicazione_acf?post=10214"},{"taxonomy":"product_brand","embeddable":true,"href":"https:\/\/www.damac.it\/es\/wp-json\/wp\/v2\/product_brand?post=10214"},{"taxonomy":"product_cat","embeddable":true,"href":"https:\/\/www.damac.it\/es\/wp-json\/wp\/v2\/product_cat?post=10214"},{"taxonomy":"product_tag","embeddable":true,"href":"https:\/\/www.damac.it\/es\/wp-json\/wp\/v2\/false?post=10214"},{"taxonomy":"proprietario","embeddable":true,"href":"https:\/\/www.damac.it\/es\/wp-json\/wp\/v2\/proprietario?post=10214"}],"curies":[{"name":"wp","href":"https:\/\/api.w.org\/{rel}","templated":true}]}}