{"id":10275,"date":"2025-09-23T09:00:15","date_gmt":"2025-09-23T09:00:15","guid":{"rendered":"https:\/\/www.damac.it\/sin%20categor\u00eda\/fiat-allis-f11-5\/"},"modified":"2026-04-08T06:38:20","modified_gmt":"2026-04-08T06:38:20","slug":"fiat-allis-f11-5","status":"publish","type":"product","link":"https:\/\/www.damac.it\/es\/motoniveladora\/fiat-allis-f11-5-anguillara-sabazia\/","title":{"rendered":"FIAT ALLIS F11.5"},"content":{"rendered":"\n<p>La <strong>Fiat Allis F11.5<\/strong> es una <strong>motoniveladora usada de 1970<\/strong>, dise\u00f1ada para garantizar solidez y precisi\u00f3n en los trabajos de nivelaci\u00f3n y mantenimiento de carreteras.<\/p>\n\n<p>Equipada con una <strong>cuchilla central ajustable<\/strong> y <strong>cabina abierta<\/strong>, esta motoniveladora es una soluci\u00f3n funcional y robusta para quienes buscan una m\u00e1quina fiable a un precio asequible.<\/p>\n\n<p><strong>Fiat Allis<\/strong>, hist\u00f3rica casa fabricante italiana especializada en <a href=\"https:\/\/www.damac.it\/es\/maquinas\/\">maquinaria de movimiento de tierras<\/a>, ha construido el modelo <strong>F11.5<\/strong> para perdurar en el tiempo, gracias a una <strong>estructura mec\u00e1nica sencilla pero resistente<\/strong> y a componentes de f\u00e1cil mantenimiento.<\/p>\n\n<p>Esta m\u00e1quina <strong>totalmente funcional<\/strong> es adecuada para trabajos de:<\/p>\n\n<ul class=\"wp-block-list\">\n<li>nivelaci\u00f3n de suelos y caminos de tierra,<\/li>\n\n\n\n<li>ajardinamiento de patios,<\/li>\n\n\n\n<li>preparaci\u00f3n de fondos para obras,<\/li>\n\n\n\n<li>mantenimiento de v\u00edas rurales y carreteras.<\/li>\n<\/ul>\n\n<p>Disponible en <strong>Anguillara Sabazia<\/strong>, la motoniveladora <strong>Fiat Allis F11.<\/strong> 5 est\u00e1 <strong>certificada como usada y operativa<\/strong>, lista para su uso inmediato o para ser restaurada por quienes deseen valorizar un modelo hist\u00f3rico de la ingenier\u00eda italiana.<\/p>\n\n<div class=\"wp-block-webfactory-map\"><div class=\"wp-block-webfactory-map\"><iframe title=\"Mapa\" width=\"100%\" height=\"380px\" src=\"https:\/\/www.google.com\/maps\/embed\/v1\/place?q=anguillara%20sabazia&amp;maptype=roadmap&amp;zoom=7&amp;key=AIzaSyCbpj9Ji_jwudUhfVpTXiPB79zpZZSDW8c\" frameborder=\"0\"><\/iframe><\/div><\/div>\n","protected":false},"excerpt":{"rendered":"<p class=\"p1\">Motoniveladora Fiat Allis F11.5, 1970, usada, cabina abierta, equipada con cuchilla central. M\u00e1quina en estado de funcionamiento y disponible en Anguillara Sabazia. <\/p>\n","protected":false},"featured_media":10274,"template":"","meta":{"_acf_changed":false},"ubicazione_acf":[],"product_brand":[625],"product_cat":[457],"false":[748],"proprietario":[],"class_list":{"0":"post-10275","1":"product","2":"type-product","3":"status-publish","4":"has-post-thumbnail","6":"product_brand-fiat-allis","7":"product_cat-motoniveladora","8":"product_tag-es","9":"pa_brand-fiat-allis","11":"first","12":"instock","13":"sold-individually","14":"shipping-taxable","15":"purchasable","16":"product-type-simple"},"acf":[],"_links":{"self":[{"href":"https:\/\/www.damac.it\/es\/wp-json\/wp\/v2\/product\/10275","targetHints":{"allow":["GET"]}}],"collection":[{"href":"https:\/\/www.damac.it\/es\/wp-json\/wp\/v2\/product"}],"about":[{"href":"https:\/\/www.damac.it\/es\/wp-json\/wp\/v2\/types\/product"}],"wp:featuredmedia":[{"embeddable":true,"href":"https:\/\/www.damac.it\/es\/wp-json\/wp\/v2\/media\/10274"}],"wp:attachment":[{"href":"https:\/\/www.damac.it\/es\/wp-json\/wp\/v2\/media?parent=10275"}],"wp:term":[{"taxonomy":"ubicazione_acf","embeddable":true,"href":"https:\/\/www.damac.it\/es\/wp-json\/wp\/v2\/ubicazione_acf?post=10275"},{"taxonomy":"product_brand","embeddable":true,"href":"https:\/\/www.damac.it\/es\/wp-json\/wp\/v2\/product_brand?post=10275"},{"taxonomy":"product_cat","embeddable":true,"href":"https:\/\/www.damac.it\/es\/wp-json\/wp\/v2\/product_cat?post=10275"},{"taxonomy":"product_tag","embeddable":true,"href":"https:\/\/www.damac.it\/es\/wp-json\/wp\/v2\/false?post=10275"},{"taxonomy":"proprietario","embeddable":true,"href":"https:\/\/www.damac.it\/es\/wp-json\/wp\/v2\/proprietario?post=10275"}],"curies":[{"name":"wp","href":"https:\/\/api.w.org\/{rel}","templated":true}]}}