{"id":10408,"date":"2025-09-23T13:47:03","date_gmt":"2025-09-23T13:47:03","guid":{"rendered":"https:\/\/www.damac.it\/sin%20categor\u00eda\/elma-rae20\/"},"modified":"2026-04-08T06:49:29","modified_gmt":"2026-04-08T06:49:29","slug":"elma-rae20","status":"publish","type":"product","link":"https:\/\/www.damac.it\/es\/rodillos-compactadores\/elma-rae20-anguillara-sabazia\/","title":{"rendered":"ELMA RAE20"},"content":{"rendered":"\n<p>Il <strong>rullo <a href=\"https:\/\/www.damac.it\/rulli-compattori\/\">compattatore<\/a> ELMA RAE20<\/strong> \u00e8 una macchina compatta, efficiente e affidabile, ideale per lavori di <strong>compattazione di asfalto e terreno<\/strong> in cantieri stradali, parcheggi e aree industriali.<\/p>\n\n<p>Este modelo de <strong>2001<\/strong> <strong>s\u00f3lo tiene 1.340 horas de trabajo<\/strong> y es totalmente funcional, listo para ser utilizado sin ning\u00fan trabajo adicional.<\/p>\n\n<p>Con un <strong>peso operativo de 2.000 kg<\/strong> y <strong>tambores lisos de 1.000 mm<\/strong>, el rodillo <strong>ELMA RAE20<\/strong> garantiza <strong>una compactaci\u00f3n homog\u00e9nea y precisa<\/strong> en superficies peque\u00f1as y medianas. La <strong>vibraci\u00f3n \u00fanica<\/strong> y el <strong>control de tracci\u00f3n integrado (AWD<\/strong> ) garantizan un rendimiento constante incluso en los terrenos m\u00e1s dif\u00edciles, mientras que la <strong>direcci\u00f3n articulada<\/strong> ofrece un radio de maniobra estrecho, ideal para trabajar en espacios reducidos. <\/p>\n\n<p>La <strong>cabina abierta con estructura ROPS<\/strong> proporciona comodidad y seguridad al operador, al tiempo que mantiene una visibilidad total del \u00e1rea de trabajo.<\/p>\n\n<p>Con su <strong>dise\u00f1o compacto y su bajo consumo de combustible<\/strong>, la RAE20 es la elecci\u00f3n perfecta para empresas de construcci\u00f3n, ayuntamientos o empresas de mantenimiento que necesiten una m\u00e1quina s\u00f3lida y f\u00e1cil de transportar.<\/p>\n\n<p>Disponible en las instalaciones de <strong>DAMAC en Anguillara Sabazia (Roma)<\/strong>, el rodillo <strong>ELMA RAE20<\/strong> est\u00e1 <strong>usado, probado y listo para funcionar<\/strong>. DAMAC tambi\u00e9n ofrece <strong>servicio de transporte y apoyo a la exportaci\u00f3n internacional<\/strong>, garantizando asistencia en cada fase de la compra. <\/p>\n\n<div class=\"wp-block-webfactory-map\"><div class=\"wp-block-webfactory-map\"><iframe title=\"Mapa\" width=\"100%\" height=\"380px\" src=\"https:\/\/www.google.com\/maps\/embed\/v1\/place?q=anguillara%20sabazia&amp;maptype=roadmap&amp;zoom=7&amp;key=AIzaSyCbpj9Ji_jwudUhfVpTXiPB79zpZZSDW8c\" frameborder=\"0\"><\/iframe><\/div><\/div>\n","protected":false},"excerpt":{"rendered":"<p class=\"p1\">Rodillo t\u00e1ndem ELMA RAE20 del 2001, peso 2.000 kg, con solo 1.340 horas de trabajo. M\u00e1quina compacta con cabina abierta ROPS, direcci\u00f3n articulada y tracci\u00f3n doble. Equipada con tambores lisos de 1.000 mm, vibraci\u00f3n \u00fanica y control de tracci\u00f3n.<\/p>\n","protected":false},"featured_media":10309,"template":"","meta":{"_acf_changed":false},"ubicazione_acf":[],"product_brand":[629],"product_cat":[466],"false":[748],"proprietario":[],"class_list":{"0":"post-10408","1":"product","2":"type-product","3":"status-publish","4":"has-post-thumbnail","6":"product_brand-elma","7":"product_cat-rodillos-compactadores","8":"product_tag-es","9":"pa_brand-elma","11":"first","12":"instock","13":"sale","14":"sold-individually","15":"shipping-taxable","16":"purchasable","17":"product-type-simple"},"acf":[],"_links":{"self":[{"href":"https:\/\/www.damac.it\/es\/wp-json\/wp\/v2\/product\/10408","targetHints":{"allow":["GET"]}}],"collection":[{"href":"https:\/\/www.damac.it\/es\/wp-json\/wp\/v2\/product"}],"about":[{"href":"https:\/\/www.damac.it\/es\/wp-json\/wp\/v2\/types\/product"}],"wp:featuredmedia":[{"embeddable":true,"href":"https:\/\/www.damac.it\/es\/wp-json\/wp\/v2\/media\/10309"}],"wp:attachment":[{"href":"https:\/\/www.damac.it\/es\/wp-json\/wp\/v2\/media?parent=10408"}],"wp:term":[{"taxonomy":"ubicazione_acf","embeddable":true,"href":"https:\/\/www.damac.it\/es\/wp-json\/wp\/v2\/ubicazione_acf?post=10408"},{"taxonomy":"product_brand","embeddable":true,"href":"https:\/\/www.damac.it\/es\/wp-json\/wp\/v2\/product_brand?post=10408"},{"taxonomy":"product_cat","embeddable":true,"href":"https:\/\/www.damac.it\/es\/wp-json\/wp\/v2\/product_cat?post=10408"},{"taxonomy":"product_tag","embeddable":true,"href":"https:\/\/www.damac.it\/es\/wp-json\/wp\/v2\/false?post=10408"},{"taxonomy":"proprietario","embeddable":true,"href":"https:\/\/www.damac.it\/es\/wp-json\/wp\/v2\/proprietario?post=10408"}],"curies":[{"name":"wp","href":"https:\/\/api.w.org\/{rel}","templated":true}]}}