{"id":10448,"date":"2025-09-24T09:38:39","date_gmt":"2025-09-24T09:38:39","guid":{"rendered":"https:\/\/www.damac.it\/sin%20categor\u00eda\/new-holland-220\/"},"modified":"2026-04-08T06:51:32","modified_gmt":"2026-04-08T06:51:32","slug":"new-holland-220","status":"publish","type":"product","link":"https:\/\/www.damac.it\/es\/cucharas\/new-holland-220-anguillara-sabazia\/","title":{"rendered":"NEW HOLLAND 220"},"content":{"rendered":"\n<p>La <strong><a href=\"https:\/\/www.damac.it\/es\/accesorios\/\">cuchara<\/a> mordaza NEW HOLLAND 220<\/strong> es un accesorio profesional de \u00faltima generaci\u00f3n, <strong>nuevo 2025 y certificado CE<\/strong>, dise\u00f1ado para ofrecer m\u00e1xima eficiencia y resistencia en obras, trabajos viales y manipulaci\u00f3n de materiales a granel.<\/p>\n\n<p>Con una <strong>anchura de trabajo de 2.200 mm<\/strong>, un peso de 500 kg y enganche de <strong>bul\u00f3n directo<\/strong>, esta cuchara bivalva es ideal para quienes buscan un equipo vers\u00e1til, robusto y listo para usar.<\/p>\n\n<p>Compatible con <strong><a href=\"https:\/\/www.damac.it\/es\/retrocargadoras\/\">retrocargadoras<\/a><\/strong>, <strong>palas<\/strong> y <strong>manipuladores telesc\u00f3picos<\/strong>, la NEW HOLLAND 220 garantiza un excelente rendimiento en operaciones de excavaci\u00f3n, carga, manipulaci\u00f3n y nivelaci\u00f3n del terreno, incluso en superficies exigentes.<\/p>\n\n<p>La construcci\u00f3n en acero de alta resistencia garantiza una larga vida \u00fatil y un bajo mantenimiento, mientras que <strong>la certificaci\u00f3n CE<\/strong> confirma el cumplimiento de la normativa europea de seguridad.<\/p>\n\n<p>Gracias a su capacidad para trabajar con diversos tipos de <a href=\"https:\/\/www.damac.it\/es\/maquinas\/\">maquinaria de movimiento de tierras<\/a>, esta cuchara bivalva representa una elecci\u00f3n estrat\u00e9gica para empresas de construcci\u00f3n, empresas de movimiento de tierras y operarios que buscan <strong>un accesorio nuevo, fiable y listo para entrar en servicio sin modificaciones adicionales<\/strong>.<\/p>\n\n<p>Actualmente disponible en <strong>DAMAC, en Anguillara Sabazia (Roma)<\/strong>, con precios competitivos y apoyo dedicado para el transporte y la posible exportaci\u00f3n.<\/p>\n\n<div class=\"wp-block-webfactory-map\"><div class=\"wp-block-webfactory-map\"><iframe title=\"Mapa\" width=\"100%\" height=\"380px\" src=\"https:\/\/www.google.com\/maps\/embed\/v1\/place?q=anguillara%20sabazia&amp;maptype=roadmap&amp;zoom=7&amp;key=AIzaSyCbpj9Ji_jwudUhfVpTXiPB79zpZZSDW8c\" frameborder=\"0\"><\/iframe><\/div><\/div>\n","protected":false},"excerpt":{"rendered":"<p class=\"p1\">Cuchara mordaza NEW HOLLAND 220 nueva, certificada CE, anchura 2200 mm. Compatible con retroexcavadoras, palas cargadoras y manipuladores telesc\u00f3picos.<\/p>\n","protected":false},"featured_media":10450,"template":"","meta":{"_acf_changed":false},"ubicazione_acf":[],"product_brand":[633],"product_cat":[478],"false":[748],"proprietario":[],"class_list":{"0":"post-10448","1":"product","2":"type-product","3":"status-publish","4":"has-post-thumbnail","6":"product_brand-new-holland","7":"product_cat-cucharas","8":"product_tag-es","9":"pa_brand-new-holland","11":"first","12":"instock","13":"sale","14":"sold-individually","15":"shipping-taxable","16":"purchasable","17":"product-type-simple"},"acf":[],"_links":{"self":[{"href":"https:\/\/www.damac.it\/es\/wp-json\/wp\/v2\/product\/10448","targetHints":{"allow":["GET"]}}],"collection":[{"href":"https:\/\/www.damac.it\/es\/wp-json\/wp\/v2\/product"}],"about":[{"href":"https:\/\/www.damac.it\/es\/wp-json\/wp\/v2\/types\/product"}],"wp:featuredmedia":[{"embeddable":true,"href":"https:\/\/www.damac.it\/es\/wp-json\/wp\/v2\/media\/10450"}],"wp:attachment":[{"href":"https:\/\/www.damac.it\/es\/wp-json\/wp\/v2\/media?parent=10448"}],"wp:term":[{"taxonomy":"ubicazione_acf","embeddable":true,"href":"https:\/\/www.damac.it\/es\/wp-json\/wp\/v2\/ubicazione_acf?post=10448"},{"taxonomy":"product_brand","embeddable":true,"href":"https:\/\/www.damac.it\/es\/wp-json\/wp\/v2\/product_brand?post=10448"},{"taxonomy":"product_cat","embeddable":true,"href":"https:\/\/www.damac.it\/es\/wp-json\/wp\/v2\/product_cat?post=10448"},{"taxonomy":"product_tag","embeddable":true,"href":"https:\/\/www.damac.it\/es\/wp-json\/wp\/v2\/false?post=10448"},{"taxonomy":"proprietario","embeddable":true,"href":"https:\/\/www.damac.it\/es\/wp-json\/wp\/v2\/proprietario?post=10448"}],"curies":[{"name":"wp","href":"https:\/\/api.w.org\/{rel}","templated":true}]}}