{"id":10719,"date":"2025-09-25T12:22:18","date_gmt":"2025-09-25T12:22:18","guid":{"rendered":"https:\/\/www.damac.it\/sin%20categor\u00eda\/fiat-kobelco-e115sr\/"},"modified":"2026-04-15T08:57:50","modified_gmt":"2026-04-15T08:57:50","slug":"fiat-kobelco-e115sr","status":"publish","type":"product","link":"https:\/\/www.damac.it\/es\/excavadoras-de-cadenas\/fiat-kobelco-e115sr-foggia\/","title":{"rendered":"FIAT KOBELCO E115SR"},"content":{"rendered":"\n<p>La <a href=\"https:\/\/www.damac.it\/es\/excavadoras-de-cadenas\/\">excavadora de cadenas<\/a> <strong>FIAT KOBELCO E115SR<\/strong> usada de <strong>2003<\/strong> es una m\u00e1quina compacta y potente, ideal para trabajos de excavaci\u00f3n, movimiento de tierras y demolici\u00f3n en espacios reducidos.<\/p>\n\n<p>Con un <strong>peso operativo de 12.500 kg<\/strong> y <strong>10.143 horas de trabajo<\/strong>, este modelo combina <strong>fiabilidad mec\u00e1nica, estabilidad y movimientos precisos<\/strong>, caracter\u00edsticas t\u00edpicas de las m\u00e1quinas FIAT KOBELCO.<\/p>\n\n<p>Equipado con un <strong>radio corto<\/strong>, el E115SR puede operar en zonas urbanas, obras de construcci\u00f3n de carreteras o entornos con espacio limitado sin riesgo de impactos traseros.<\/p>\n\n<p>Dispone adem\u00e1s de <strong>hoja dozer<\/strong>, <strong>instalaci\u00f3n de martillo hidr\u00e1ulico y <a href=\"https:\/\/www.damac.it\/es\/accesorios\/\">pinza<\/a><\/strong>, y <strong>v\u00e1lvulas de bloqueo<\/strong> para garantizar la m\u00e1xima seguridad y versatilidad de uso.<\/p>\n\n<p>El vag\u00f3n est\u00e1 equipado con <strong>orugas de hierro<\/strong> con un 50% de desgaste, dise\u00f1adas para garantizar un agarre excelente incluso en terrenos dif\u00edciles, mientras que la <strong>cabina cerrada<\/strong> ofrece comodidad y protecci\u00f3n al operador.<\/p>\n\n<p>En el precio se incluye <strong>un accesorio de cuchara excavadora<\/strong>, ya instalado y listo para usar.<\/p>\n\n<p>M\u00e1quina <strong>con certificado CE<\/strong>, revisada y disponible de inmediato en <strong>Foggia<\/strong>, lista para trabajar o entregar en toda Italia y en el extranjero.<\/p>\n","protected":false},"excerpt":{"rendered":"<p>Excavadora de cadenas FIAT KOBELCO E115SR usada del 2003, 12.500 kg, 10.143 horas. Girosagoma para espacios reducidos, hoja delantera, instalaci\u00f3n de martillo y pinza, v\u00e1lvulas de bloqueo, certificado CE. Se incluye una cuchara. M\u00e1quina lista para usar, disponible en Foggia.   <\/p>\n","protected":false},"featured_media":10720,"template":"","meta":{"_acf_changed":false},"ubicazione_acf":[],"product_brand":[641],"product_cat":[434],"false":[748],"proprietario":[],"class_list":{"0":"post-10719","1":"product","2":"type-product","3":"status-publish","4":"has-post-thumbnail","6":"product_brand-fiat-kobelco","7":"product_cat-excavadoras-de-cadenas","8":"product_tag-es","9":"pa_brand-fiat-kobelco","11":"first","12":"instock","13":"sold-individually","14":"shipping-taxable","15":"purchasable","16":"product-type-simple"},"acf":[],"_links":{"self":[{"href":"https:\/\/www.damac.it\/es\/wp-json\/wp\/v2\/product\/10719","targetHints":{"allow":["GET"]}}],"collection":[{"href":"https:\/\/www.damac.it\/es\/wp-json\/wp\/v2\/product"}],"about":[{"href":"https:\/\/www.damac.it\/es\/wp-json\/wp\/v2\/types\/product"}],"wp:featuredmedia":[{"embeddable":true,"href":"https:\/\/www.damac.it\/es\/wp-json\/wp\/v2\/media\/10720"}],"wp:attachment":[{"href":"https:\/\/www.damac.it\/es\/wp-json\/wp\/v2\/media?parent=10719"}],"wp:term":[{"taxonomy":"ubicazione_acf","embeddable":true,"href":"https:\/\/www.damac.it\/es\/wp-json\/wp\/v2\/ubicazione_acf?post=10719"},{"taxonomy":"product_brand","embeddable":true,"href":"https:\/\/www.damac.it\/es\/wp-json\/wp\/v2\/product_brand?post=10719"},{"taxonomy":"product_cat","embeddable":true,"href":"https:\/\/www.damac.it\/es\/wp-json\/wp\/v2\/product_cat?post=10719"},{"taxonomy":"product_tag","embeddable":true,"href":"https:\/\/www.damac.it\/es\/wp-json\/wp\/v2\/false?post=10719"},{"taxonomy":"proprietario","embeddable":true,"href":"https:\/\/www.damac.it\/es\/wp-json\/wp\/v2\/proprietario?post=10719"}],"curies":[{"name":"wp","href":"https:\/\/api.w.org\/{rel}","templated":true}]}}