{"id":10910,"date":"2025-09-25T14:02:06","date_gmt":"2025-09-25T14:02:06","guid":{"rendered":"https:\/\/www.damac.it\/sin%20categor\u00eda\/iveco-daily-35c160\/"},"modified":"2026-01-08T16:56:14","modified_gmt":"2026-01-08T16:56:14","slug":"iveco-daily-35c160","status":"publish","type":"product","link":"https:\/\/www.damac.it\/es\/camiones-volquete\/iveco-daily-35c160-foggia\/","title":{"rendered":"IVECO DAILY 35C160"},"content":{"rendered":"\n<p>El<strong>Iveco Daily 35C160<\/strong> <strong>2017<\/strong> es un <strong>volquete trilateral<\/strong> fiable y listo para el trabajo, ideal para el transporte en obras de construcci\u00f3n, movimiento de tierras y construcci\u00f3n de carreteras.<\/p>\n\n<p>Equipada con un <strong>volquete de tres lados<\/strong>, permite una descarga r\u00e1pida y vers\u00e1til por todos los lados, simplificando las operaciones de carga y descarga incluso en espacios reducidos.<\/p>\n\n<p>Este veh\u00edculo usado est\u00e1 en <strong>excelente estado general<\/strong>, ha recorrido <strong>160.000 km<\/strong>, tiene <strong>placas de matr\u00edcula y papeles de matriculaci\u00f3n<\/strong> y lleva <strong>neum\u00e1ticos nuevos<\/strong>, lo que garantiza eficacia y seguridad inmediata en carretera.<\/p>\n\n<p>La cabina es c\u00f3moda y <strong>est\u00e1 climatizada<\/strong>, lo que hace m\u00e1s agradables los turnos largos.<\/p>\n\n<p>Perfecto para <strong>empresas de construcci\u00f3n, movimiento de tierras y transporte de materiales<\/strong> que buscan un cami\u00f3n listo para funcionar sin m\u00e1s intervenci\u00f3n, el Iveco Daily 35C160 combina la solidez del chasis Iveco con la practicidad de un volquete de tres lados.<\/p>\n\n<p>Actualmente disponible en <strong>Foggia<\/strong>, con documentaci\u00f3n completa y apoyo para pr\u00e1cticas de transporte o exportaci\u00f3n.<\/p>\n","protected":false},"excerpt":{"rendered":"<p class=\"p1\">Iveco Daily 35C160 del 2017, cami\u00f3n volquete trilateral usado con 160.000 km. En excelentes condiciones, neum\u00e1ticos nuevos, listo para trabajar <\/p>\n","protected":false},"featured_media":10921,"template":"","meta":{"_acf_changed":false},"ubicazione_acf":[],"product_brand":[645],"product_cat":[499],"false":[748],"proprietario":[],"class_list":{"0":"post-10910","1":"product","2":"type-product","3":"status-publish","4":"has-post-thumbnail","6":"product_brand-iveco","7":"product_cat-camiones-volquete","8":"product_tag-es","9":"pa_brand-iveco","11":"first","12":"outofstock","13":"sale","14":"sold-individually","15":"shipping-taxable","16":"purchasable","17":"product-type-simple"},"acf":[],"_links":{"self":[{"href":"https:\/\/www.damac.it\/es\/wp-json\/wp\/v2\/product\/10910","targetHints":{"allow":["GET"]}}],"collection":[{"href":"https:\/\/www.damac.it\/es\/wp-json\/wp\/v2\/product"}],"about":[{"href":"https:\/\/www.damac.it\/es\/wp-json\/wp\/v2\/types\/product"}],"wp:featuredmedia":[{"embeddable":true,"href":"https:\/\/www.damac.it\/es\/wp-json\/wp\/v2\/media\/10921"}],"wp:attachment":[{"href":"https:\/\/www.damac.it\/es\/wp-json\/wp\/v2\/media?parent=10910"}],"wp:term":[{"taxonomy":"ubicazione_acf","embeddable":true,"href":"https:\/\/www.damac.it\/es\/wp-json\/wp\/v2\/ubicazione_acf?post=10910"},{"taxonomy":"product_brand","embeddable":true,"href":"https:\/\/www.damac.it\/es\/wp-json\/wp\/v2\/product_brand?post=10910"},{"taxonomy":"product_cat","embeddable":true,"href":"https:\/\/www.damac.it\/es\/wp-json\/wp\/v2\/product_cat?post=10910"},{"taxonomy":"product_tag","embeddable":true,"href":"https:\/\/www.damac.it\/es\/wp-json\/wp\/v2\/false?post=10910"},{"taxonomy":"proprietario","embeddable":true,"href":"https:\/\/www.damac.it\/es\/wp-json\/wp\/v2\/proprietario?post=10910"}],"curies":[{"name":"wp","href":"https:\/\/api.w.org\/{rel}","templated":true}]}}