{"id":11196,"date":"2025-09-26T09:52:20","date_gmt":"2025-09-26T09:52:20","guid":{"rendered":"https:\/\/www.damac.it\/sin%20categor\u00eda\/kubota-u36-4\/"},"modified":"2025-11-28T11:50:07","modified_gmt":"2025-11-28T11:50:07","slug":"kubota-u36-4","status":"publish","type":"product","link":"https:\/\/www.damac.it\/es\/miniexcavadoras\/kubota-u36-4-anguillara-sabazia\/","title":{"rendered":"KUBOTA U36-4"},"content":{"rendered":"\n<p><strong>Miniexcavadora Kubota U36-4 del 2018, usada y con certificaci\u00f3n CE, ideal para obras que requieren compacidad y potencia.<\/strong><\/p>\n\n<p>Con un peso operativo de <strong>3.900 kg<\/strong> y <strong>6.060 horas de trabajo<\/strong>, este modelo ofrece gran maniobrabilidad gracias al <strong>girosagoma (radio de giro cero)<\/strong> y al <strong>carro fijo con doble velocidad<\/strong>, perfecto para operar en espacios reducidos manteniendo estabilidad y productividad.<\/p>\n\n<p>La <strong>cabina cerrada<\/strong> garantiza confort y protecci\u00f3n al operador en cualquier condici\u00f3n clim\u00e1tica. El <strong>sistema de martillo hidr\u00e1ulico ya instalado<\/strong> y el <strong>enganche r\u00e1pido<\/strong> hacen inmediato el uso de accesorios profesionales para excavaci\u00f3n, demolici\u00f3n y mantenimiento. <\/p>\n\n<p>La miniexcavadora se suministra con <strong>dos cucharones de excavaci\u00f3n<\/strong>, lista para su uso.<\/p>\n\n<p>Gracias a la potencia del <strong>motor Kubota de 17,7 kW (24,2 CV)<\/strong>, la U36-4 asegura fiabilidad y prestaciones elevadas tanto en trabajos de construcci\u00f3n como agr\u00edcolas. M\u00e1quina verificada, <strong>disponible en DAMAC en Anguillara Sabazia (Roma)<\/strong> con soporte para tr\u00e1mites log\u00edsticos y transporte en toda Italia y Europa. <\/p>\n\n<div class=\"wp-block-webfactory-map\"><div class=\"wp-block-webfactory-map\"><iframe title=\"Mapa\" width=\"100%\" height=\"380px\" src=\"https:\/\/www.google.com\/maps\/embed\/v1\/place?q=anguillara%20sabazia&amp;maptype=roadmap&amp;zoom=7&amp;key=AIzaSyCbpj9Ji_jwudUhfVpTXiPB79zpZZSDW8c\" frameborder=\"0\"><\/iframe><\/div><\/div>\n","protected":false},"excerpt":{"rendered":"<p class=\"p1\">Miniexcavadora Kubota U36-4 de 2018, peso operativo 3.900 kg, 6.060 horas de trabajo, giro de voladizo cero, cabina cerrada, sistema de martillo hidr\u00e1ulico, enganche r\u00e1pido y dos cucharas excavadoras.<br \/>M\u00e1quina con certificaci\u00f3n CE, lista para usar y disponible en DAMAC en Anguillara Sabazia (Roma).<\/p>\n","protected":false},"featured_media":11221,"template":"","meta":{"_acf_changed":false},"ubicazione_acf":[],"product_brand":[601],"product_cat":[411],"false":[748],"proprietario":[],"class_list":{"0":"post-11196","1":"product","2":"type-product","3":"status-publish","4":"has-post-thumbnail","6":"product_brand-kubota","7":"product_cat-miniexcavadoras","8":"product_tag-es","9":"pa_brand-kubota","11":"first","12":"outofstock","13":"sale","14":"sold-individually","15":"shipping-taxable","16":"purchasable","17":"product-type-simple"},"acf":[],"_links":{"self":[{"href":"https:\/\/www.damac.it\/es\/wp-json\/wp\/v2\/product\/11196","targetHints":{"allow":["GET"]}}],"collection":[{"href":"https:\/\/www.damac.it\/es\/wp-json\/wp\/v2\/product"}],"about":[{"href":"https:\/\/www.damac.it\/es\/wp-json\/wp\/v2\/types\/product"}],"wp:featuredmedia":[{"embeddable":true,"href":"https:\/\/www.damac.it\/es\/wp-json\/wp\/v2\/media\/11221"}],"wp:attachment":[{"href":"https:\/\/www.damac.it\/es\/wp-json\/wp\/v2\/media?parent=11196"}],"wp:term":[{"taxonomy":"ubicazione_acf","embeddable":true,"href":"https:\/\/www.damac.it\/es\/wp-json\/wp\/v2\/ubicazione_acf?post=11196"},{"taxonomy":"product_brand","embeddable":true,"href":"https:\/\/www.damac.it\/es\/wp-json\/wp\/v2\/product_brand?post=11196"},{"taxonomy":"product_cat","embeddable":true,"href":"https:\/\/www.damac.it\/es\/wp-json\/wp\/v2\/product_cat?post=11196"},{"taxonomy":"product_tag","embeddable":true,"href":"https:\/\/www.damac.it\/es\/wp-json\/wp\/v2\/false?post=11196"},{"taxonomy":"proprietario","embeddable":true,"href":"https:\/\/www.damac.it\/es\/wp-json\/wp\/v2\/proprietario?post=11196"}],"curies":[{"name":"wp","href":"https:\/\/api.w.org\/{rel}","templated":true}]}}