{"id":11373,"date":"2025-09-26T13:29:03","date_gmt":"2025-09-26T13:29:03","guid":{"rendered":"https:\/\/www.damac.it\/sin%20categor\u00eda\/kobelco-sk17sr-3e\/"},"modified":"2026-04-08T07:30:34","modified_gmt":"2026-04-08T07:30:34","slug":"kobelco-sk17sr-3e","status":"publish","type":"product","link":"https:\/\/www.damac.it\/es\/miniexcavadoras\/kobelco-sk17sr-3e-anguillara-sabazia\/","title":{"rendered":"KOBELCO SK17SR-3E"},"content":{"rendered":"\n<p><strong><a href=\"https:\/\/www.damac.it\/es\/miniexcavadoras\/\">Miniexcavadora<\/a> KOBELCO SK17SR-3E de 2021, usada y certificada CE, compacta y fiable para trabajos en espacios reducidos.<\/strong><\/p>\n\n<p>Con un peso operativo de <strong>1.810 kg<\/strong>, dimensiones reducidas (<strong>longitud 3.490 mm, anchura 990 mm, altura 2.350 mm<\/strong>) y <strong>tren de rodaje variable hidr\u00e1ulico<\/strong>, este modelo ofrece estabilidad y maniobrabilidad incluso en \u00e1reas dif\u00edciles.<\/p>\n\n<p>La KOBELCO SK17SR-3E es especialmente adecuada para trabajos de excavaci\u00f3n en entornos reducidos gracias a sus dimensiones compactas.<\/p>\n\n<p>Dotato di\u00a0<strong>girosagoma (zero tail swing)<\/strong>\u00a0per lavorare vicino a muri e ostacoli senza ingombro posteriore,\u00a0<strong>impianto martello idraulico gi\u00e0 installato<\/strong>\u00a0per <a href=\"https:\/\/www.damac.it\/es\/accesorios\/\">accessori<\/a> da demolizione e scavo,\u00a0<strong>cingoli in gomma<\/strong>\u00a0per operare su diversi tipi di terreno senza danneggiarlo.<\/p>\n\n<p>El puesto de trabajo con <strong>techo abierto<\/strong> garantiza un acceso r\u00e1pido y una excelente visibilidad.<\/p>\n\n<p>Con <strong>2.564 horas de trabajo<\/strong>, esta Kobelco SK17SR representa una opci\u00f3n s\u00f3lida para empresas constructoras, mantenimiento urbano y trabajos agr\u00edcolas ligeros.<\/p>\n\n<p>M\u00e1quina revisada, <strong>lista para usar y disponible en DAMAC en Roma<\/strong>, con posibilidad de apoyo para transporte y tr\u00e1mites log\u00edsticos en toda Italia y Europa.<\/p>\n\n<div class=\"wp-block-webfactory-map\"><div class=\"wp-block-webfactory-map\"><iframe title=\"Mapa\" width=\"100%\" height=\"380px\" src=\"https:\/\/www.google.com\/maps\/embed\/v1\/place?q=damac%20di%20volpe%20matteo&amp;maptype=roadmap&amp;zoom=7&amp;key=AIzaSyCbpj9Ji_jwudUhfVpTXiPB79zpZZSDW8c\" frameborder=\"0\"><\/iframe><\/div><\/div>\n","protected":false},"excerpt":{"rendered":"<p>Miniexcavadora Kobelco SK17SR-3E de 2021, 1.810 kg, giro de voladizo cero, tren de rodaje variable, orugas de goma, sistema de martillo hidr\u00e1ulico, 2.564 horas de trabajo. Certificado CE, disponible en Anguillara Sabazia. <\/p>\n","protected":false},"featured_media":11398,"template":"","meta":{"_acf_changed":false},"ubicazione_acf":[],"product_brand":[649],"product_cat":[411],"false":[748],"proprietario":[],"class_list":{"0":"post-11373","1":"product","2":"type-product","3":"status-publish","4":"has-post-thumbnail","6":"product_brand-kobelco","7":"product_cat-miniexcavadoras","8":"product_tag-es","9":"pa_brand-kobelco","11":"first","12":"instock","13":"sale","14":"sold-individually","15":"shipping-taxable","16":"purchasable","17":"product-type-simple"},"acf":[],"_links":{"self":[{"href":"https:\/\/www.damac.it\/es\/wp-json\/wp\/v2\/product\/11373","targetHints":{"allow":["GET"]}}],"collection":[{"href":"https:\/\/www.damac.it\/es\/wp-json\/wp\/v2\/product"}],"about":[{"href":"https:\/\/www.damac.it\/es\/wp-json\/wp\/v2\/types\/product"}],"wp:featuredmedia":[{"embeddable":true,"href":"https:\/\/www.damac.it\/es\/wp-json\/wp\/v2\/media\/11398"}],"wp:attachment":[{"href":"https:\/\/www.damac.it\/es\/wp-json\/wp\/v2\/media?parent=11373"}],"wp:term":[{"taxonomy":"ubicazione_acf","embeddable":true,"href":"https:\/\/www.damac.it\/es\/wp-json\/wp\/v2\/ubicazione_acf?post=11373"},{"taxonomy":"product_brand","embeddable":true,"href":"https:\/\/www.damac.it\/es\/wp-json\/wp\/v2\/product_brand?post=11373"},{"taxonomy":"product_cat","embeddable":true,"href":"https:\/\/www.damac.it\/es\/wp-json\/wp\/v2\/product_cat?post=11373"},{"taxonomy":"product_tag","embeddable":true,"href":"https:\/\/www.damac.it\/es\/wp-json\/wp\/v2\/false?post=11373"},{"taxonomy":"proprietario","embeddable":true,"href":"https:\/\/www.damac.it\/es\/wp-json\/wp\/v2\/proprietario?post=11373"}],"curies":[{"name":"wp","href":"https:\/\/api.w.org\/{rel}","templated":true}]}}