{"id":11893,"date":"2025-10-06T07:49:25","date_gmt":"2025-10-06T07:49:25","guid":{"rendered":"https:\/\/www.damac.it\/sin%20categor\u00eda\/utex-1-3\/"},"modified":"2025-10-08T14:26:21","modified_gmt":"2025-10-08T14:26:21","slug":"utex-1-3","status":"publish","type":"product","link":"https:\/\/www.damac.it\/es\/miniexcavadoras\/utex-1-3-foggia\/","title":{"rendered":"UTEX 1.3"},"content":{"rendered":"\n<p>La <strong>miniexcavadora UTEX 1.3<\/strong> <strong>de 1997<\/strong> es una m\u00e1quina compacta y fiable con un <strong>peso operativo de 1.300 kg<\/strong> y <strong>4.000 horas de trabajo<\/strong>.<\/p>\n\n<p>Tiene <strong>cabina abierta<\/strong>, <strong>tren de rodaje fijo<\/strong> con <strong>pluma monol\u00edtica<\/strong>, <strong>orugas de goma<\/strong> al 50% y <strong>pala frontal<\/strong> para nivelaci\u00f3n y acabado. Ya est\u00e1 equipada con un <strong>sistema de martillo hidr\u00e1ulico<\/strong> y se suministra con una <strong>cuchara de excavaci\u00f3n<\/strong>. <\/p>\n\n<p>M\u00e1quina <strong>con certificado CE<\/strong>, pr\u00e1ctica de transportar e ideal para obras peque\u00f1as, reformas y trabajos de excavaci\u00f3n en espacios reducidos.<\/p>\n","protected":false},"excerpt":{"rendered":"<p class=\"p1\">Miniexcavadora UTEX 1.3 de 1997, 1.300 kg de peso operativo y 4.000 horas de trabajo. Cabina abierta, orugas de goma al 50%, pala frontal, sistema de martillo hidr\u00e1ulico y cuchara excavadora. Certificado CE.  <\/p>\n","protected":false},"featured_media":11928,"template":"","meta":{"_acf_changed":false},"ubicazione_acf":[],"product_brand":[661],"product_cat":[411],"false":[748],"proprietario":[],"class_list":{"0":"post-11893","1":"product","2":"type-product","3":"status-publish","4":"has-post-thumbnail","6":"product_brand-utex","7":"product_cat-miniexcavadoras","8":"product_tag-es","9":"pa_brand-utex","11":"first","12":"outofstock","13":"sale","14":"sold-individually","15":"shipping-taxable","16":"purchasable","17":"product-type-simple"},"acf":[],"_links":{"self":[{"href":"https:\/\/www.damac.it\/es\/wp-json\/wp\/v2\/product\/11893","targetHints":{"allow":["GET"]}}],"collection":[{"href":"https:\/\/www.damac.it\/es\/wp-json\/wp\/v2\/product"}],"about":[{"href":"https:\/\/www.damac.it\/es\/wp-json\/wp\/v2\/types\/product"}],"wp:featuredmedia":[{"embeddable":true,"href":"https:\/\/www.damac.it\/es\/wp-json\/wp\/v2\/media\/11928"}],"wp:attachment":[{"href":"https:\/\/www.damac.it\/es\/wp-json\/wp\/v2\/media?parent=11893"}],"wp:term":[{"taxonomy":"ubicazione_acf","embeddable":true,"href":"https:\/\/www.damac.it\/es\/wp-json\/wp\/v2\/ubicazione_acf?post=11893"},{"taxonomy":"product_brand","embeddable":true,"href":"https:\/\/www.damac.it\/es\/wp-json\/wp\/v2\/product_brand?post=11893"},{"taxonomy":"product_cat","embeddable":true,"href":"https:\/\/www.damac.it\/es\/wp-json\/wp\/v2\/product_cat?post=11893"},{"taxonomy":"product_tag","embeddable":true,"href":"https:\/\/www.damac.it\/es\/wp-json\/wp\/v2\/false?post=11893"},{"taxonomy":"proprietario","embeddable":true,"href":"https:\/\/www.damac.it\/es\/wp-json\/wp\/v2\/proprietario?post=11893"}],"curies":[{"name":"wp","href":"https:\/\/api.w.org\/{rel}","templated":true}]}}