{"id":12011,"date":"2025-10-06T08:12:53","date_gmt":"2025-10-06T08:12:53","guid":{"rendered":"https:\/\/www.damac.it\/sin%20categor\u00eda\/caterpillar-248-per-ricambi\/"},"modified":"2025-12-19T09:48:13","modified_gmt":"2025-12-19T09:48:13","slug":"caterpillar-248-per-ricambi","status":"publish","type":"product","link":"https:\/\/www.damac.it\/es\/minicargadoras\/caterpillar-248-per-ricambi-foggia\/","title":{"rendered":"CATERPILLAR 248 PARA PIEZAS DE RECAMBIO"},"content":{"rendered":"\n<p>La minicargadora <strong>CATERPILLAR 248<\/strong> <strong>de 2002<\/strong> es una minicargadora compacta con un <strong>peso operativo de 3.490<\/strong> kg, que se ofrece <strong>para piezas de recambio<\/strong>. La m\u00e1quina tiene una <strong>cabina abierta<\/strong> y un <strong>sistema de martillo hidr\u00e1ulico<\/strong>, pero no tiene motor. <\/p>\n\n<p>Esta soluci\u00f3n es adecuada para quienes necesitan <strong>componentes originales CATERPILLAR<\/strong> para trabajos de mantenimiento o reparaci\u00f3n de m\u00e1quinas similares. La m\u00e1quina <strong>tiene la certificaci\u00f3n CE<\/strong> y est\u00e1 disponible en nuestra planta <strong>de Foggia<\/strong>. <\/p>\n\n<p>Una excelente oportunidad para talleres, concesionarios y empresas que deseen recuperar piezas de recambio fiables de una instalaci\u00f3n original de Caterpillar.<\/p>\n","protected":false},"excerpt":{"rendered":"<p>Cargadora de ruedas Caterpillar 248 de 2002, peso operativo 3.490 kg, se vende por piezas de repuesto. Cabina abierta, sistema de martillo hidr\u00e1ulico, m\u00e1quina certificada CE. Motor no presente.  <\/p>\n","protected":false},"featured_media":12019,"template":"","meta":{"_acf_changed":false},"ubicazione_acf":[],"product_brand":[855],"product_cat":[424],"false":[748],"proprietario":[],"class_list":{"0":"post-12011","1":"product","2":"type-product","3":"status-publish","4":"has-post-thumbnail","6":"product_brand-caterpillar","7":"product_cat-minicargadoras","8":"product_tag-es","9":"pa_brand-caterpillar","11":"first","12":"outofstock","13":"sold-individually","14":"shipping-taxable","15":"purchasable","16":"product-type-simple"},"acf":[],"_links":{"self":[{"href":"https:\/\/www.damac.it\/es\/wp-json\/wp\/v2\/product\/12011","targetHints":{"allow":["GET"]}}],"collection":[{"href":"https:\/\/www.damac.it\/es\/wp-json\/wp\/v2\/product"}],"about":[{"href":"https:\/\/www.damac.it\/es\/wp-json\/wp\/v2\/types\/product"}],"wp:featuredmedia":[{"embeddable":true,"href":"https:\/\/www.damac.it\/es\/wp-json\/wp\/v2\/media\/12019"}],"wp:attachment":[{"href":"https:\/\/www.damac.it\/es\/wp-json\/wp\/v2\/media?parent=12011"}],"wp:term":[{"taxonomy":"ubicazione_acf","embeddable":true,"href":"https:\/\/www.damac.it\/es\/wp-json\/wp\/v2\/ubicazione_acf?post=12011"},{"taxonomy":"product_brand","embeddable":true,"href":"https:\/\/www.damac.it\/es\/wp-json\/wp\/v2\/product_brand?post=12011"},{"taxonomy":"product_cat","embeddable":true,"href":"https:\/\/www.damac.it\/es\/wp-json\/wp\/v2\/product_cat?post=12011"},{"taxonomy":"product_tag","embeddable":true,"href":"https:\/\/www.damac.it\/es\/wp-json\/wp\/v2\/false?post=12011"},{"taxonomy":"proprietario","embeddable":true,"href":"https:\/\/www.damac.it\/es\/wp-json\/wp\/v2\/proprietario?post=12011"}],"curies":[{"name":"wp","href":"https:\/\/api.w.org\/{rel}","templated":true}]}}