{"id":12075,"date":"2025-10-06T12:41:35","date_gmt":"2025-10-06T12:41:35","guid":{"rendered":"https:\/\/www.damac.it\/sin%20categor\u00eda\/fiat-kobelco-e305\/"},"modified":"2026-04-08T07:50:21","modified_gmt":"2026-04-08T07:50:21","slug":"fiat-kobelco-e305","status":"publish","type":"product","link":"https:\/\/www.damac.it\/es\/excavadoras-de-cadenas\/fiat-kobelco-e305-pescara\/","title":{"rendered":"FIAT KOBELCO E305"},"content":{"rendered":"\n<p>La <strong><a href=\"https:\/\/www.damac.it\/es\/excavadoras-de-cadenas\/\">excavadora de cadenas<\/a> FIAT KOBELCO E305<\/strong>, a\u00f1o <strong>2003<\/strong>, es una m\u00e1quina robusta y fiable con <strong>peso operativo de 31.600 kg<\/strong> y <strong>8.000 horas de trabajo<\/strong>. Dise\u00f1ada para trabajos de excavaci\u00f3n exigentes y movimiento de tierras en grandes obras, ofrece altas prestaciones y gran estabilidad gracias a su estructura s\u00f3lida y a las <strong>cadenas de hierro<\/strong> con un desgaste del 60 %. <\/p>\n\n<p>La cabina \u00e8\u00a0<strong>chiusa e climatizzata<\/strong>, garantendo comfort anche in condizioni di lavoro gravose. Il modello \u00e8 dotato di\u00a0<strong>braccio a tre pezzi<\/strong>,\u00a0<strong>doppia velocit\u00e0 di traslazione<\/strong>\u00a0e\u00a0<strong>impianto martello idraulico<\/strong>, risultando versatile per diverse applicazioni. \u00c8 fornito con\u00a0<strong><a href=\"https:\/\/www.damac.it\/es\/accesorios\/\">benna<\/a> da scavo<\/strong>\u00a0e dispone di\u00a0<strong>certificazione CE<\/strong>\u00a0e\u00a0<strong>scheda tecnica completa<\/strong>.<\/p>\n\n<p>Una opci\u00f3n ideal para empresas de construcci\u00f3n, excavaci\u00f3n y movimiento de tierras que buscan una <strong>excavadora usada grande<\/strong>, fiable y lista para trabajar.<\/p>\n","protected":false},"excerpt":{"rendered":"<p class=\"p1\">Excavadora de cadenas FIAT KOBELCO E305 de 2003, peso operativo 31.600 kg y 8.000 horas de trabajo. Cabina cerrada con aire acondicionado, pluma triple, orugas de hierro al 60%, doble velocidad, sistema de martillo hidr\u00e1ulico y cuchara excavadora incluidos. Certificado CE.  <\/p>\n","protected":false},"featured_media":12097,"template":"","meta":{"_acf_changed":false},"ubicazione_acf":[],"product_brand":[641],"product_cat":[434],"false":[748],"proprietario":[],"class_list":{"0":"post-12075","1":"product","2":"type-product","3":"status-publish","4":"has-post-thumbnail","6":"product_brand-fiat-kobelco","7":"product_cat-excavadoras-de-cadenas","8":"product_tag-es","9":"pa_brand-fiat-kobelco","11":"first","12":"instock","13":"sold-individually","14":"shipping-taxable","15":"purchasable","16":"product-type-simple"},"acf":[],"_links":{"self":[{"href":"https:\/\/www.damac.it\/es\/wp-json\/wp\/v2\/product\/12075","targetHints":{"allow":["GET"]}}],"collection":[{"href":"https:\/\/www.damac.it\/es\/wp-json\/wp\/v2\/product"}],"about":[{"href":"https:\/\/www.damac.it\/es\/wp-json\/wp\/v2\/types\/product"}],"wp:featuredmedia":[{"embeddable":true,"href":"https:\/\/www.damac.it\/es\/wp-json\/wp\/v2\/media\/12097"}],"wp:attachment":[{"href":"https:\/\/www.damac.it\/es\/wp-json\/wp\/v2\/media?parent=12075"}],"wp:term":[{"taxonomy":"ubicazione_acf","embeddable":true,"href":"https:\/\/www.damac.it\/es\/wp-json\/wp\/v2\/ubicazione_acf?post=12075"},{"taxonomy":"product_brand","embeddable":true,"href":"https:\/\/www.damac.it\/es\/wp-json\/wp\/v2\/product_brand?post=12075"},{"taxonomy":"product_cat","embeddable":true,"href":"https:\/\/www.damac.it\/es\/wp-json\/wp\/v2\/product_cat?post=12075"},{"taxonomy":"product_tag","embeddable":true,"href":"https:\/\/www.damac.it\/es\/wp-json\/wp\/v2\/false?post=12075"},{"taxonomy":"proprietario","embeddable":true,"href":"https:\/\/www.damac.it\/es\/wp-json\/wp\/v2\/proprietario?post=12075"}],"curies":[{"name":"wp","href":"https:\/\/api.w.org\/{rel}","templated":true}]}}