{"id":12271,"date":"2025-10-06T15:54:17","date_gmt":"2025-10-06T15:54:17","guid":{"rendered":"https:\/\/www.damac.it\/sin%20categor\u00eda\/wacker-neuson-e08-01\/"},"modified":"2026-04-08T07:51:35","modified_gmt":"2026-04-08T07:51:35","slug":"wacker-neuson-e08-01","status":"publish","type":"product","link":"https:\/\/www.damac.it\/es\/miniexcavadoras\/wacker-neuson-e08-01-anguillara-sabazia\/","title":{"rendered":"WACKER NEUSON E08-01"},"content":{"rendered":"\n<p>La <strong>Wacker Neuson E08-01<\/strong> es una <strong><a href=\"https:\/\/www.damac.it\/es\/miniexcavadoras\/\">miniexcavadora<\/a> compacta de 1,1 toneladas<\/strong>, ideal para trabajos en espacios reducidos gracias a su <strong>giro de voladizo cero<\/strong> y al <strong>tren de rodaje variable<\/strong> que garantiza estabilidad y maniobrabilidad incluso en las obras m\u00e1s estrechas.<\/p>\n\n<p>Esta m\u00e1quina <strong>usada de 2012<\/strong> tiene <strong>1.363 horas de trabajo<\/strong> y est\u00e1 equipada con un <strong>motor Yanmar 3TNV70-VNS de 9,6 kW<\/strong>, orugas de goma (40% de desgaste), <strong>cuchilla delantera<\/strong>, <strong>sistema de martillos<\/strong> y una <strong>cuchara excavadora incluida.<\/strong><\/p>\n\n<p>Con certificaci\u00f3n CE y lista para usar, es una soluci\u00f3n fiable para empresas de construcci\u00f3n, obras de reforma y excavaciones ligeras.<\/p>\n\n<div class=\"wp-block-webfactory-map\"><div class=\"wp-block-webfactory-map\"><iframe title=\"Mapa\" width=\"100%\" height=\"380px\" src=\"https:\/\/www.google.com\/maps\/embed\/v1\/place?q=anguillara%20sabazia&amp;maptype=roadmap&amp;zoom=7&amp;key=AIzaSyCbpj9Ji_jwudUhfVpTXiPB79zpZZSDW8c\" frameborder=\"0\"><\/iframe><\/div><\/div>\n","protected":false},"excerpt":{"rendered":"<p class=\"p1\">Miniexcavadora <span class=\"s1\"><b>Wacker Neuson E08-01<\/b><\/span> de 2012, 1.100 kg, 1.363 horas, tren de rodaje variable, cuchilla delantera y sistema de martillo. Buen estado. <\/p>\n","protected":false},"featured_media":22110,"template":"","meta":{"_acf_changed":false},"ubicazione_acf":[],"product_brand":[675],"product_cat":[411],"false":[748],"proprietario":[],"class_list":{"0":"post-12271","1":"product","2":"type-product","3":"status-publish","4":"has-post-thumbnail","6":"product_brand-wacker-neuson","7":"product_cat-miniexcavadoras","8":"product_tag-es","9":"pa_brand-wacker-neuson","11":"first","12":"instock","13":"sale","14":"sold-individually","15":"shipping-taxable","16":"purchasable","17":"product-type-simple"},"acf":[],"_links":{"self":[{"href":"https:\/\/www.damac.it\/es\/wp-json\/wp\/v2\/product\/12271","targetHints":{"allow":["GET"]}}],"collection":[{"href":"https:\/\/www.damac.it\/es\/wp-json\/wp\/v2\/product"}],"about":[{"href":"https:\/\/www.damac.it\/es\/wp-json\/wp\/v2\/types\/product"}],"wp:featuredmedia":[{"embeddable":true,"href":"https:\/\/www.damac.it\/es\/wp-json\/wp\/v2\/media\/22110"}],"wp:attachment":[{"href":"https:\/\/www.damac.it\/es\/wp-json\/wp\/v2\/media?parent=12271"}],"wp:term":[{"taxonomy":"ubicazione_acf","embeddable":true,"href":"https:\/\/www.damac.it\/es\/wp-json\/wp\/v2\/ubicazione_acf?post=12271"},{"taxonomy":"product_brand","embeddable":true,"href":"https:\/\/www.damac.it\/es\/wp-json\/wp\/v2\/product_brand?post=12271"},{"taxonomy":"product_cat","embeddable":true,"href":"https:\/\/www.damac.it\/es\/wp-json\/wp\/v2\/product_cat?post=12271"},{"taxonomy":"product_tag","embeddable":true,"href":"https:\/\/www.damac.it\/es\/wp-json\/wp\/v2\/false?post=12271"},{"taxonomy":"proprietario","embeddable":true,"href":"https:\/\/www.damac.it\/es\/wp-json\/wp\/v2\/proprietario?post=12271"}],"curies":[{"name":"wp","href":"https:\/\/api.w.org\/{rel}","templated":true}]}}