{"id":12364,"date":"2025-10-06T16:05:08","date_gmt":"2025-10-06T16:05:08","guid":{"rendered":"https:\/\/www.damac.it\/sin%20categor\u00eda\/bobcat-s70\/"},"modified":"2026-04-03T07:09:51","modified_gmt":"2026-04-03T07:09:51","slug":"bobcat-s70","status":"publish","type":"product","link":"https:\/\/www.damac.it\/es\/minicargadoras\/bobcat-s70-anguillara-sabazia\/","title":{"rendered":"BOBCAT 463"},"content":{"rendered":"\n<p>La <strong>Bobcat S70<\/strong>, o m\u00e1s com\u00fanmente BOBCAT 463, es una <strong><a href=\"https:\/\/www.damac.it\/es\/minicargadoras\/\">minicargadora<\/a> de ruedas compacta<\/strong> perfecta para trabajos en espacios reducidos gracias a sus dimensiones reducidas (<strong>2640 \u00d7 1200 \u00d7 1840 mm<\/strong>) y a su peso operativo de solo <strong>1.300 kg<\/strong>.<\/p>\n\n<p>Este modelo <strong>usado de 2003<\/strong> tiene <strong>1.444 horas de trabajo<\/strong> y est\u00e1 equipado con un <strong>motor Kubota de 16,8 kW<\/strong>, cabina abierta y <strong>cuchara de carga incluida<\/strong>. Es ideal para la manipulaci\u00f3n de materiales, peque\u00f1os trabajos de construcci\u00f3n, renovaci\u00f3n y mantenimiento urbano.<\/p>\n\n<p>M\u00e1quina con certificado CE, lista para su uso y disponible en <strong>Anguillara Sabazia (RM)<\/strong>.<\/p>\n\n<div class=\"wp-block-webfactory-map\"><div class=\"wp-block-webfactory-map\"><iframe title=\"Mapa\" width=\"100%\" height=\"380px\" src=\"https:\/\/www.google.com\/maps\/embed\/v1\/place?q=anguillara%20sabazia&amp;maptype=roadmap&amp;zoom=7&amp;key=AIzaSyCbpj9Ji_jwudUhfVpTXiPB79zpZZSDW8c\" frameborder=\"0\"><\/iframe><\/div><\/div>\n","protected":false},"excerpt":{"rendered":"<p>Cargadora de ruedas Bobcat 463 de 2003, 1.230 kg, 1.444 horas, cabina abierta y cuchara de carga incluidas. Buen estado. <\/p>\n","protected":false},"featured_media":12365,"template":"","meta":{"_acf_changed":false},"ubicazione_acf":[],"product_brand":[665],"product_cat":[424],"false":[748],"proprietario":[],"class_list":{"0":"post-12364","1":"product","2":"type-product","3":"status-publish","4":"has-post-thumbnail","6":"product_brand-bobcat","7":"product_cat-minicargadoras","8":"product_tag-es","9":"pa_brand-bobcat","11":"first","12":"outofstock","13":"sold-individually","14":"shipping-taxable","15":"purchasable","16":"product-type-simple"},"acf":[],"_links":{"self":[{"href":"https:\/\/www.damac.it\/es\/wp-json\/wp\/v2\/product\/12364","targetHints":{"allow":["GET"]}}],"collection":[{"href":"https:\/\/www.damac.it\/es\/wp-json\/wp\/v2\/product"}],"about":[{"href":"https:\/\/www.damac.it\/es\/wp-json\/wp\/v2\/types\/product"}],"wp:featuredmedia":[{"embeddable":true,"href":"https:\/\/www.damac.it\/es\/wp-json\/wp\/v2\/media\/12365"}],"wp:attachment":[{"href":"https:\/\/www.damac.it\/es\/wp-json\/wp\/v2\/media?parent=12364"}],"wp:term":[{"taxonomy":"ubicazione_acf","embeddable":true,"href":"https:\/\/www.damac.it\/es\/wp-json\/wp\/v2\/ubicazione_acf?post=12364"},{"taxonomy":"product_brand","embeddable":true,"href":"https:\/\/www.damac.it\/es\/wp-json\/wp\/v2\/product_brand?post=12364"},{"taxonomy":"product_cat","embeddable":true,"href":"https:\/\/www.damac.it\/es\/wp-json\/wp\/v2\/product_cat?post=12364"},{"taxonomy":"product_tag","embeddable":true,"href":"https:\/\/www.damac.it\/es\/wp-json\/wp\/v2\/false?post=12364"},{"taxonomy":"proprietario","embeddable":true,"href":"https:\/\/www.damac.it\/es\/wp-json\/wp\/v2\/proprietario?post=12364"}],"curies":[{"name":"wp","href":"https:\/\/api.w.org\/{rel}","templated":true}]}}