{"id":12790,"date":"2025-10-07T08:49:02","date_gmt":"2025-10-07T08:49:02","guid":{"rendered":"https:\/\/www.damac.it\/sin%20categor\u00eda\/turchi-300f-2\/"},"modified":"2026-04-13T10:02:00","modified_gmt":"2026-04-13T10:02:00","slug":"turchi-300f-2","status":"publish","type":"product","link":"https:\/\/www.damac.it\/es\/martillos-hincapostes-hidraulicos\/turchi-300f-2-roma\/","title":{"rendered":"TURCHI 300F"},"content":{"rendered":"\n<p>El <strong><a href=\"https:\/\/www.damac.it\/es\/battipalo-turchi-300f\/\">Turchi 300F<\/a><\/strong> es un <strong>hincapostes hidr\u00e1ulico autopropulsado<\/strong> dise\u00f1ado para el hincado r\u00e1pido y preciso de postes destinados a instalaciones fotovoltaicas, barreras viales y estructuras sobre terreno. Altura de la pila hasta 4,5 metros.<\/p>\n\n<p>Gracias a sus <strong>orugas 100% de goma<\/strong>, su peso operativo de 4.500 kg y sus dimensiones compactas (2,1 m de longitud, 2,35 m de anchura y 2,67 m de altura), la m\u00e1quina ofrece <strong>estabilidad y maniobrabilidad<\/strong> incluso en obras dif\u00edciles o con poco espacio.<\/p>\n\n<p>Est\u00e1 equipada con un <strong>motor Hyundai de 3 cilindros y 45 kW<\/strong>, un sistema hidr\u00e1ulico de alto rendimiento y un <strong>martillo Indeco con una potencia de impacto de hasta 950 julios<\/strong>, ideal para postes fotovoltaicos y estructuras ligeras.<\/p>\n\n<p>La <strong>columna ajustable<\/strong> permite inclinaciones frontales de hasta -51\u00b0 e inclinaciones laterales de \u00b19,5\u00b0, garantizando precisi\u00f3n y verticalidad incluso en terrenos irregulares.<\/p>\n\n<p>Este modelo viene con <strong>GPS integrado<\/strong>, <strong>extractor mec\u00e1nico<\/strong> y <strong>martillo hidr\u00e1ulico Indeco<\/strong>, as\u00ed como certificaci\u00f3n CE, manual de usuario y ficha t\u00e9cnica completa.<\/p>\n\n<p>La combinaci\u00f3n de <strong>potencia, compacidad y accesorios profesionales<\/strong> hace de la Turchi 300F una soluci\u00f3n perfecta para las empresas que quieren reducir los tiempos de preparaci\u00f3n y trabajar con la m\u00e1xima eficacia y seguridad.<\/p>\n","protected":false},"excerpt":{"rendered":"<p>Martillo pil\u00f3n hidr\u00e1ulico autopropulsado Turchi 300F, ideal para sistemas fotovoltaicos y vallas. Altura de hincado de pilotes de hasta 4,5 metros.<br \/>Motor Hyundai de 45 kW, martillo Indeco de 950 julios, GPS integrado e inclinaci\u00f3n de la columna hasta -51\u00b0.<br \/>Compacta, precisa y potente, con un peso operativo de 4.500 kg y orugas 100% de goma. <\/p>\n","protected":false},"featured_media":12807,"template":"","meta":{"_acf_changed":false},"ubicazione_acf":[],"product_brand":[598],"product_cat":[417],"false":[748],"proprietario":[],"class_list":{"0":"post-12790","1":"product","2":"type-product","3":"status-publish","4":"has-post-thumbnail","6":"product_brand-turchi","7":"product_cat-martillos-hincapostes-hidraulicos","8":"product_tag-es","9":"pa_brand-turchi","11":"first","12":"instock","13":"sold-individually","14":"shipping-taxable","15":"product-type-simple"},"acf":[],"_links":{"self":[{"href":"https:\/\/www.damac.it\/es\/wp-json\/wp\/v2\/product\/12790","targetHints":{"allow":["GET"]}}],"collection":[{"href":"https:\/\/www.damac.it\/es\/wp-json\/wp\/v2\/product"}],"about":[{"href":"https:\/\/www.damac.it\/es\/wp-json\/wp\/v2\/types\/product"}],"wp:featuredmedia":[{"embeddable":true,"href":"https:\/\/www.damac.it\/es\/wp-json\/wp\/v2\/media\/12807"}],"wp:attachment":[{"href":"https:\/\/www.damac.it\/es\/wp-json\/wp\/v2\/media?parent=12790"}],"wp:term":[{"taxonomy":"ubicazione_acf","embeddable":true,"href":"https:\/\/www.damac.it\/es\/wp-json\/wp\/v2\/ubicazione_acf?post=12790"},{"taxonomy":"product_brand","embeddable":true,"href":"https:\/\/www.damac.it\/es\/wp-json\/wp\/v2\/product_brand?post=12790"},{"taxonomy":"product_cat","embeddable":true,"href":"https:\/\/www.damac.it\/es\/wp-json\/wp\/v2\/product_cat?post=12790"},{"taxonomy":"product_tag","embeddable":true,"href":"https:\/\/www.damac.it\/es\/wp-json\/wp\/v2\/false?post=12790"},{"taxonomy":"proprietario","embeddable":true,"href":"https:\/\/www.damac.it\/es\/wp-json\/wp\/v2\/proprietario?post=12790"}],"curies":[{"name":"wp","href":"https:\/\/api.w.org\/{rel}","templated":true}]}}