{"id":13523,"date":"2025-10-09T13:35:08","date_gmt":"2025-10-09T13:35:08","guid":{"rendered":"https:\/\/www.damac.it\/sin%20categor\u00eda\/fiat-kobelco-fb100\/"},"modified":"2026-04-08T07:56:15","modified_gmt":"2026-04-08T07:56:15","slug":"fiat-kobelco-fb100","status":"publish","type":"product","link":"https:\/\/www.damac.it\/es\/retrocargadoras\/fiat-kobelco-fb100-foggia\/","title":{"rendered":"FIAT KOBELCO FB100"},"content":{"rendered":"\n<p>Fiable y robusta, esta <strong>Fiat Kobelco FB100 de 2004<\/strong> es una m\u00e1quina perfecta para trabajos de movimiento de tierras, excavaci\u00f3n y mantenimiento de carreteras. Con <strong>6.000 horas de trabajo<\/strong>, est\u00e1 en buen estado general y lista para su uso inmediato en la obra. <\/p>\n\n<p>\u00c8 dotata di\u00a0<strong>cabina chiusa<\/strong>, confortevole e con un\u2019ottima visibilit\u00e0, che assicura protezione e comodit\u00e0 all\u2019operatore. Davanti monta una\u00a0<strong><a href=\"https:\/\/www.damac.it\/accessori\/\">benna<\/a> mordente<\/strong>, ideale per il carico e la movimentazione di materiali, mentre posteriormente \u00e8 equipaggiata con\u00a0<strong>braccio standard<\/strong>,\u00a0<strong>impianto martello<\/strong>\u00a0e\u00a0<strong>benna da scavo<\/strong>, caratteristiche che ne aumentano la versatilit\u00e0 in diversi contesti operativi.<\/p>\n\n<p>Las dimensiones totales de la m\u00e1quina son <strong>5720 mm de largo<\/strong>, <strong>2430 mm de ancho<\/strong> y <strong>3890 mm de alto<\/strong>, para un peso operativo de aproximadamente <strong>8360 kg<\/strong>, lo que la hace estable, equilibrada y f\u00e1cil de manejar incluso en los terrenos m\u00e1s dif\u00edciles.<\/p>\n\n<p>Gracias a la fiabilidad de la marca <strong>Fiat Kobelco<\/strong>, esta <a href=\"https:\/\/www.damac.it\/es\/retrocargadoras\/\">retroexcavadora<\/a> representa una soluci\u00f3n s\u00f3lida y funcional para quien busca una m\u00e1quina completa y lista para usar.<\/p>\n\n<p><\/p>\n","protected":false},"excerpt":{"rendered":"<p>Retroexcavadora r\u00edgida Fiat Kobelco FB100 de 2004, con 6.000 horas de trabajo, cabina cerrada, sistema de martillo hidr\u00e1ulico, cuchara bivalva delantera y cuchara excavadora trasera.<br \/>M\u00e1quina con certificado CE, en buen estado general y disponible en Foggia, lista para trabajar en la obra.<\/p>\n","protected":false},"featured_media":13524,"template":"","meta":{"_acf_changed":false},"ubicazione_acf":[],"product_brand":[641],"product_cat":[408],"false":[748],"proprietario":[],"class_list":{"0":"post-13523","1":"product","2":"type-product","3":"status-publish","4":"has-post-thumbnail","6":"product_brand-fiat-kobelco","7":"product_cat-retrocargadoras","8":"product_tag-es","9":"pa_brand-fiat-kobelco","11":"first","12":"instock","13":"sold-individually","14":"shipping-taxable","15":"purchasable","16":"product-type-simple"},"acf":[],"_links":{"self":[{"href":"https:\/\/www.damac.it\/es\/wp-json\/wp\/v2\/product\/13523","targetHints":{"allow":["GET"]}}],"collection":[{"href":"https:\/\/www.damac.it\/es\/wp-json\/wp\/v2\/product"}],"about":[{"href":"https:\/\/www.damac.it\/es\/wp-json\/wp\/v2\/types\/product"}],"wp:featuredmedia":[{"embeddable":true,"href":"https:\/\/www.damac.it\/es\/wp-json\/wp\/v2\/media\/13524"}],"wp:attachment":[{"href":"https:\/\/www.damac.it\/es\/wp-json\/wp\/v2\/media?parent=13523"}],"wp:term":[{"taxonomy":"ubicazione_acf","embeddable":true,"href":"https:\/\/www.damac.it\/es\/wp-json\/wp\/v2\/ubicazione_acf?post=13523"},{"taxonomy":"product_brand","embeddable":true,"href":"https:\/\/www.damac.it\/es\/wp-json\/wp\/v2\/product_brand?post=13523"},{"taxonomy":"product_cat","embeddable":true,"href":"https:\/\/www.damac.it\/es\/wp-json\/wp\/v2\/product_cat?post=13523"},{"taxonomy":"product_tag","embeddable":true,"href":"https:\/\/www.damac.it\/es\/wp-json\/wp\/v2\/false?post=13523"},{"taxonomy":"proprietario","embeddable":true,"href":"https:\/\/www.damac.it\/es\/wp-json\/wp\/v2\/proprietario?post=13523"}],"curies":[{"name":"wp","href":"https:\/\/api.w.org\/{rel}","templated":true}]}}