{"id":13608,"date":"2025-10-10T08:07:35","date_gmt":"2025-10-10T08:07:35","guid":{"rendered":"https:\/\/www.damac.it\/sin%20categor\u00eda\/case-321f\/"},"modified":"2026-04-08T07:57:01","modified_gmt":"2026-04-08T07:57:01","slug":"case-321f","status":"publish","type":"product","link":"https:\/\/www.damac.it\/es\/cargadoras-de-ruedas\/case-321f-roma\/","title":{"rendered":"CASO 321F"},"content":{"rendered":"\n<p>La <strong>CASE 321F<\/strong> de <strong>2019<\/strong> es una <strong><a href=\"https:\/\/www.damac.it\/es\/cargadoras-de-ruedas\/\">pala cargadora<\/a> compacta y potente<\/strong>, dise\u00f1ada para garantizar eficiencia, confort y alto rendimiento en cualquier condici\u00f3n de trabajo.<\/p>\n\n<p>Con un peso operativo de <strong>6.100 kg<\/strong> y s\u00f3lo <strong>1.000 horas de uso<\/strong>, esta m\u00e1quina usada est\u00e1 en <strong>excelentes condiciones<\/strong>, lista para trabajar sin necesidad de intervenci\u00f3n alguna.<\/p>\n\n<p>Equipada con una <strong>cabina cerrada con aire acondicionado<\/strong>, ofrece al operador un entorno de trabajo c\u00f3modo y protegido, ideal para un uso intensivo en la construcci\u00f3n, la agricultura o el mantenimiento de carreteras.<\/p>\n\n<p>La <strong><a href=\"https:\/\/www.damac.it\/accessori\/\">benna<\/a> mordente 4&#215;1<\/strong> e l\u2019<strong>attacco rapido idraulico<\/strong> rendono la 321F estremamente versatile: pu\u00f2 passare rapidamente da operazioni di carico a livellamento o movimentazione materiali.<\/p>\n\n<p>El motor <strong>de 55 kW<\/strong> garantiza una excelente potencia con un bajo consumo de combustible, mientras que los <strong>neum\u00e1ticos del 80%<\/strong> y la <strong>certificaci\u00f3n CE<\/strong> confirman su fiabilidad y el pleno cumplimiento de la normativa europea.<\/p>\n\n<p>Esta <strong>cargadora de ruedas CASE 321F<\/strong> es una soluci\u00f3n ideal para quien busque una m\u00e1quina moderna, segura y de alto rendimiento, con una excelente relaci\u00f3n entre calidad, eficacia y precio.<\/p>\n\n<p>Disponible<strong> en Roma<\/strong>, con posibilidad de <strong>transporte por toda Italia y asistencia a la exportaci\u00f3n internacional.<\/strong><\/p>\n\n<p><\/p>\n","protected":false},"excerpt":{"rendered":"<p>Cargadora de ruedas CASE 321F 2019, s\u00f3lo 1.000 horas de trabajo, cabina cerrada con aire acondicionado, enganche r\u00e1pido hidr\u00e1ulico y cuchara bivalva 4&#215;1.<br \/>M\u00e1quina certificada CE, en excelente estado, lista para usar y disponible en Roma.<\/p>\n","protected":false},"featured_media":13632,"template":"","meta":{"_acf_changed":false},"ubicazione_acf":[],"product_brand":[677],"product_cat":[516],"false":[748],"proprietario":[],"class_list":{"0":"post-13608","1":"product","2":"type-product","3":"status-publish","4":"has-post-thumbnail","6":"product_brand-case","7":"product_cat-cargadoras-de-ruedas","8":"product_tag-es","9":"pa_brand-case","11":"first","12":"instock","13":"sold-individually","14":"shipping-taxable","15":"purchasable","16":"product-type-simple"},"acf":[],"_links":{"self":[{"href":"https:\/\/www.damac.it\/es\/wp-json\/wp\/v2\/product\/13608","targetHints":{"allow":["GET"]}}],"collection":[{"href":"https:\/\/www.damac.it\/es\/wp-json\/wp\/v2\/product"}],"about":[{"href":"https:\/\/www.damac.it\/es\/wp-json\/wp\/v2\/types\/product"}],"wp:featuredmedia":[{"embeddable":true,"href":"https:\/\/www.damac.it\/es\/wp-json\/wp\/v2\/media\/13632"}],"wp:attachment":[{"href":"https:\/\/www.damac.it\/es\/wp-json\/wp\/v2\/media?parent=13608"}],"wp:term":[{"taxonomy":"ubicazione_acf","embeddable":true,"href":"https:\/\/www.damac.it\/es\/wp-json\/wp\/v2\/ubicazione_acf?post=13608"},{"taxonomy":"product_brand","embeddable":true,"href":"https:\/\/www.damac.it\/es\/wp-json\/wp\/v2\/product_brand?post=13608"},{"taxonomy":"product_cat","embeddable":true,"href":"https:\/\/www.damac.it\/es\/wp-json\/wp\/v2\/product_cat?post=13608"},{"taxonomy":"product_tag","embeddable":true,"href":"https:\/\/www.damac.it\/es\/wp-json\/wp\/v2\/false?post=13608"},{"taxonomy":"proprietario","embeddable":true,"href":"https:\/\/www.damac.it\/es\/wp-json\/wp\/v2\/proprietario?post=13608"}],"curies":[{"name":"wp","href":"https:\/\/api.w.org\/{rel}","templated":true}]}}