{"id":14719,"date":"2025-10-11T12:04:13","date_gmt":"2025-10-11T12:04:13","guid":{"rendered":"https:\/\/www.damac.it\/sin%20categor\u00eda\/bitelli-sf200l\/"},"modified":"2025-11-18T11:21:56","modified_gmt":"2025-11-18T11:21:56","slug":"bitelli-sf200l","status":"publish","type":"product","link":"https:\/\/www.damac.it\/es\/fresadoras-de-calzadas\/bitelli-sf200l-roma\/","title":{"rendered":"BITELLI SF200L"},"content":{"rendered":"\n<p>La <strong>Bitelli SF200L<\/strong> es una fresadora de calzadas robusta y fiable, ideal para obras viarias a gran escala. Matriculada en <g id=\"gid_1\">1997<\/g> y con <g id=\"gid_2\">4.725 horas de trabajo<\/g>, est\u00e1 en <g id=\"gid_3\">buen estado<\/g>, lista para acometer nuevas obras. Actualmente se encuentra en <strong>Roma<\/strong> y puede visitarse y probarse previa cita.  <\/p>\n\n<p>Equipada con una <strong>anchura de trabajo de 2.000 mm<\/strong> y una <strong>anchura total de 1.999 mm<\/strong>, esta m\u00e1quina ofrece una excelente capacidad operativa, garantizando eficacia y precisi\u00f3n en el mecanizado. El <strong>peso operativo<\/strong> es de <strong>28.700 kg<\/strong>, sin\u00f3nimo de estabilidad incluso en las operaciones de mecanizado m\u00e1s exigentes. <\/p>\n\n<p>El motor, un fiable <strong>Mercedes-Benz OM442 LA<\/strong>, entrega <strong>370 kW<\/strong> (unos <strong>503 CV<\/strong>), lo que garantiza un alto rendimiento incluso bajo carga. La m\u00e1quina est\u00e1 equipada con <strong>orugas de<\/strong> <strong>hierro<\/strong> y <strong>goma<\/strong>, con <strong>un estado residual del 60%<\/strong>, y puede alcanzar <strong>una velocidad m\u00e1xima de 4,5 km\/h.<\/strong> <\/p>\n\n<p>Todos los <strong>documentos esenciales<\/strong> est\u00e1n disponibles: certificaci\u00f3n CE, certificado de registro, manual de funcionamiento y mantenimiento, placa de caracter\u00edsticas y hoja de datos. Esto hace que la unidad est\u00e9 inmediatamente lista para su uso y cumpla la normativa vigente. <\/p>\n\n<p>Un veh\u00edculo dise\u00f1ado para quienes buscan <strong>potencia, fiabilidad y documentaci\u00f3n completa<\/strong> en uno.<\/p>\n\n<p><\/p>\n","protected":false},"excerpt":{"rendered":"<p>Fresadora de calzadas Bitelli SF200L de 1997 con 4.725 horas de trabajo.<br \/>Motor Mercedes-Benz OM442 LA Turbo Intercooler de 370 kW (503 CV), anchura de trabajo de 2.000 mm y profundidad de fresado de hasta 320 mm.<br \/>Peso operativo de 28.700 kg, en buen estado general y lista para usar.<br \/>Disponible en Roma, completa con certificaci\u00f3n CE y documentaci\u00f3n t\u00e9cnica original.<\/p>\n","protected":false},"featured_media":14720,"template":"","meta":{"_acf_changed":false},"ubicazione_acf":[],"product_brand":[681],"product_cat":[560],"false":[748],"proprietario":[],"class_list":{"0":"post-14719","1":"product","2":"type-product","3":"status-publish","4":"has-post-thumbnail","6":"product_brand-bitelli","7":"product_cat-fresadoras-de-calzadas","8":"product_tag-es","9":"pa_brand-bitelli","11":"first","12":"outofstock","13":"sold-individually","14":"shipping-taxable","15":"purchasable","16":"product-type-simple"},"acf":[],"_links":{"self":[{"href":"https:\/\/www.damac.it\/es\/wp-json\/wp\/v2\/product\/14719","targetHints":{"allow":["GET"]}}],"collection":[{"href":"https:\/\/www.damac.it\/es\/wp-json\/wp\/v2\/product"}],"about":[{"href":"https:\/\/www.damac.it\/es\/wp-json\/wp\/v2\/types\/product"}],"wp:featuredmedia":[{"embeddable":true,"href":"https:\/\/www.damac.it\/es\/wp-json\/wp\/v2\/media\/14720"}],"wp:attachment":[{"href":"https:\/\/www.damac.it\/es\/wp-json\/wp\/v2\/media?parent=14719"}],"wp:term":[{"taxonomy":"ubicazione_acf","embeddable":true,"href":"https:\/\/www.damac.it\/es\/wp-json\/wp\/v2\/ubicazione_acf?post=14719"},{"taxonomy":"product_brand","embeddable":true,"href":"https:\/\/www.damac.it\/es\/wp-json\/wp\/v2\/product_brand?post=14719"},{"taxonomy":"product_cat","embeddable":true,"href":"https:\/\/www.damac.it\/es\/wp-json\/wp\/v2\/product_cat?post=14719"},{"taxonomy":"product_tag","embeddable":true,"href":"https:\/\/www.damac.it\/es\/wp-json\/wp\/v2\/false?post=14719"},{"taxonomy":"proprietario","embeddable":true,"href":"https:\/\/www.damac.it\/es\/wp-json\/wp\/v2\/proprietario?post=14719"}],"curies":[{"name":"wp","href":"https:\/\/api.w.org\/{rel}","templated":true}]}}