{"id":15005,"date":"2025-10-13T13:35:00","date_gmt":"2025-10-13T13:35:00","guid":{"rendered":"https:\/\/www.damac.it\/sin%20categor\u00eda\/caterpillar-318b\/"},"modified":"2026-04-08T09:48:59","modified_gmt":"2026-04-08T09:48:59","slug":"caterpillar-318b","status":"publish","type":"product","link":"https:\/\/www.damac.it\/es\/excavadoras-de-cadenas\/caterpillar-318b-roma\/","title":{"rendered":"ORUGA 318B"},"content":{"rendered":"\n<p>La <strong><a href=\"https:\/\/www.damac.it\/es\/excavadoras-de-cadenas\/\">excavadora de cadenas<\/a> CATERPILLAR 318B<\/strong> de 2001 es una m\u00e1quina fiable y potente, ideal para trabajos de excavaci\u00f3n, movimiento de tierras y demolici\u00f3n. Con <strong>7.057 horas de trabajo<\/strong> y un peso operativo de <strong>18.500 kg<\/strong>, garantiza estabilidad, fuerza y productividad incluso en las obras m\u00e1s exigentes. <\/p>\n\n<p>Est\u00e1 equipado con <strong>cabina cerrada<\/strong> para la m\u00e1xima seguridad y confort del operador, <strong>instalaci\u00f3n de martillo<\/strong> para trabajos de demolici\u00f3n y <strong><a href=\"https:\/\/www.damac.it\/es\/accesorios\/\">cuchara<\/a> de excavaci\u00f3n<\/strong> lista para el uso. Las <strong>cadenas de hierro<\/strong> ofrecen una excelente adherencia en cualquier tipo de terreno, mientras que el <strong>brazo monobloque<\/strong> asegura precisi\u00f3n y potencia en cada movimiento. <\/p>\n\n<p>La m\u00e1quina <strong>tiene la certificaci\u00f3n CE<\/strong>, es totalmente funcional y est\u00e1 lista para trabajar. Puede verse en <strong>Roma<\/strong>, con posibilidad de transporte a toda Italia y al extranjero. <\/p>\n","protected":false},"excerpt":{"rendered":"<p>Excavadora de cadenas CATERPILLAR 318B de 2001 en buen estado de funcionamiento, con 7.057 horas de trabajo y un peso de 18.500 kg. Equipada con cabina cerrada, sistema de martillos, cuchara excavadora y certificaci\u00f3n CE. M\u00e1quina lista para usar, disponible en Roma.  <\/p>\n","protected":false},"featured_media":15006,"template":"","meta":{"_acf_changed":false},"ubicazione_acf":[],"product_brand":[855],"product_cat":[434],"false":[748],"proprietario":[],"class_list":{"0":"post-15005","1":"product","2":"type-product","3":"status-publish","4":"has-post-thumbnail","6":"product_brand-caterpillar","7":"product_cat-excavadoras-de-cadenas","8":"product_tag-es","9":"pa_brand-caterpillar","11":"first","12":"outofstock","13":"sold-individually","14":"shipping-taxable","15":"purchasable","16":"product-type-simple"},"acf":[],"_links":{"self":[{"href":"https:\/\/www.damac.it\/es\/wp-json\/wp\/v2\/product\/15005","targetHints":{"allow":["GET"]}}],"collection":[{"href":"https:\/\/www.damac.it\/es\/wp-json\/wp\/v2\/product"}],"about":[{"href":"https:\/\/www.damac.it\/es\/wp-json\/wp\/v2\/types\/product"}],"wp:featuredmedia":[{"embeddable":true,"href":"https:\/\/www.damac.it\/es\/wp-json\/wp\/v2\/media\/15006"}],"wp:attachment":[{"href":"https:\/\/www.damac.it\/es\/wp-json\/wp\/v2\/media?parent=15005"}],"wp:term":[{"taxonomy":"ubicazione_acf","embeddable":true,"href":"https:\/\/www.damac.it\/es\/wp-json\/wp\/v2\/ubicazione_acf?post=15005"},{"taxonomy":"product_brand","embeddable":true,"href":"https:\/\/www.damac.it\/es\/wp-json\/wp\/v2\/product_brand?post=15005"},{"taxonomy":"product_cat","embeddable":true,"href":"https:\/\/www.damac.it\/es\/wp-json\/wp\/v2\/product_cat?post=15005"},{"taxonomy":"product_tag","embeddable":true,"href":"https:\/\/www.damac.it\/es\/wp-json\/wp\/v2\/false?post=15005"},{"taxonomy":"proprietario","embeddable":true,"href":"https:\/\/www.damac.it\/es\/wp-json\/wp\/v2\/proprietario?post=15005"}],"curies":[{"name":"wp","href":"https:\/\/api.w.org\/{rel}","templated":true}]}}