{"id":15151,"date":"2025-10-13T14:34:13","date_gmt":"2025-10-13T14:34:13","guid":{"rendered":"https:\/\/www.damac.it\/sin%20categor\u00eda\/om-di35c\/"},"modified":"2026-04-08T08:27:09","modified_gmt":"2026-04-08T08:27:09","slug":"om-di35c","status":"publish","type":"product","link":"https:\/\/www.damac.it\/es\/carretillas-elevadoras\/om-di35c-anguillara-sabazia\/","title":{"rendered":"OM DI35C"},"content":{"rendered":"\n<p>La <strong>carretilla elevadora OM DI35C<\/strong> 1988 es una m\u00e1quina s\u00f3lida y fiable, ideal para manipular materiales en el almac\u00e9n o en la obra. Con una <strong>capacidad de carga de 3.500 kg<\/strong> y una<strong>altura de elevaci\u00f3n de 3.300 mm<\/strong>, ofrece un rendimiento seguro y estable incluso con cargas pesadas. <\/p>\n\n<p>Equipada con un <strong>motor FIAT de 58,8 kW<\/strong>, garantiza una potencia constante y un bajo consumo de combustible. El m\u00e1stil <strong>d\u00faplex<\/strong> garantiza una buena visibilidad al maniobrar, mientras que la <strong>cabina abierta<\/strong> facilita el acceso y el manejo r\u00e1pido. <\/p>\n\n<p>El cami\u00f3n est\u00e1 completo con <strong>horquillas<\/strong>, <strong>normas de seguridad ROPS y FOPS<\/strong>, y neum\u00e1ticos en buen estado (50%). Es totalmente funcional y est\u00e1 disponible para verla en las instalaciones de DAMAC en <strong>Anguillara Sabazia (Roma)<\/strong>. <\/p>\n\n<div class=\"wp-block-webfactory-map\"><div class=\"wp-block-webfactory-map\"><iframe title=\"Mapa\" width=\"100%\" height=\"380px\" src=\"https:\/\/www.google.com\/maps\/embed\/v1\/place?q=anguillara%20sabazia&amp;maptype=roadmap&amp;zoom=7&amp;key=AIzaSyCbpj9Ji_jwudUhfVpTXiPB79zpZZSDW8c\" frameborder=\"0\"><\/iframe><\/div><\/div>\n","protected":false},"excerpt":{"rendered":"<p>Carretilla elevadora OM DI35C de 1988 en buen estado, con una capacidad de elevaci\u00f3n de 3.500 kg y una altura de elevaci\u00f3n de 3.300 mm. Motor FIAT de 58,8 kW, cabina abierta y m\u00e1stil d\u00faplex. M\u00e1quina en estado de funcionamiento, visible en Anguillara Sabazia. <\/p>\n","protected":false},"featured_media":15152,"template":"","meta":{"_acf_changed":false},"ubicazione_acf":[],"product_brand":[689],"product_cat":[572],"false":[748],"proprietario":[],"class_list":{"0":"post-15151","1":"product","2":"type-product","3":"status-publish","4":"has-post-thumbnail","6":"product_brand-om","7":"product_cat-carretillas-elevadoras","8":"product_tag-es","9":"pa_brand-om","11":"first","12":"instock","13":"sale","14":"sold-individually","15":"shipping-taxable","16":"purchasable","17":"product-type-simple"},"acf":[],"_links":{"self":[{"href":"https:\/\/www.damac.it\/es\/wp-json\/wp\/v2\/product\/15151","targetHints":{"allow":["GET"]}}],"collection":[{"href":"https:\/\/www.damac.it\/es\/wp-json\/wp\/v2\/product"}],"about":[{"href":"https:\/\/www.damac.it\/es\/wp-json\/wp\/v2\/types\/product"}],"wp:featuredmedia":[{"embeddable":true,"href":"https:\/\/www.damac.it\/es\/wp-json\/wp\/v2\/media\/15152"}],"wp:attachment":[{"href":"https:\/\/www.damac.it\/es\/wp-json\/wp\/v2\/media?parent=15151"}],"wp:term":[{"taxonomy":"ubicazione_acf","embeddable":true,"href":"https:\/\/www.damac.it\/es\/wp-json\/wp\/v2\/ubicazione_acf?post=15151"},{"taxonomy":"product_brand","embeddable":true,"href":"https:\/\/www.damac.it\/es\/wp-json\/wp\/v2\/product_brand?post=15151"},{"taxonomy":"product_cat","embeddable":true,"href":"https:\/\/www.damac.it\/es\/wp-json\/wp\/v2\/product_cat?post=15151"},{"taxonomy":"product_tag","embeddable":true,"href":"https:\/\/www.damac.it\/es\/wp-json\/wp\/v2\/false?post=15151"},{"taxonomy":"proprietario","embeddable":true,"href":"https:\/\/www.damac.it\/es\/wp-json\/wp\/v2\/proprietario?post=15151"}],"curies":[{"name":"wp","href":"https:\/\/api.w.org\/{rel}","templated":true}]}}