{"id":15334,"date":"2025-10-13T15:00:54","date_gmt":"2025-10-13T15:00:54","guid":{"rendered":"https:\/\/www.damac.it\/sin%20categor\u00eda\/jcb-170hf\/"},"modified":"2026-04-08T08:27:22","modified_gmt":"2026-04-08T08:27:22","slug":"jcb-170hf","status":"publish","type":"product","link":"https:\/\/www.damac.it\/es\/minicargadoras\/jcb-170hf-roma\/","title":{"rendered":"JCB 170HF"},"content":{"rendered":"\n<p>La <strong>JCB 170HF<\/strong> es una <strong><a href=\"https:\/\/www.damac.it\/es\/minicargadoras\/\">minicargadora<\/a> de ruedas compacta y potente<\/strong>, dise\u00f1ada para ofrecer la m\u00e1xima productividad y maniobrabilidad en espacios reducidos.<\/p>\n\n<p>Fabricada en <strong>2007<\/strong> y con s\u00f3lo <strong>1.600 horas de trabajo<\/strong>, esta m\u00e1quina usada est\u00e1 en excelentes condiciones y es totalmente funcional.<\/p>\n\n<p>Grazie al suo <strong>impianto martello<\/strong> e al sistema <strong>ad alta portata idraulica (High Flow)<\/strong>, \u00e8 ideale per utilizzi intensivi e per l\u2019impiego con numerosi <a href=\"https:\/\/www.damac.it\/es\/accesorios\/\">accessori<\/a>, come martelli demolitori o frese. La <strong>cabina aperta<\/strong> garantisce visibilit\u00e0 e facilit\u00e0 d\u2019accesso, mentre il peso operativo di <strong>2.746 kg<\/strong> assicura stabilit\u00e0 anche nei lavori pi\u00f9 impegnativi.<\/p>\n\n<p>La <strong>certificaci\u00f3n CE<\/strong> y la <strong>hoja de datos t\u00e9cnicos<\/strong> disponibles completan el equipamiento. La m\u00e1quina est\u00e1 <strong>visible en Roma<\/strong> y lista para su entrega, con posibilidad de transporte a toda Italia y al extranjero. <\/p>\n","protected":false},"excerpt":{"rendered":"<p>Minicargadora de ruedas JCB 170HF de 2007 con 1.600 horas de trabajo, en excelentes condiciones y lista para usar. Equipada con instalaci\u00f3n de martillo, alto caudal hidr\u00e1ulico, cabina abierta y certificaci\u00f3n CE.  Disponible en Roma.<\/p>\n","protected":false},"featured_media":15346,"template":"","meta":{"_acf_changed":false},"ubicazione_acf":[],"product_brand":[606],"product_cat":[424],"false":[748],"proprietario":[],"class_list":{"0":"post-15334","1":"product","2":"type-product","3":"status-publish","4":"has-post-thumbnail","6":"product_brand-jcb","7":"product_cat-minicargadoras","8":"product_tag-es","9":"pa_brand-jcb","11":"first","12":"instock","13":"sold-individually","14":"shipping-taxable","15":"purchasable","16":"product-type-simple"},"acf":[],"_links":{"self":[{"href":"https:\/\/www.damac.it\/es\/wp-json\/wp\/v2\/product\/15334","targetHints":{"allow":["GET"]}}],"collection":[{"href":"https:\/\/www.damac.it\/es\/wp-json\/wp\/v2\/product"}],"about":[{"href":"https:\/\/www.damac.it\/es\/wp-json\/wp\/v2\/types\/product"}],"wp:featuredmedia":[{"embeddable":true,"href":"https:\/\/www.damac.it\/es\/wp-json\/wp\/v2\/media\/15346"}],"wp:attachment":[{"href":"https:\/\/www.damac.it\/es\/wp-json\/wp\/v2\/media?parent=15334"}],"wp:term":[{"taxonomy":"ubicazione_acf","embeddable":true,"href":"https:\/\/www.damac.it\/es\/wp-json\/wp\/v2\/ubicazione_acf?post=15334"},{"taxonomy":"product_brand","embeddable":true,"href":"https:\/\/www.damac.it\/es\/wp-json\/wp\/v2\/product_brand?post=15334"},{"taxonomy":"product_cat","embeddable":true,"href":"https:\/\/www.damac.it\/es\/wp-json\/wp\/v2\/product_cat?post=15334"},{"taxonomy":"product_tag","embeddable":true,"href":"https:\/\/www.damac.it\/es\/wp-json\/wp\/v2\/false?post=15334"},{"taxonomy":"proprietario","embeddable":true,"href":"https:\/\/www.damac.it\/es\/wp-json\/wp\/v2\/proprietario?post=15334"}],"curies":[{"name":"wp","href":"https:\/\/api.w.org\/{rel}","templated":true}]}}