{"id":15880,"date":"2025-10-15T09:20:43","date_gmt":"2025-10-15T09:20:43","guid":{"rendered":"https:\/\/www.damac.it\/sin%20categor\u00eda\/caterpillar-308e2cr\/"},"modified":"2026-04-08T08:05:46","modified_gmt":"2026-04-08T08:05:46","slug":"caterpillar-308e2cr","status":"publish","type":"product","link":"https:\/\/www.damac.it\/es\/excavadoras-de-cadenas\/caterpillar-308e2cr-foggia\/","title":{"rendered":"ORUGA 308E2CR"},"content":{"rendered":"\n<p>La <strong>Caterpillar 308E2CR<\/strong> es una excavadora compacta y potente dise\u00f1ada para ofrecer un alto rendimiento incluso en los espacios m\u00e1s reducidos. Este modelo, matriculado en <strong>2019<\/strong> y con <strong>5.800 horas de trabajo<\/strong>, se encuentra en un excelente estado general y est\u00e1 listo para asumir nuevos retos en la obra. <\/p>\n\n<p>Con un peso operativo de <strong>8.400 kg<\/strong>, garantiza estabilidad y resistencia durante las operaciones de excavaci\u00f3n. Est\u00e1 equipada con una <strong>pluma monol\u00edtica<\/strong> y <strong>orugas de hierro<\/strong> (estado residual del 50%), y tiene una <strong>cuchilla delantera<\/strong>. La <strong>doble velocidad de desplazamiento<\/strong> permite un movimiento r\u00e1pido y eficaz en el campo. Se completa con una cuchara excavadora.   <\/p>\n\n<p>La m\u00e1quina est\u00e1 propulsada por un motor <strong>Caterpillar C3.3B<\/strong>, capaz de suministrar <strong>48,5 kW de potencia<\/strong>, que ofrece un excelente equilibrio entre rendimiento y bajo consumo de combustible. La cabina est\u00e1 <strong>cerrada<\/strong>, lo que garantiza el confort y la protecci\u00f3n del operador. <\/p>\n\n<p>A nivel de planta, la excavadora est\u00e1 equipada con un <strong>sistema de<\/strong> <strong>martillos<\/strong> y <strong>garras<\/strong>, lo que la hace compatible con una amplia gama de implementos y accesorios para diferentes usos.<\/p>\n\n<p>Completa con la <strong>certificaci\u00f3n CE<\/strong>, esta m\u00e1quina est\u00e1 inmediatamente disponible para la venta con la documentaci\u00f3n adecuada.<\/p>\n\n<p><\/p>\n","protected":false},"excerpt":{"rendered":"<p>Excavadora de cadenas Caterpillar 308E2CR de 2019, 5.800 horas, peso 8.400 kg, motor CAT C3.3B de 48,5 kW, orugas de hierro al 50%, pala frontal, sistema de martillo y garra, cuchara excavadora, certificaci\u00f3n CE. M\u00e1quina en excelente estado, lista para usar. <\/p>\n","protected":false},"featured_media":15881,"template":"","meta":{"_acf_changed":false},"ubicazione_acf":[],"product_brand":[855],"product_cat":[434],"false":[748],"proprietario":[],"class_list":{"0":"post-15880","1":"product","2":"type-product","3":"status-publish","4":"has-post-thumbnail","6":"product_brand-caterpillar","7":"product_cat-excavadoras-de-cadenas","8":"product_tag-es","9":"pa_brand-caterpillar","11":"first","12":"instock","13":"sold-individually","14":"shipping-taxable","15":"purchasable","16":"product-type-simple"},"acf":[],"_links":{"self":[{"href":"https:\/\/www.damac.it\/es\/wp-json\/wp\/v2\/product\/15880","targetHints":{"allow":["GET"]}}],"collection":[{"href":"https:\/\/www.damac.it\/es\/wp-json\/wp\/v2\/product"}],"about":[{"href":"https:\/\/www.damac.it\/es\/wp-json\/wp\/v2\/types\/product"}],"wp:featuredmedia":[{"embeddable":true,"href":"https:\/\/www.damac.it\/es\/wp-json\/wp\/v2\/media\/15881"}],"wp:attachment":[{"href":"https:\/\/www.damac.it\/es\/wp-json\/wp\/v2\/media?parent=15880"}],"wp:term":[{"taxonomy":"ubicazione_acf","embeddable":true,"href":"https:\/\/www.damac.it\/es\/wp-json\/wp\/v2\/ubicazione_acf?post=15880"},{"taxonomy":"product_brand","embeddable":true,"href":"https:\/\/www.damac.it\/es\/wp-json\/wp\/v2\/product_brand?post=15880"},{"taxonomy":"product_cat","embeddable":true,"href":"https:\/\/www.damac.it\/es\/wp-json\/wp\/v2\/product_cat?post=15880"},{"taxonomy":"product_tag","embeddable":true,"href":"https:\/\/www.damac.it\/es\/wp-json\/wp\/v2\/false?post=15880"},{"taxonomy":"proprietario","embeddable":true,"href":"https:\/\/www.damac.it\/es\/wp-json\/wp\/v2\/proprietario?post=15880"}],"curies":[{"name":"wp","href":"https:\/\/api.w.org\/{rel}","templated":true}]}}