{"id":15962,"date":"2025-10-15T09:40:50","date_gmt":"2025-10-15T09:40:50","guid":{"rendered":"https:\/\/www.damac.it\/sin%20categor\u00eda\/caterpillar-305e2cr\/"},"modified":"2025-12-17T17:16:30","modified_gmt":"2025-12-17T17:16:30","slug":"caterpillar-305e2cr","status":"publish","type":"product","link":"https:\/\/www.damac.it\/es\/miniexcavadoras\/caterpillar-305e2cr-foggia\/","title":{"rendered":"ORUGA 305E2CR"},"content":{"rendered":"\n<p>La <strong>Caterpillar 305E2 CR<\/strong> es una miniexcavadora compacta y fiable, perfecta para trabajos de excavaci\u00f3n y movimiento de tierras en espacios reducidos, sin sacrificar potencia ni estabilidad. Este modelo, <strong>del a\u00f1o 2018<\/strong>, tiene <strong>5.000 horas de trabajo<\/strong> y est\u00e1 en excelentes condiciones de uso. <\/p>\n\n<p>Est\u00e1 equipada con <strong>orugas de goma<\/strong> con <strong>un 60% de desgaste residual<\/strong>, que proporcionan un buen agarre y un menor impacto en superficies sensibles. El <strong>tren de rodaje fijo<\/strong> garantiza la estabilidad al excavar, mientras que la <strong>cuchilla<\/strong> frontal permite una nivelaci\u00f3n r\u00e1pida y precisa. <\/p>\n\n<p>La pluma es <strong>monol\u00edtica<\/strong> y est\u00e1 equipada con un <strong>sistema de martillo<\/strong>, lo que hace que la m\u00e1quina sea ideal no s\u00f3lo para excavar, sino tambi\u00e9n para trabajos de demolici\u00f3n ligeros. Se incluye una <strong>cuchara de excavaci\u00f3n<\/strong>, lista para usar. <\/p>\n\n<p>La <strong>cabina es cerrada<\/strong>, lo que ofrece protecci\u00f3n y comodidad al operador en todas las condiciones meteorol\u00f3gicas.<\/p>\n\n<p>El veh\u00edculo <strong>cuenta con la certificaci\u00f3n CE<\/strong>, por lo que cumple plenamente la normativa vigente y est\u00e1 listo para ser utilizado in situ.<\/p>\n\n<p><\/p>\n","protected":false},"excerpt":{"rendered":"<p class=\"p1\">Miniexcavadora Caterpillar 305E2CR 2018, 4.000 horas, peso 5.140 kg, motor CAT C2.4 de 31 kW, orugas de goma al 60%, pala frontal, sistema de martillos, cuchara excavadora y cabina cerrada. M\u00e1quina fiable, potente y lista para usar, con certificaci\u00f3n CE. <\/p>\n","protected":false},"featured_media":15968,"template":"","meta":{"_acf_changed":false},"ubicazione_acf":[],"product_brand":[855],"product_cat":[411],"false":[748],"proprietario":[],"class_list":{"0":"post-15962","1":"product","2":"type-product","3":"status-publish","4":"has-post-thumbnail","6":"product_brand-caterpillar","7":"product_cat-miniexcavadoras","8":"product_tag-es","9":"pa_brand-caterpillar","11":"first","12":"outofstock","13":"sold-individually","14":"shipping-taxable","15":"purchasable","16":"product-type-simple"},"acf":[],"_links":{"self":[{"href":"https:\/\/www.damac.it\/es\/wp-json\/wp\/v2\/product\/15962","targetHints":{"allow":["GET"]}}],"collection":[{"href":"https:\/\/www.damac.it\/es\/wp-json\/wp\/v2\/product"}],"about":[{"href":"https:\/\/www.damac.it\/es\/wp-json\/wp\/v2\/types\/product"}],"wp:featuredmedia":[{"embeddable":true,"href":"https:\/\/www.damac.it\/es\/wp-json\/wp\/v2\/media\/15968"}],"wp:attachment":[{"href":"https:\/\/www.damac.it\/es\/wp-json\/wp\/v2\/media?parent=15962"}],"wp:term":[{"taxonomy":"ubicazione_acf","embeddable":true,"href":"https:\/\/www.damac.it\/es\/wp-json\/wp\/v2\/ubicazione_acf?post=15962"},{"taxonomy":"product_brand","embeddable":true,"href":"https:\/\/www.damac.it\/es\/wp-json\/wp\/v2\/product_brand?post=15962"},{"taxonomy":"product_cat","embeddable":true,"href":"https:\/\/www.damac.it\/es\/wp-json\/wp\/v2\/product_cat?post=15962"},{"taxonomy":"product_tag","embeddable":true,"href":"https:\/\/www.damac.it\/es\/wp-json\/wp\/v2\/false?post=15962"},{"taxonomy":"proprietario","embeddable":true,"href":"https:\/\/www.damac.it\/es\/wp-json\/wp\/v2\/proprietario?post=15962"}],"curies":[{"name":"wp","href":"https:\/\/api.w.org\/{rel}","templated":true}]}}