{"id":16122,"date":"2025-10-15T14:49:47","date_gmt":"2025-10-15T14:49:47","guid":{"rendered":"https:\/\/www.damac.it\/sin%20categor\u00eda\/komatsu-pc55mr-3\/"},"modified":"2026-03-29T13:50:16","modified_gmt":"2026-03-29T13:50:16","slug":"komatsu-pc55mr-3","status":"publish","type":"product","link":"https:\/\/www.damac.it\/es\/miniexcavadoras\/komatsu-pc55mr-3-anguillara-sabazia\/","title":{"rendered":"KOMATSU PC55MR-3"},"content":{"rendered":"\n<p>Fiable, potente y compacta, esta <strong>Komatsu PC55MR-3 de 2016<\/strong> es una de las soluciones m\u00e1s vers\u00e1tiles para trabajos de excavaci\u00f3n, construcci\u00f3n y mantenimiento. Con <strong>3018 horas de trabajo<\/strong>, la m\u00e1quina est\u00e1 en excelente estado general y lista para su uso inmediato. <\/p>\n\n<p>Est\u00e1 equipada con una <strong>cabina cerrada<\/strong>, que proporciona comodidad y protecci\u00f3n al operador en todas las condiciones de trabajo. <strong>Las nuevas orugas de goma<\/strong> proporcionan una tracci\u00f3n y estabilidad excelentes, minimizando el impacto en superficies delicadas. <\/p>\n\n<p>La <a href=\"https:\/\/www.damac.it\/es\/miniexcavadoras\/\">miniexcavadora<\/a> incluye adem\u00e1s <strong>instalaci\u00f3n para martillo<\/strong> y 2 <strong>cazos<\/strong>, caracter\u00edsticas que ampl\u00edan su uso en diversos contextos operativos, desde peque\u00f1as obras urbanas hasta trabajos m\u00e1s exigentes.<\/p>\n\n<p>Gracias a la calidad de construcci\u00f3n de <strong>Komatsu<\/strong>, esta PC55MR-3 combina alto rendimiento, precisi\u00f3n de movimiento y gran fiabilidad, lo que la convierte en la elecci\u00f3n perfecta para quien busque una m\u00e1quina moderna y lista para usar.<\/p>\n\n<div class=\"wp-block-webfactory-map\"><div class=\"wp-block-webfactory-map\"><iframe title=\"Mapa\" width=\"100%\" height=\"380px\" src=\"https:\/\/www.google.com\/maps\/embed\/v1\/place?q=anguillara%20sabazia&amp;maptype=roadmap&amp;zoom=7&amp;key=AIzaSyCbpj9Ji_jwudUhfVpTXiPB79zpZZSDW8c\" frameborder=\"0\"><\/iframe><\/div><\/div>\n","protected":false},"excerpt":{"rendered":"<p class=\"p1\">Komatsu PC55MR-3 de 2016 con 3.018 horas, cabina cerrada y orugas de goma nuevas. Potente y compacta, ideal para trabajos de excavaci\u00f3n y mantenimiento. Completa con sistema de martillos y 2 cazos, lista para usar.  <\/p>\n","protected":false},"featured_media":16123,"template":"","meta":{"_acf_changed":false},"ubicazione_acf":[],"product_brand":[610],"product_cat":[411],"false":[748],"proprietario":[],"class_list":{"0":"post-16122","1":"product","2":"type-product","3":"status-publish","4":"has-post-thumbnail","6":"product_brand-komatsu","7":"product_cat-miniexcavadoras","8":"product_tag-es","9":"pa_brand-komatsu","11":"first","12":"instock","13":"sold-individually","14":"shipping-taxable","15":"purchasable","16":"product-type-simple"},"acf":[],"_links":{"self":[{"href":"https:\/\/www.damac.it\/es\/wp-json\/wp\/v2\/product\/16122","targetHints":{"allow":["GET"]}}],"collection":[{"href":"https:\/\/www.damac.it\/es\/wp-json\/wp\/v2\/product"}],"about":[{"href":"https:\/\/www.damac.it\/es\/wp-json\/wp\/v2\/types\/product"}],"wp:featuredmedia":[{"embeddable":true,"href":"https:\/\/www.damac.it\/es\/wp-json\/wp\/v2\/media\/16123"}],"wp:attachment":[{"href":"https:\/\/www.damac.it\/es\/wp-json\/wp\/v2\/media?parent=16122"}],"wp:term":[{"taxonomy":"ubicazione_acf","embeddable":true,"href":"https:\/\/www.damac.it\/es\/wp-json\/wp\/v2\/ubicazione_acf?post=16122"},{"taxonomy":"product_brand","embeddable":true,"href":"https:\/\/www.damac.it\/es\/wp-json\/wp\/v2\/product_brand?post=16122"},{"taxonomy":"product_cat","embeddable":true,"href":"https:\/\/www.damac.it\/es\/wp-json\/wp\/v2\/product_cat?post=16122"},{"taxonomy":"product_tag","embeddable":true,"href":"https:\/\/www.damac.it\/es\/wp-json\/wp\/v2\/false?post=16122"},{"taxonomy":"proprietario","embeddable":true,"href":"https:\/\/www.damac.it\/es\/wp-json\/wp\/v2\/proprietario?post=16122"}],"curies":[{"name":"wp","href":"https:\/\/api.w.org\/{rel}","templated":true}]}}