{"id":16395,"date":"2025-10-16T07:43:05","date_gmt":"2025-10-16T07:43:05","guid":{"rendered":"https:\/\/www.damac.it\/sin%20categor\u00eda\/komatsu-pc80mr\/"},"modified":"2025-12-17T17:17:04","modified_gmt":"2025-12-17T17:17:04","slug":"komatsu-pc80mr","status":"publish","type":"product","link":"https:\/\/www.damac.it\/es\/miniexcavadoras\/komatsu-pc80mr-foggia\/","title":{"rendered":"KOMATSU PC80MR"},"content":{"rendered":"\n<p>Fiable y potente, esta <strong>Komatsu PC80MR 2010<\/strong> es una excavadora compacta de alto rendimiento, ideal para trabajos de excavaci\u00f3n y manipulaci\u00f3n incluso en espacios reducidos. Con <strong>6700 horas de trabajo<\/strong> y un <strong>peso operativo de 8.000 kg<\/strong>, ofrece solidez y estabilidad en todas las condiciones de uso. <\/p>\n\n<p>La m\u00e1quina est\u00e1 equipada con una <strong>cabina cerrada con aire acondicionado<\/strong>, que proporciona comodidad y seguridad al operador durante las jornadas de trabajo m\u00e1s ajetreadas. Est\u00e1 equipada con una <g id=\"gid_1\">pluma monol\u00edtica<\/g> completa con <g id=\"gid_2\">martillo y sistema de garfio<\/g>, que aumentan su versatilidad y eficacia operativa. Tambi\u00e9n est\u00e1 equipada con una <strong>cuchara excavadora<\/strong> lista para usar.  <\/p>\n\n<p>Las <strong>orugas de hierro<\/strong> proporcionan un agarre y una resistencia excelentes incluso en los terrenos m\u00e1s dif\u00edciles, lo que hace que esta m\u00e1quina sea adecuada para trabajos pesados y continuos.<\/p>\n\n<p>Gracias a la calidad de construcci\u00f3n de <strong>Komatsu<\/strong>, esta PC80 combina fuerza, fiabilidad y precisi\u00f3n, lo que la convierte en una soluci\u00f3n ideal para quienes buscan una excavadora compacta pero de alto rendimiento, preparada para enfrentarse a cualquier obra.<\/p>\n\n<p><\/p>\n","protected":false},"excerpt":{"rendered":"<p>Komatsu PC80MR de 2010, 6700 horas, cabina cerrada con aire acondicionado, sistema de martillos y cuchara excavadora. Excavadora compacta, potente y lista para usar. <\/p>\n","protected":false},"featured_media":16402,"template":"","meta":{"_acf_changed":false},"ubicazione_acf":[],"product_brand":[610],"product_cat":[411],"false":[748],"proprietario":[],"class_list":{"0":"post-16395","1":"product","2":"type-product","3":"status-publish","4":"has-post-thumbnail","6":"product_brand-komatsu","7":"product_cat-miniexcavadoras","8":"product_tag-es","9":"pa_brand-komatsu","11":"first","12":"outofstock","13":"sold-individually","14":"shipping-taxable","15":"purchasable","16":"product-type-simple"},"acf":[],"_links":{"self":[{"href":"https:\/\/www.damac.it\/es\/wp-json\/wp\/v2\/product\/16395","targetHints":{"allow":["GET"]}}],"collection":[{"href":"https:\/\/www.damac.it\/es\/wp-json\/wp\/v2\/product"}],"about":[{"href":"https:\/\/www.damac.it\/es\/wp-json\/wp\/v2\/types\/product"}],"wp:featuredmedia":[{"embeddable":true,"href":"https:\/\/www.damac.it\/es\/wp-json\/wp\/v2\/media\/16402"}],"wp:attachment":[{"href":"https:\/\/www.damac.it\/es\/wp-json\/wp\/v2\/media?parent=16395"}],"wp:term":[{"taxonomy":"ubicazione_acf","embeddable":true,"href":"https:\/\/www.damac.it\/es\/wp-json\/wp\/v2\/ubicazione_acf?post=16395"},{"taxonomy":"product_brand","embeddable":true,"href":"https:\/\/www.damac.it\/es\/wp-json\/wp\/v2\/product_brand?post=16395"},{"taxonomy":"product_cat","embeddable":true,"href":"https:\/\/www.damac.it\/es\/wp-json\/wp\/v2\/product_cat?post=16395"},{"taxonomy":"product_tag","embeddable":true,"href":"https:\/\/www.damac.it\/es\/wp-json\/wp\/v2\/false?post=16395"},{"taxonomy":"proprietario","embeddable":true,"href":"https:\/\/www.damac.it\/es\/wp-json\/wp\/v2\/proprietario?post=16395"}],"curies":[{"name":"wp","href":"https:\/\/api.w.org\/{rel}","templated":true}]}}