{"id":16636,"date":"2025-10-20T09:41:27","date_gmt":"2025-10-20T09:41:27","guid":{"rendered":"https:\/\/www.damac.it\/sin%20categor\u00eda\/kubota-u35-3a3\/"},"modified":"2025-11-27T04:50:06","modified_gmt":"2025-11-27T04:50:06","slug":"kubota-u35-3a3","status":"publish","type":"product","link":"https:\/\/www.damac.it\/es\/miniexcavadoras\/kubota-u35-3a3-foggia\/","title":{"rendered":"KUBOTA U35-3a3"},"content":{"rendered":"\n<p>Fiable, compacta y lista para trabajar, esta <strong>miniexcavadora Kubota U35-3a3 de 2016<\/strong> es la soluci\u00f3n ideal para quienes buscan una m\u00e1quina vers\u00e1til y de alto rendimiento. Con <strong>4.200 horas de trabajo<\/strong>, se encuentra en excelente estado general y es inmediatamente operativa. <\/p>\n\n<p>La m\u00e1quina est\u00e1 equipada con <strong>orugas de goma<\/strong>, perfectas para garantizar la estabilidad y el agarre, minimizando el desgaste en superficies delicadas. Est\u00e1 equipada con un <strong>carro fijo<\/strong> y una <strong>cuchilla<\/strong> delantera, ideales para trabajos de nivelaci\u00f3n y movimiento de tierras. <\/p>\n\n<p>La <strong>cabina cerrada<\/strong> proporciona comodidad y protecci\u00f3n al operador, ofreciendo una excelente visibilidad y seguridad durante el uso.<br\/>La miniexcavadora tambi\u00e9n <strong>se su<\/strong> ministra <strong>con un enganche r\u00e1pido Cangini<\/strong> y <strong>dos cucharas excavadoras<\/strong>, listas para usar seg\u00fan las distintas necesidades operativas.<\/p>\n\n<p>Gracias a la fiabilidad de la marca <strong>Kubota<\/strong>, esta m\u00e1quina combina potencia, precisi\u00f3n y compacidad, lo que la convierte en una opci\u00f3n excelente para trabajos de mantenimiento, excavaci\u00f3n y construcci\u00f3n ligera.<\/p>\n\n<p><\/p>\n","protected":false},"excerpt":{"rendered":"<p class=\"p1\">Miniexcavadora Kubota U35-3a3 usada, 2014, 4.200 horas. Cabina cerrada, sistema de martillos y dos cazos incluidos. Potente, precisa y de funcionamiento inmediato.  <\/p>\n","protected":false},"featured_media":16643,"template":"","meta":{"_acf_changed":false},"ubicazione_acf":[],"product_brand":[601],"product_cat":[411],"false":[748],"proprietario":[],"class_list":{"0":"post-16636","1":"product","2":"type-product","3":"status-publish","4":"has-post-thumbnail","6":"product_brand-kubota","7":"product_cat-miniexcavadoras","8":"product_tag-es","9":"pa_brand-kubota","11":"first","12":"outofstock","13":"sold-individually","14":"shipping-taxable","15":"purchasable","16":"product-type-simple"},"acf":[],"_links":{"self":[{"href":"https:\/\/www.damac.it\/es\/wp-json\/wp\/v2\/product\/16636","targetHints":{"allow":["GET"]}}],"collection":[{"href":"https:\/\/www.damac.it\/es\/wp-json\/wp\/v2\/product"}],"about":[{"href":"https:\/\/www.damac.it\/es\/wp-json\/wp\/v2\/types\/product"}],"wp:featuredmedia":[{"embeddable":true,"href":"https:\/\/www.damac.it\/es\/wp-json\/wp\/v2\/media\/16643"}],"wp:attachment":[{"href":"https:\/\/www.damac.it\/es\/wp-json\/wp\/v2\/media?parent=16636"}],"wp:term":[{"taxonomy":"ubicazione_acf","embeddable":true,"href":"https:\/\/www.damac.it\/es\/wp-json\/wp\/v2\/ubicazione_acf?post=16636"},{"taxonomy":"product_brand","embeddable":true,"href":"https:\/\/www.damac.it\/es\/wp-json\/wp\/v2\/product_brand?post=16636"},{"taxonomy":"product_cat","embeddable":true,"href":"https:\/\/www.damac.it\/es\/wp-json\/wp\/v2\/product_cat?post=16636"},{"taxonomy":"product_tag","embeddable":true,"href":"https:\/\/www.damac.it\/es\/wp-json\/wp\/v2\/false?post=16636"},{"taxonomy":"proprietario","embeddable":true,"href":"https:\/\/www.damac.it\/es\/wp-json\/wp\/v2\/proprietario?post=16636"}],"curies":[{"name":"wp","href":"https:\/\/api.w.org\/{rel}","templated":true}]}}