{"id":16720,"date":"2025-10-20T09:57:42","date_gmt":"2025-10-20T09:57:42","guid":{"rendered":"https:\/\/www.damac.it\/sin%20categor\u00eda\/jcb-1cx-hf\/"},"modified":"2025-11-27T04:13:53","modified_gmt":"2025-11-27T04:13:53","slug":"jcb-1cx-hf","status":"publish","type":"product","link":"https:\/\/www.damac.it\/es\/retrocargadoras\/jcb-1cx-hf-foggia\/","title":{"rendered":"JCB 1CX-HF"},"content":{"rendered":"\n<p>Compacta, vers\u00e1til y fiable, esta <strong>JCB 1CX-HF 2005<\/strong> es una retroexcavadora r\u00edgida ideal para trabajos de mantenimiento, excavaci\u00f3n y manipulaci\u00f3n en espacios reducidos. Con <strong>4.000 horas de trabajo<\/strong>, est\u00e1 en buen estado general y es totalmente funcional. <\/p>\n\n<p><strong>HF (High Flow)<\/strong> indica el <strong>mayor caudal de aceite<\/strong>, que permite utilizar implementos hidr\u00e1ulicos de alto rendimiento, lo que hace que la m\u00e1quina sea extremadamente vers\u00e1til. Est\u00e1 equipada con una <strong>cuchara frontal<\/strong> <strong>est\u00e1ndar<\/strong> y una <strong>cuchara excavadora<\/strong> trasera, con un <strong>brazo<\/strong> trasero est\u00e1ndar para mayor precisi\u00f3n y estabilidad durante las operaciones. <\/p>\n\n<p>La m\u00e1quina est\u00e1 equipada con neum\u00e1ticos <strong>10&#215;16,5<\/strong>, tiene un <strong>peso operativo de 2,8 toneladas<\/strong> y unas dimensiones compactas: <strong>3,4 m de largo<\/strong>, <strong>1,55 m de ancho<\/strong> y <strong>2,25 m de alto<\/strong>, caracter\u00edsticas que facilitan su transporte y la hacen perfecta para trabajar en obras peque\u00f1as y medianas.<\/p>\n\n<p>Impulsada por un fiable y eficiente motor <strong>Perkins 104.22<\/strong>, la JCB 1CX HF combina potencia, agilidad y precisi\u00f3n.<\/p>\n\n<p><\/p>\n","protected":false},"excerpt":{"rendered":"<p class=\"p1\">JCB 1CX HF de 2005, 4.000 horas, peso operativo 2.800 kg. Motor Perkins 104.22 de 33 kW, cuchara delantera y trasera, sistema de martillo, neum\u00e1ticos 10&#215;16,5, pluma trasera est\u00e1ndar. <\/p>\n","protected":false},"featured_media":16726,"template":"","meta":{"_acf_changed":false},"ubicazione_acf":[],"product_brand":[606],"product_cat":[408],"false":[748],"proprietario":[],"class_list":{"0":"post-16720","1":"product","2":"type-product","3":"status-publish","4":"has-post-thumbnail","6":"product_brand-jcb","7":"product_cat-retrocargadoras","8":"product_tag-es","9":"pa_brand-jcb","11":"first","12":"outofstock","13":"sold-individually","14":"shipping-taxable","15":"purchasable","16":"product-type-simple"},"acf":[],"_links":{"self":[{"href":"https:\/\/www.damac.it\/es\/wp-json\/wp\/v2\/product\/16720","targetHints":{"allow":["GET"]}}],"collection":[{"href":"https:\/\/www.damac.it\/es\/wp-json\/wp\/v2\/product"}],"about":[{"href":"https:\/\/www.damac.it\/es\/wp-json\/wp\/v2\/types\/product"}],"wp:featuredmedia":[{"embeddable":true,"href":"https:\/\/www.damac.it\/es\/wp-json\/wp\/v2\/media\/16726"}],"wp:attachment":[{"href":"https:\/\/www.damac.it\/es\/wp-json\/wp\/v2\/media?parent=16720"}],"wp:term":[{"taxonomy":"ubicazione_acf","embeddable":true,"href":"https:\/\/www.damac.it\/es\/wp-json\/wp\/v2\/ubicazione_acf?post=16720"},{"taxonomy":"product_brand","embeddable":true,"href":"https:\/\/www.damac.it\/es\/wp-json\/wp\/v2\/product_brand?post=16720"},{"taxonomy":"product_cat","embeddable":true,"href":"https:\/\/www.damac.it\/es\/wp-json\/wp\/v2\/product_cat?post=16720"},{"taxonomy":"product_tag","embeddable":true,"href":"https:\/\/www.damac.it\/es\/wp-json\/wp\/v2\/false?post=16720"},{"taxonomy":"proprietario","embeddable":true,"href":"https:\/\/www.damac.it\/es\/wp-json\/wp\/v2\/proprietario?post=16720"}],"curies":[{"name":"wp","href":"https:\/\/api.w.org\/{rel}","templated":true}]}}