{"id":16763,"date":"2025-10-20T10:16:42","date_gmt":"2025-10-20T10:16:42","guid":{"rendered":"https:\/\/www.damac.it\/sin%20categor\u00eda\/jcb-js130\/"},"modified":"2026-02-02T15:46:28","modified_gmt":"2026-02-02T15:46:28","slug":"jcb-js130","status":"publish","type":"product","link":"https:\/\/www.damac.it\/es\/excavadoras-de-cadenas\/jcb-js130-foggia\/","title":{"rendered":"JCB JS130"},"content":{"rendered":"\n<p>Fiable, potente y vers\u00e1til, esta <strong>JCB JS130 2005<\/strong> es una excavadora de cadenas ideal para trabajos de excavaci\u00f3n, manipulaci\u00f3n y mantenimiento en obras de construcci\u00f3n. Con <strong>7.000 horas de trabajo<\/strong>, est\u00e1 en buen estado general y es totalmente funcional. <\/p>\n\n<p>La m\u00e1quina est\u00e1 equipada con <strong>orugas de hierro<\/strong>, que garantizan la m\u00e1xima tracci\u00f3n y estabilidad incluso en los terrenos m\u00e1s dif\u00edciles, y con una <strong>cuchilla<\/strong> frontal, \u00fatil para nivelar y mover la tierra.<br\/>La <strong>triple pluma<\/strong> garantiza una gran precisi\u00f3n y amplitud de movimiento, mientras que el<strong>sistema de martillo<\/strong> y el<strong>enganche r\u00e1pido<\/strong> hacen que la m\u00e1quina sea extremadamente flexible en el uso de distintos implementos.<\/p>\n\n<p>Una <strong>cuchara de limpieza de zanjas<\/strong> y <strong>dos cucharas de excavaci\u00f3n<\/strong> completan el equipamiento, haciendo que la excavadora est\u00e9 inmediatamente lista para trabajar. La <strong>cabina cerrada<\/strong> ofrece comodidad y seguridad. <\/p>\n\n<p>Impulsada por un fiable motor <strong>Isuzu A-4BG1TS1<\/strong> <strong>de 70 kW<\/strong>, esta JCB combina potencia y eficiencia, ofreciendo un rendimiento constante y un bajo consumo de combustible.<\/p>\n","protected":false},"excerpt":{"rendered":"<p class=\"p1\">JCB JS130 de 2005, 7.000 horas, peso operativo 13.470 kg. Motor Isuzu de 70 kW, pluma triple, orugas de hierro, sistema de martillos, enganche r\u00e1pido, cuchilla delantera y tres cucharones incluidos. <\/p>\n","protected":false},"featured_media":16764,"template":"","meta":{"_acf_changed":false},"ubicazione_acf":[],"product_brand":[606],"product_cat":[434],"false":[748],"proprietario":[],"class_list":{"0":"post-16763","1":"product","2":"type-product","3":"status-publish","4":"has-post-thumbnail","6":"product_brand-jcb","7":"product_cat-excavadoras-de-cadenas","8":"product_tag-es","9":"pa_brand-jcb","11":"first","12":"outofstock","13":"sold-individually","14":"shipping-taxable","15":"purchasable","16":"product-type-simple"},"acf":[],"_links":{"self":[{"href":"https:\/\/www.damac.it\/es\/wp-json\/wp\/v2\/product\/16763","targetHints":{"allow":["GET"]}}],"collection":[{"href":"https:\/\/www.damac.it\/es\/wp-json\/wp\/v2\/product"}],"about":[{"href":"https:\/\/www.damac.it\/es\/wp-json\/wp\/v2\/types\/product"}],"wp:featuredmedia":[{"embeddable":true,"href":"https:\/\/www.damac.it\/es\/wp-json\/wp\/v2\/media\/16764"}],"wp:attachment":[{"href":"https:\/\/www.damac.it\/es\/wp-json\/wp\/v2\/media?parent=16763"}],"wp:term":[{"taxonomy":"ubicazione_acf","embeddable":true,"href":"https:\/\/www.damac.it\/es\/wp-json\/wp\/v2\/ubicazione_acf?post=16763"},{"taxonomy":"product_brand","embeddable":true,"href":"https:\/\/www.damac.it\/es\/wp-json\/wp\/v2\/product_brand?post=16763"},{"taxonomy":"product_cat","embeddable":true,"href":"https:\/\/www.damac.it\/es\/wp-json\/wp\/v2\/product_cat?post=16763"},{"taxonomy":"product_tag","embeddable":true,"href":"https:\/\/www.damac.it\/es\/wp-json\/wp\/v2\/false?post=16763"},{"taxonomy":"proprietario","embeddable":true,"href":"https:\/\/www.damac.it\/es\/wp-json\/wp\/v2\/proprietario?post=16763"}],"curies":[{"name":"wp","href":"https:\/\/api.w.org\/{rel}","templated":true}]}}