{"id":16839,"date":"2025-10-20T07:16:49","date_gmt":"2025-10-20T07:16:49","guid":{"rendered":"https:\/\/www.damac.it\/sin%20categor\u00eda\/komatsu-pc27mr-2\/"},"modified":"2026-01-12T09:18:34","modified_gmt":"2026-01-12T09:18:34","slug":"komatsu-pc27mr-2","status":"publish","type":"product","link":"https:\/\/www.damac.it\/es\/miniexcavadoras\/komatsu-pc27mr-2-foggia\/","title":{"rendered":"KOMATSU PC27MR-2"},"content":{"rendered":"\n<p>Compacta, fiable y f\u00e1cil de maniobrar, esta <strong>Komatsu PC27MR-2 de 2009<\/strong> es la miniexcavadora perfecta para trabajos de excavaci\u00f3n, mantenimiento y construcci\u00f3n en espacios reducidos. Con <strong>4.000 horas de trabajo<\/strong>, est\u00e1 en buen estado general y es inmediatamente operativa. <\/p>\n\n<p>La m\u00e1quina est\u00e1 equipada con <strong>orugas de goma<\/strong>, que proporcionan un agarre y una protecci\u00f3n de la superficie excelentes, y una <strong>cuchilla<\/strong> frontal, \u00fatil para las operaciones de nivelaci\u00f3n y manipulaci\u00f3n del terreno.<br\/>La <strong>cabina cerrada<\/strong> proporciona comodidad y seguridad al operador, ofreciendo un entorno de trabajo protegido y una visibilidad \u00f3ptima.<\/p>\n\n<p>Completa con <strong>una<\/strong> <strong>plataforma de martillos<\/strong> y <strong>una cuchara de excavaci\u00f3n<\/strong>, esta Komatsu est\u00e1 lista para ser utilizada en una amplia gama de aplicaciones.<\/p>\n\n<p>Con un <strong>peso operativo de 3,1 toneladas<\/strong> y unas dimensiones de <strong>4,4 m de longitud<\/strong>, <strong>1,5 m de altura<\/strong> y <strong>2,6 m de anchura<\/strong>, el PC27MR-2 es compacto pero estable, ideal para obras urbanas y trabajos de precisi\u00f3n.<br\/>Est\u00e1 propulsado por un motor <strong>Komatsu 3D82AE-5<\/strong> <strong>de 19 kW<\/strong>, sin\u00f3nimo de eficiencia, bajo consumo de combustible y alta fiabilidad.<\/p>\n\n<p>S\u00f3lida y eficaz, esta <strong>Komatsu PC27MR-2<\/strong> representa una m\u00e1quina completa y vers\u00e1til, lista para afrontar cualquier trabajo con potencia y precisi\u00f3n.<\/p>\n","protected":false},"excerpt":{"rendered":"<p>Komatsu PC27MR-2 de 2009 con 4.000 horas, peso operativo de 3.100 kg, motor Komatsu 3D82AE-5 de 19 kW, cabina cerrada, orugas de goma, cuchilla delantera y sistema de martillo. M\u00e1quina compacta, en buen estado y lista para usar. <\/p>\n","protected":false},"featured_media":16841,"template":"","meta":{"_acf_changed":false},"ubicazione_acf":[],"product_brand":[610],"product_cat":[411],"false":[748],"proprietario":[],"class_list":{"0":"post-16839","1":"product","2":"type-product","3":"status-publish","4":"has-post-thumbnail","6":"product_brand-komatsu","7":"product_cat-miniexcavadoras","8":"product_tag-es","9":"pa_brand-komatsu","11":"first","12":"outofstock","13":"sold-individually","14":"shipping-taxable","15":"purchasable","16":"product-type-simple"},"acf":[],"_links":{"self":[{"href":"https:\/\/www.damac.it\/es\/wp-json\/wp\/v2\/product\/16839","targetHints":{"allow":["GET"]}}],"collection":[{"href":"https:\/\/www.damac.it\/es\/wp-json\/wp\/v2\/product"}],"about":[{"href":"https:\/\/www.damac.it\/es\/wp-json\/wp\/v2\/types\/product"}],"wp:featuredmedia":[{"embeddable":true,"href":"https:\/\/www.damac.it\/es\/wp-json\/wp\/v2\/media\/16841"}],"wp:attachment":[{"href":"https:\/\/www.damac.it\/es\/wp-json\/wp\/v2\/media?parent=16839"}],"wp:term":[{"taxonomy":"ubicazione_acf","embeddable":true,"href":"https:\/\/www.damac.it\/es\/wp-json\/wp\/v2\/ubicazione_acf?post=16839"},{"taxonomy":"product_brand","embeddable":true,"href":"https:\/\/www.damac.it\/es\/wp-json\/wp\/v2\/product_brand?post=16839"},{"taxonomy":"product_cat","embeddable":true,"href":"https:\/\/www.damac.it\/es\/wp-json\/wp\/v2\/product_cat?post=16839"},{"taxonomy":"product_tag","embeddable":true,"href":"https:\/\/www.damac.it\/es\/wp-json\/wp\/v2\/false?post=16839"},{"taxonomy":"proprietario","embeddable":true,"href":"https:\/\/www.damac.it\/es\/wp-json\/wp\/v2\/proprietario?post=16839"}],"curies":[{"name":"wp","href":"https:\/\/api.w.org\/{rel}","templated":true}]}}