{"id":16875,"date":"2025-10-20T15:58:34","date_gmt":"2025-10-20T15:58:34","guid":{"rendered":"https:\/\/www.damac.it\/sin%20categor\u00eda\/volvo-ec140blc\/"},"modified":"2026-04-08T07:57:00","modified_gmt":"2026-04-08T07:57:00","slug":"volvo-ec140blc","status":"publish","type":"product","link":"https:\/\/www.damac.it\/es\/excavadoras-de-cadenas\/volvo-ec140blc-foggia\/","title":{"rendered":"VOLVO EC140BLC"},"content":{"rendered":"\n<p>Robusta, fiable y potente, esta <strong>Volvo EC140BLC 2000<\/strong> es una excavadora de cadenas dise\u00f1ada para ofrecer un alto rendimiento y una gran precisi\u00f3n en todo tipo de trabajos. Con <strong>7.000 horas de trabajo<\/strong>, est\u00e1 en buen estado general y lista para ser utilizada en el lugar de trabajo. <\/p>\n\n<p>La m\u00e1quina est\u00e1 equipada con una <strong>pluma monol\u00edtica<\/strong> completa con <strong>martillo, garra y sistema de giro<\/strong>, lo que ampl\u00eda su versatilidad operativa. Tambi\u00e9n est\u00e1 equipada con <strong>v\u00e1lvulas de bloqueo<\/strong> para aumentar la seguridad durante las operaciones de elevaci\u00f3n y manipulaci\u00f3n de cargas. <\/p>\n\n<p>La excavadora est\u00e1 equipada con un <strong>enganche r\u00e1pido<\/strong> y una <strong>cuchara excavadora<\/strong>, listos para su uso inmediato. La <strong>cabina cerrada<\/strong> proporciona comodidad y protecci\u00f3n al operador, garantizando un entorno de trabajo seguro y silencioso incluso en las condiciones m\u00e1s exigentes. <\/p>\n\n<p>Con un <strong>peso operativo de 14,8 toneladas<\/strong> y unas dimensiones de <strong>7,63 m de longitud<\/strong>, <strong>2,59 m de anchura<\/strong> y <strong>2,83 m de altura<\/strong>, la Volvo EC140BLC combina potencia y estabilidad, sin dejar de ser f\u00e1cil de maniobrar incluso en espacios de tama\u00f1o medio.<br\/>Est\u00e1 propulsada por un fiable motor <strong>Volvo D4D-EAE1<\/strong> <strong>de 69 kW<\/strong>, sin\u00f3nimo de eficacia, durabilidad y bajo consumo de combustible.<\/p>\n\n<p>S\u00f3lida y de alto rendimiento, esta <strong>Volvo EC140BLC<\/strong> es una opci\u00f3n ideal para quienes buscan una excavadora de gama media capaz de ofrecer fiabilidad, potencia y precisi\u00f3n en cualquier obra.<\/p>\n\n<p><\/p>\n","protected":false},"excerpt":{"rendered":"<p class=\"p1\">Excavadora de cadenas VOLVO EC140BLC del a\u00f1o 2000 con 7.000 horas de trabajo. Peso 14.800 kg, cabina cerrada, pluma monol\u00edtica, sistema de martillo y enganche r\u00e1pido incluidos. Motor VOLVO D4D-EAE1 de 69 kW.  <\/p>\n","protected":false},"featured_media":16876,"template":"","meta":{"_acf_changed":false},"ubicazione_acf":[],"product_brand":[657],"product_cat":[434],"false":[748],"proprietario":[],"class_list":{"0":"post-16875","1":"product","2":"type-product","3":"status-publish","4":"has-post-thumbnail","6":"product_brand-volvo","7":"product_cat-excavadoras-de-cadenas","8":"product_tag-es","9":"pa_brand-volvo","11":"first","12":"instock","13":"sold-individually","14":"shipping-taxable","15":"purchasable","16":"product-type-simple"},"acf":[],"_links":{"self":[{"href":"https:\/\/www.damac.it\/es\/wp-json\/wp\/v2\/product\/16875","targetHints":{"allow":["GET"]}}],"collection":[{"href":"https:\/\/www.damac.it\/es\/wp-json\/wp\/v2\/product"}],"about":[{"href":"https:\/\/www.damac.it\/es\/wp-json\/wp\/v2\/types\/product"}],"wp:featuredmedia":[{"embeddable":true,"href":"https:\/\/www.damac.it\/es\/wp-json\/wp\/v2\/media\/16876"}],"wp:attachment":[{"href":"https:\/\/www.damac.it\/es\/wp-json\/wp\/v2\/media?parent=16875"}],"wp:term":[{"taxonomy":"ubicazione_acf","embeddable":true,"href":"https:\/\/www.damac.it\/es\/wp-json\/wp\/v2\/ubicazione_acf?post=16875"},{"taxonomy":"product_brand","embeddable":true,"href":"https:\/\/www.damac.it\/es\/wp-json\/wp\/v2\/product_brand?post=16875"},{"taxonomy":"product_cat","embeddable":true,"href":"https:\/\/www.damac.it\/es\/wp-json\/wp\/v2\/product_cat?post=16875"},{"taxonomy":"product_tag","embeddable":true,"href":"https:\/\/www.damac.it\/es\/wp-json\/wp\/v2\/false?post=16875"},{"taxonomy":"proprietario","embeddable":true,"href":"https:\/\/www.damac.it\/es\/wp-json\/wp\/v2\/proprietario?post=16875"}],"curies":[{"name":"wp","href":"https:\/\/api.w.org\/{rel}","templated":true}]}}