{"id":16969,"date":"2025-10-20T16:05:39","date_gmt":"2025-10-20T16:05:39","guid":{"rendered":"https:\/\/www.damac.it\/sin%20categor\u00eda\/kubota-u17\/"},"modified":"2026-02-06T15:49:56","modified_gmt":"2026-02-06T15:49:56","slug":"kubota-u17","status":"publish","type":"product","link":"https:\/\/www.damac.it\/es\/miniexcavadoras\/kubota-u17-foggia\/","title":{"rendered":"KUBOTA U17"},"content":{"rendered":"\n<p>Compacta, precisa y maniobrable, esta <strong>Kubota U17-3\u03b1 de 2017<\/strong> es la miniexcavadora ideal para trabajar en espacios reducidos garantizando potencia y estabilidad. Con <strong>2.000 horas de trabajo<\/strong>, est\u00e1 en excelentes condiciones y lista para su uso inmediato. <\/p>\n\n<p>La m\u00e1quina est\u00e1 equipada con <strong>nuevas orugas de goma<\/strong>, un <strong>tren de rodaje variable<\/strong> y <strong>cuchilla delantera<\/strong>, caracter\u00edsticas que garantizan un agarre, una estabilidad y una versatilidad excelentes incluso en las obras m\u00e1s estrechas. El <strong>sistema<\/strong> pivotante permite girar completamente la torreta sin que sobresalga el contrapeso, lo que permite realizar operaciones seguras y precisas en espacios reducidos. <\/p>\n\n<p>La miniexcavadora est\u00e1 equipada con <strong>dos cucharas de enganche r\u00e1pido Cangini<\/strong>, que facilitan y agilizan el cambio de implementos. Tambi\u00e9n est\u00e1 equipada con un <strong>tejadillo protector<\/strong>, c\u00f3modo y ligero, ideal para trabajar al aire libre manteniendo una excelente visibilidad. <\/p>\n\n<p>Con un <strong>peso operativo de 1,65 toneladas<\/strong> y unas dimensiones compactas: <strong>3,545 m de largo<\/strong>, <strong>1,24 m de ancho<\/strong> y <strong>2,34 m de alto<\/strong>, la Kubota U17-3\u03b1 es f\u00e1cil de transportar y perfecta para trabajos de mantenimiento, construcci\u00f3n y jardiner\u00eda profesional.<br\/>El motor <strong>Kubota D902<\/strong> <strong>de 11,8 kW<\/strong> garantiza eficiencia, bajo consumo de combustible y gran fiabilidad.<\/p>\n\n<p><\/p>\n","protected":false},"excerpt":{"rendered":"<p class=\"p1\">Miniexcavadora KUBOTA U17-3\u03b1 de 2017 con 2.000 horas de trabajo. Peso 1.650 kg, giro de voladizo cero, tren de rodaje variable, orugas nuevas, cuchilla delantera y dos cucharones Cangini de enganche r\u00e1pido. Motor Kubota D902 de 11,8 kW.  <\/p>\n","protected":false},"featured_media":16970,"template":"","meta":{"_acf_changed":false},"ubicazione_acf":[],"product_brand":[601],"product_cat":[411],"false":[748],"proprietario":[],"class_list":{"0":"post-16969","1":"product","2":"type-product","3":"status-publish","4":"has-post-thumbnail","6":"product_brand-kubota","7":"product_cat-miniexcavadoras","8":"product_tag-es","9":"pa_brand-kubota","11":"first","12":"outofstock","13":"sold-individually","14":"shipping-taxable","15":"purchasable","16":"product-type-simple"},"acf":[],"_links":{"self":[{"href":"https:\/\/www.damac.it\/es\/wp-json\/wp\/v2\/product\/16969","targetHints":{"allow":["GET"]}}],"collection":[{"href":"https:\/\/www.damac.it\/es\/wp-json\/wp\/v2\/product"}],"about":[{"href":"https:\/\/www.damac.it\/es\/wp-json\/wp\/v2\/types\/product"}],"wp:featuredmedia":[{"embeddable":true,"href":"https:\/\/www.damac.it\/es\/wp-json\/wp\/v2\/media\/16970"}],"wp:attachment":[{"href":"https:\/\/www.damac.it\/es\/wp-json\/wp\/v2\/media?parent=16969"}],"wp:term":[{"taxonomy":"ubicazione_acf","embeddable":true,"href":"https:\/\/www.damac.it\/es\/wp-json\/wp\/v2\/ubicazione_acf?post=16969"},{"taxonomy":"product_brand","embeddable":true,"href":"https:\/\/www.damac.it\/es\/wp-json\/wp\/v2\/product_brand?post=16969"},{"taxonomy":"product_cat","embeddable":true,"href":"https:\/\/www.damac.it\/es\/wp-json\/wp\/v2\/product_cat?post=16969"},{"taxonomy":"product_tag","embeddable":true,"href":"https:\/\/www.damac.it\/es\/wp-json\/wp\/v2\/false?post=16969"},{"taxonomy":"proprietario","embeddable":true,"href":"https:\/\/www.damac.it\/es\/wp-json\/wp\/v2\/proprietario?post=16969"}],"curies":[{"name":"wp","href":"https:\/\/api.w.org\/{rel}","templated":true}]}}