{"id":17040,"date":"2025-10-21T07:37:25","date_gmt":"2025-10-21T07:37:25","guid":{"rendered":"https:\/\/www.damac.it\/sin%20categor\u00eda\/jcb-8030zts\/"},"modified":"2026-01-12T09:18:30","modified_gmt":"2026-01-12T09:18:30","slug":"jcb-8030zts","status":"publish","type":"product","link":"https:\/\/www.damac.it\/es\/miniexcavadoras\/jcb-8030zts-foggia\/","title":{"rendered":"JCB 8030 ZTS"},"content":{"rendered":"\n<p>Fiable, compacta y maniobrable, esta <strong>JCB 8030 ZTS 2008<\/strong> es una miniexcavadora de giro cero ideal para trabajos de excavaci\u00f3n, mantenimiento y construcci\u00f3n en espacios reducidos. Con <strong>5.000 horas de trabajo<\/strong>, est\u00e1 en buen estado general y es inmediatamente operativa. <\/p>\n\n<p>La m\u00e1quina est\u00e1 equipada con <strong>nuevas orugas de goma<\/strong>, que garantizan un agarre excelente y un menor desgaste de las superficies, y con una <strong>cuchilla<\/strong> frontal, perfecta para nivelar y mover el terreno. La <strong>pluma monol\u00edtica<\/strong> con <strong>sistema de martillo<\/strong> garantiza resistencia y precisi\u00f3n en las operaciones, mientras que la <strong>cabina cerrada<\/strong> ofrece comodidad y seguridad al operador en todas las condiciones de trabajo. <\/p>\n\n<p>Completa con <strong>dos cucharas excavadoras<\/strong>, la JCB 8030 ZTS es una verdadera aliada para quienes buscan una m\u00e1quina vers\u00e1til y lista para usar. La tecnolog\u00eda de <strong>giro<\/strong> de cola cero te permite trabajar en espacios reducidos, evitando las protuberancias del contrapeso durante la rotaci\u00f3n. <\/p>\n\n<p>Con un <strong>peso operativo de 3,22 toneladas<\/strong> y unas dimensiones de <strong>4,29 m de longitud<\/strong>, <strong>1,65 m de anchura<\/strong> y <strong>2,43 m de altura<\/strong>, esta m\u00e1quina combina compacidad y estabilidad.<br\/>Est\u00e1 propulsada por un fiable motor <strong>Perkins 403D-15<\/strong> <strong>de 20 kW<\/strong>, sin\u00f3nimo de eficacia y durabilidad.<\/p>\n\n<p>S\u00f3lida y eficaz, la <strong>JCB 8030 ZTS<\/strong> es la elecci\u00f3n ideal para quienes desean una miniexcavadora de calidad preparada para ofrecer productividad y fiabilidad en cualquier obra.<\/p>\n\n<p><\/p>\n","protected":false},"excerpt":{"rendered":"<p class=\"p1\">Miniexcavadora JCB 8030 ZTS de 2008 con 5.000 horas de trabajo. Peso operativo 3.220 kg, cabina cerrada, giro de voladizo cero, sistema de martillo y pala frontal. Orugas nuevas, dos cucharas excavadoras incluidas. Motor Perkins 403D-15 de 20 kW.   <\/p>\n","protected":false},"featured_media":17041,"template":"","meta":{"_acf_changed":false},"ubicazione_acf":[],"product_brand":[606],"product_cat":[411],"false":[748],"proprietario":[],"class_list":{"0":"post-17040","1":"product","2":"type-product","3":"status-publish","4":"has-post-thumbnail","6":"product_brand-jcb","7":"product_cat-miniexcavadoras","8":"product_tag-es","9":"pa_brand-jcb","11":"first","12":"outofstock","13":"sold-individually","14":"shipping-taxable","15":"purchasable","16":"product-type-simple"},"acf":[],"_links":{"self":[{"href":"https:\/\/www.damac.it\/es\/wp-json\/wp\/v2\/product\/17040","targetHints":{"allow":["GET"]}}],"collection":[{"href":"https:\/\/www.damac.it\/es\/wp-json\/wp\/v2\/product"}],"about":[{"href":"https:\/\/www.damac.it\/es\/wp-json\/wp\/v2\/types\/product"}],"wp:featuredmedia":[{"embeddable":true,"href":"https:\/\/www.damac.it\/es\/wp-json\/wp\/v2\/media\/17041"}],"wp:attachment":[{"href":"https:\/\/www.damac.it\/es\/wp-json\/wp\/v2\/media?parent=17040"}],"wp:term":[{"taxonomy":"ubicazione_acf","embeddable":true,"href":"https:\/\/www.damac.it\/es\/wp-json\/wp\/v2\/ubicazione_acf?post=17040"},{"taxonomy":"product_brand","embeddable":true,"href":"https:\/\/www.damac.it\/es\/wp-json\/wp\/v2\/product_brand?post=17040"},{"taxonomy":"product_cat","embeddable":true,"href":"https:\/\/www.damac.it\/es\/wp-json\/wp\/v2\/product_cat?post=17040"},{"taxonomy":"product_tag","embeddable":true,"href":"https:\/\/www.damac.it\/es\/wp-json\/wp\/v2\/false?post=17040"},{"taxonomy":"proprietario","embeddable":true,"href":"https:\/\/www.damac.it\/es\/wp-json\/wp\/v2\/proprietario?post=17040"}],"curies":[{"name":"wp","href":"https:\/\/api.w.org\/{rel}","templated":true}]}}