{"id":17196,"date":"2025-10-21T07:50:48","date_gmt":"2025-10-21T07:50:48","guid":{"rendered":"https:\/\/www.damac.it\/sin%20categor\u00eda\/yanmar-vio30\/"},"modified":"2026-01-12T09:18:25","modified_gmt":"2026-01-12T09:18:25","slug":"yanmar-vio30","status":"publish","type":"product","link":"https:\/\/www.damac.it\/es\/miniexcavadoras\/yanmar-vio30-foggia\/","title":{"rendered":"YANMAR VIO30"},"content":{"rendered":"\n<p>Compacta, precisa y fiable, esta <strong>Yanmar VIO30 2008<\/strong> es una miniexcavadora de giro cero ideal para trabajar en espacios reducidos sin sacrificar potencia ni estabilidad. Con <strong>3.700 horas de trabajo<\/strong>, est\u00e1 en excelentes condiciones y lista para usar. <\/p>\n\n<p>La m\u00e1quina est\u00e1 equipada con <strong>orugas de goma<\/strong>, que proporcionan un agarre excelente y menos desgaste en superficies delicadas, y una <strong>cuchilla frontal<\/strong> para nivelar y mover el terreno. La <strong>pluma monol\u00edtica<\/strong> con <strong>sistema de martillo<\/strong> garantiza versatilidad y precisi\u00f3n en todo tipo de operaciones, mientras que la <strong>cabina cerrada<\/strong> ofrece comodidad y seguridad al operador. <\/p>\n\n<p>La ViO30 viene completa con <strong>dos cucharas en montajes pivotantes<\/strong>, listas para su uso inmediato. Gracias a su <strong>sistema de giro<\/strong> sin cola, la parte trasera de la m\u00e1quina no sobresale durante la rotaci\u00f3n, lo que permite un funcionamiento seguro incluso en espacios reducidos. <\/p>\n\n<p>Con un <strong>peso operativo de 3,27 toneladas<\/strong> y unas dimensiones de <strong>4,32 m de longitud<\/strong>, <strong>1,55 m de anchura<\/strong> y <strong>2,53 m de altura<\/strong>, la miniexcavadora es f\u00e1cil de transportar y maniobrar.<br\/>Est\u00e1 equipada con un motor <strong>Yanmar 3TNV82A<\/strong>, sin\u00f3nimo de eficacia y fiabilidad, que ofrece potencia y bajo consumo de combustible.<\/p>\n\n<p>S\u00f3lida, compacta y lista para trabajar, esta <strong>Yanmar VIO30<\/strong> es la elecci\u00f3n ideal para quienes buscan una excavadora vers\u00e1til y de alto rendimiento, perfecta para obras urbanas y trabajos de precisi\u00f3n.<\/p>\n\n<p><\/p>\n","protected":false},"excerpt":{"rendered":"<p class=\"p1\">Miniexcavadora YANMAR VIO30 de 2008 con 3.700 horas de trabajo. Peso operativo 3.270 kg, giro de voladizo cero, cabina cerrada, pala frontal, sistema de martillo y dos cucharones. Orugas de goma, motor Yanmar 3TNV82A de 18 kW.  <\/p>\n","protected":false},"featured_media":17201,"template":"","meta":{"_acf_changed":false},"ubicazione_acf":[],"product_brand":[700],"product_cat":[411],"false":[748],"proprietario":[],"class_list":{"0":"post-17196","1":"product","2":"type-product","3":"status-publish","4":"has-post-thumbnail","6":"product_brand-yanmar","7":"product_cat-miniexcavadoras","8":"product_tag-es","9":"pa_brand-yanmar","11":"first","12":"outofstock","13":"sold-individually","14":"shipping-taxable","15":"purchasable","16":"product-type-simple"},"acf":[],"_links":{"self":[{"href":"https:\/\/www.damac.it\/es\/wp-json\/wp\/v2\/product\/17196","targetHints":{"allow":["GET"]}}],"collection":[{"href":"https:\/\/www.damac.it\/es\/wp-json\/wp\/v2\/product"}],"about":[{"href":"https:\/\/www.damac.it\/es\/wp-json\/wp\/v2\/types\/product"}],"wp:featuredmedia":[{"embeddable":true,"href":"https:\/\/www.damac.it\/es\/wp-json\/wp\/v2\/media\/17201"}],"wp:attachment":[{"href":"https:\/\/www.damac.it\/es\/wp-json\/wp\/v2\/media?parent=17196"}],"wp:term":[{"taxonomy":"ubicazione_acf","embeddable":true,"href":"https:\/\/www.damac.it\/es\/wp-json\/wp\/v2\/ubicazione_acf?post=17196"},{"taxonomy":"product_brand","embeddable":true,"href":"https:\/\/www.damac.it\/es\/wp-json\/wp\/v2\/product_brand?post=17196"},{"taxonomy":"product_cat","embeddable":true,"href":"https:\/\/www.damac.it\/es\/wp-json\/wp\/v2\/product_cat?post=17196"},{"taxonomy":"product_tag","embeddable":true,"href":"https:\/\/www.damac.it\/es\/wp-json\/wp\/v2\/false?post=17196"},{"taxonomy":"proprietario","embeddable":true,"href":"https:\/\/www.damac.it\/es\/wp-json\/wp\/v2\/proprietario?post=17196"}],"curies":[{"name":"wp","href":"https:\/\/api.w.org\/{rel}","templated":true}]}}