{"id":18594,"date":"2025-11-16T15:59:15","date_gmt":"2025-11-16T15:59:15","guid":{"rendered":"https:\/\/www.damac.it\/sin%20categor\u00eda\/turchi-260f\/"},"modified":"2025-12-06T17:16:48","modified_gmt":"2025-12-06T17:16:48","slug":"turchi-260f","status":"publish","type":"product","link":"https:\/\/www.damac.it\/es\/martillos-hincapostes-hidraulicos\/turchi-260f-anguillara-sabazia\/","title":{"rendered":"TURCHI 260F"},"content":{"rendered":"\n<p>El <strong>Turchi 260F<\/strong> es un martinete hidr\u00e1ulico compacto y potente dise\u00f1ado para trabajos profesionales de colocaci\u00f3n de pilotes en los sectores de la energ\u00eda solar, la agricultura y la construcci\u00f3n de carreteras.<\/p>\n\n<p>Equipado con un martillo <strong>INDECO de 950 julios<\/strong> y un motor <strong>Yanmar 4TNV88 de 35,4 kW<\/strong>, garantiza alto rendimiento, m\u00e1xima precisi\u00f3n y productividad continua incluso en condiciones dif\u00edciles.<\/p>\n\n<p>El dise\u00f1o compacto (1960 \u00d7 2350 \u00d7 2690 mm) y las <strong>orugas de goma<\/strong> permiten un funcionamiento estable y un impacto reducido en el suelo. La columna basculante <strong> de +10\u00b0 \/ -51\u00b0<\/strong> y el ajuste lateral <strong>de \u00b110\u00b0<\/strong> permiten un posicionamiento r\u00e1pido y perfecto, reduciendo el tiempo de instalaci\u00f3n. <\/p>\n\n<p>El sistema hidr\u00e1ulico de circuito abierto, con un caudal de <strong>60-90 L\/min<\/strong> y una presi\u00f3n de <strong>180 bar<\/strong>, ofrece potencia constante y fiabilidad a lo largo del tiempo. Todos los componentes tienen la certificaci\u00f3n CE y est\u00e1n dise\u00f1ados para un uso intensivo. <\/p>\n\n<p>M\u00e1quina nueva, lista para usar, completa con manuales y documentaci\u00f3n. Disponible para ver y entrega inmediata. <\/p>\n","protected":false},"excerpt":{"rendered":"<p class=\"p1\">Martillo hidr\u00e1ulico Turchi 260F nuevo, 950 julios, motor Yanmar 4TNV88 de 35,4 kW, martillo Indeco de 440 kg, inclinaci\u00f3n de la columna +10\u00b0\/-51\u00b0, orugas de goma y estructura compacta. M\u00e1quina profesional ideal para cerramientos, fotovoltaicos y barandillas. Disponible en Anguillara Sabazia.  <\/p>\n","protected":false},"featured_media":18599,"template":"","meta":{"_acf_changed":false},"ubicazione_acf":[],"product_brand":[598],"product_cat":[417],"false":[748],"proprietario":[],"class_list":{"0":"post-18594","1":"product","2":"type-product","3":"status-publish","4":"has-post-thumbnail","6":"product_brand-turchi","7":"product_cat-martillos-hincapostes-hidraulicos","8":"product_tag-es","9":"pa_brand-turchi","11":"first","12":"instock","13":"sold-individually","14":"shipping-taxable","15":"product-type-simple"},"acf":[],"_links":{"self":[{"href":"https:\/\/www.damac.it\/es\/wp-json\/wp\/v2\/product\/18594","targetHints":{"allow":["GET"]}}],"collection":[{"href":"https:\/\/www.damac.it\/es\/wp-json\/wp\/v2\/product"}],"about":[{"href":"https:\/\/www.damac.it\/es\/wp-json\/wp\/v2\/types\/product"}],"wp:featuredmedia":[{"embeddable":true,"href":"https:\/\/www.damac.it\/es\/wp-json\/wp\/v2\/media\/18599"}],"wp:attachment":[{"href":"https:\/\/www.damac.it\/es\/wp-json\/wp\/v2\/media?parent=18594"}],"wp:term":[{"taxonomy":"ubicazione_acf","embeddable":true,"href":"https:\/\/www.damac.it\/es\/wp-json\/wp\/v2\/ubicazione_acf?post=18594"},{"taxonomy":"product_brand","embeddable":true,"href":"https:\/\/www.damac.it\/es\/wp-json\/wp\/v2\/product_brand?post=18594"},{"taxonomy":"product_cat","embeddable":true,"href":"https:\/\/www.damac.it\/es\/wp-json\/wp\/v2\/product_cat?post=18594"},{"taxonomy":"product_tag","embeddable":true,"href":"https:\/\/www.damac.it\/es\/wp-json\/wp\/v2\/false?post=18594"},{"taxonomy":"proprietario","embeddable":true,"href":"https:\/\/www.damac.it\/es\/wp-json\/wp\/v2\/proprietario?post=18594"}],"curies":[{"name":"wp","href":"https:\/\/api.w.org\/{rel}","templated":true}]}}