{"id":18850,"date":"2025-11-21T15:15:08","date_gmt":"2025-11-21T15:15:08","guid":{"rendered":"https:\/\/www.damac.it\/sin%20categor\u00eda\/ihimer-40jx-2006\/"},"modified":"2026-04-08T08:43:24","modified_gmt":"2026-04-08T08:43:24","slug":"ihimer-40jx-2006","status":"publish","type":"product","link":"https:\/\/www.damac.it\/es\/miniexcavadoras\/ihimer-40jx-2006-anguillara-sabazia\/","title":{"rendered":"IHIMER 40JX"},"content":{"rendered":"\n<p>La <a href=\"https:\/\/www.damac.it\/es\/miniexcavadoras\/\">miniexcavadora<\/a> <strong>IHIMER 40JX<\/strong> es una m\u00e1quina compacta y fiable, dise\u00f1ada para ofrecer un excelente rendimiento en obras viales, de construcci\u00f3n y agr\u00edcolas. Con un peso operativo de <strong>4390 kg<\/strong> y una estructura robusta, garantiza estabilidad, precisi\u00f3n y productividad incluso en los trabajos m\u00e1s exigentes. <\/p>\n\n<p>Este modelo del <strong>2006<\/strong> est\u00e1 en buenas condiciones generales, con <strong>5542 horas de trabajo<\/strong>, cabina cerrada para un confort \u00f3ptimo, <strong>orugas de goma nuevas al 100%<\/strong>, instalaci\u00f3n de martillo ya montada y <a href=\"https:\/\/www.damac.it\/es\/accesorios\/\">cazo<\/a> de excavaci\u00f3n incluido. El brazo monol\u00edtico asegura fuerza y sensibilidad en los movimientos, mientras que la cuchilla frontal lo hace ideal tambi\u00e9n para operaciones de nivelaci\u00f3n y limpieza. <\/p>\n\n<p>Realizamos env\u00edos a toda Italia y al extranjero con transportistas especializados y ofrecemos asistencia t\u00e9cnica preventa y posventa. Como todas las m\u00e1quinas DAMAC, esta IHIMER 40JX ha sido revisada y probada antes de su comercializaci\u00f3n para garantizar su fiabilidad y seguridad. <\/p>\n\n<div class=\"wp-block-webfactory-map\"><div class=\"wp-block-webfactory-map\"><iframe title=\"Mapa\" width=\"100%\" height=\"380px\" src=\"https:\/\/www.google.com\/maps\/embed\/v1\/place?q=anguillara%20sabazia&amp;maptype=roadmap&amp;zoom=7&amp;key=AIzaSyCbpj9Ji_jwudUhfVpTXiPB79zpZZSDW8c\" frameborder=\"0\"><\/iframe><\/div><\/div>\n","protected":false},"excerpt":{"rendered":"<p>Miniexcavadora IHIMER 40JX 2006, 4.390 kg, sistema de martillos, cuchilla, cabina cerrada y orugas de goma 100% nuevas. M\u00e1quina probada y lista para usar. <\/p>\n","protected":false},"featured_media":18851,"template":"","meta":{"_acf_changed":false},"ubicazione_acf":[],"product_brand":[770],"product_cat":[411],"false":[748],"proprietario":[],"class_list":{"0":"post-18850","1":"product","2":"type-product","3":"status-publish","4":"has-post-thumbnail","6":"product_brand-ihimer","7":"product_cat-miniexcavadoras","8":"product_tag-es","9":"pa_brand-ihimer","11":"first","12":"instock","13":"sale","14":"sold-individually","15":"shipping-taxable","16":"purchasable","17":"product-type-simple"},"acf":[],"_links":{"self":[{"href":"https:\/\/www.damac.it\/es\/wp-json\/wp\/v2\/product\/18850","targetHints":{"allow":["GET"]}}],"collection":[{"href":"https:\/\/www.damac.it\/es\/wp-json\/wp\/v2\/product"}],"about":[{"href":"https:\/\/www.damac.it\/es\/wp-json\/wp\/v2\/types\/product"}],"wp:featuredmedia":[{"embeddable":true,"href":"https:\/\/www.damac.it\/es\/wp-json\/wp\/v2\/media\/18851"}],"wp:attachment":[{"href":"https:\/\/www.damac.it\/es\/wp-json\/wp\/v2\/media?parent=18850"}],"wp:term":[{"taxonomy":"ubicazione_acf","embeddable":true,"href":"https:\/\/www.damac.it\/es\/wp-json\/wp\/v2\/ubicazione_acf?post=18850"},{"taxonomy":"product_brand","embeddable":true,"href":"https:\/\/www.damac.it\/es\/wp-json\/wp\/v2\/product_brand?post=18850"},{"taxonomy":"product_cat","embeddable":true,"href":"https:\/\/www.damac.it\/es\/wp-json\/wp\/v2\/product_cat?post=18850"},{"taxonomy":"product_tag","embeddable":true,"href":"https:\/\/www.damac.it\/es\/wp-json\/wp\/v2\/false?post=18850"},{"taxonomy":"proprietario","embeddable":true,"href":"https:\/\/www.damac.it\/es\/wp-json\/wp\/v2\/proprietario?post=18850"}],"curies":[{"name":"wp","href":"https:\/\/api.w.org\/{rel}","templated":true}]}}