{"id":19611,"date":"2025-11-25T17:15:04","date_gmt":"2025-11-25T17:15:04","guid":{"rendered":"https:\/\/www.damac.it\/sin%20categor\u00eda\/rampe-ra-150x40\/"},"modified":"2026-04-08T08:38:31","modified_gmt":"2026-04-08T08:38:31","slug":"rampe-ra-150x40","status":"publish","type":"product","link":"https:\/\/www.damac.it\/es\/rampas\/rampe-ra-150x40-anguillara-sabazia\/","title":{"rendered":"Rampas de carga 150&#215;40"},"content":{"rendered":"\n<p><strong>Rampas de carga de aluminio 150X40<\/strong>, ideales para la carga y descarga de veh\u00edculos de neum\u00e1ticos como <a href=\"https:\/\/www.damac.it\/es\/minicargadoras\/\">minicargadoras<\/a>, <a href=\"https:\/\/www.damac.it\/es\/miniexcavadoras\/\">miniexcavadoras<\/a> compactas y peque\u00f1os transportadores.<\/p>\n\n<p>Fabricados con aleaci\u00f3n ligera de alta resistencia, garantizan <strong>estabilidad, seguridad y larga vida \u00fatil<\/strong>.<\/p>\n\n<p><strong>Principales caracter\u00edsticas t\u00e9cnicas:<\/strong><\/p>\n\n<ul class=\"wp-block-list\">\n<li><strong>Longitud total:<\/strong> 4.000 mm<\/li>\n\n\n\n<li><strong>Peso del par:<\/strong> 110 kg<\/li>\n\n\n\n<li><strong>Tra\u00eddo a la pareja:<\/strong>\n<ul class=\"wp-block-list\">\n<li>Distancia entre ejes 1.500 mm \u2192 <strong>5.020 kg<\/strong><\/li>\n\n\n\n<li>Distancia entre ejes 2.000 mm \u2192 <strong>5.800 kg<\/strong><\/li>\n<\/ul>\n<\/li>\n\n\n\n<li><strong>Anchura interior:<\/strong> 400 mm<\/li>\n\n\n\n<li><strong>Anchura exterior:<\/strong> 462 mm<\/li>\n\n\n\n<li><strong>Altura del borde lateral:<\/strong> 40 mm<\/li>\n\n\n\n<li><strong>N\u00famero de serie:<\/strong> 28720<\/li>\n\n\n\n<li><strong>A\u00f1o de producci\u00f3n:<\/strong> 2025<\/li>\n\n\n\n<li><strong>Certificaci\u00f3n CE:<\/strong> S\u00ed<\/li>\n<\/ul>\n\n<p><strong>Advertencias de uso<\/strong>:<\/p>\n\n<p>Queda prohibida cualquier modificaci\u00f3n estructural de las rampas.<br\/>No utilizar para cargar m\u00e1quinas con orugas de hierro o ruedas met\u00e1licas.<br\/>Evitar el uso en condiciones de fr\u00edo extremo con cargas pr\u00f3ximas al l\u00edmite m\u00e1ximo.<\/p>\n\n<div class=\"wp-block-webfactory-map\"><div class=\"wp-block-webfactory-map\"><iframe title=\"Mapa\" width=\"100%\" height=\"380px\" src=\"https:\/\/www.google.com\/maps\/embed\/v1\/place?q=anguillara%20sabazia&amp;maptype=roadmap&amp;zoom=7&amp;key=AIzaSyCbpj9Ji_jwudUhfVpTXiPB79zpZZSDW8c\" frameborder=\"0\"><\/iframe><\/div><\/div>\n","protected":false},"excerpt":{"rendered":"<p>Rampas de carga de aluminio 150\u00d740, longitud 4 m, capacidad de carga de hasta 5.800 kg. Ligeras, robustas y con certificaci\u00f3n CE, ideales para minicargadoras, excavadoras compactas y veh\u00edculos de ruedas. Listas para usar.  <\/p>\n","protected":false},"featured_media":18330,"template":"","meta":{"_acf_changed":false},"ubicazione_acf":[],"product_brand":[721],"product_cat":[722],"false":[748],"proprietario":[],"class_list":{"0":"post-19611","1":"product","2":"type-product","3":"status-publish","4":"has-post-thumbnail","6":"product_brand-damac","7":"product_cat-rampas","8":"product_tag-es","9":"pa_brand-damac","11":"first","12":"instock","13":"sale","14":"sold-individually","15":"shipping-taxable","16":"purchasable","17":"product-type-simple"},"acf":[],"_links":{"self":[{"href":"https:\/\/www.damac.it\/es\/wp-json\/wp\/v2\/product\/19611","targetHints":{"allow":["GET"]}}],"collection":[{"href":"https:\/\/www.damac.it\/es\/wp-json\/wp\/v2\/product"}],"about":[{"href":"https:\/\/www.damac.it\/es\/wp-json\/wp\/v2\/types\/product"}],"wp:featuredmedia":[{"embeddable":true,"href":"https:\/\/www.damac.it\/es\/wp-json\/wp\/v2\/media\/18330"}],"wp:attachment":[{"href":"https:\/\/www.damac.it\/es\/wp-json\/wp\/v2\/media?parent=19611"}],"wp:term":[{"taxonomy":"ubicazione_acf","embeddable":true,"href":"https:\/\/www.damac.it\/es\/wp-json\/wp\/v2\/ubicazione_acf?post=19611"},{"taxonomy":"product_brand","embeddable":true,"href":"https:\/\/www.damac.it\/es\/wp-json\/wp\/v2\/product_brand?post=19611"},{"taxonomy":"product_cat","embeddable":true,"href":"https:\/\/www.damac.it\/es\/wp-json\/wp\/v2\/product_cat?post=19611"},{"taxonomy":"product_tag","embeddable":true,"href":"https:\/\/www.damac.it\/es\/wp-json\/wp\/v2\/false?post=19611"},{"taxonomy":"proprietario","embeddable":true,"href":"https:\/\/www.damac.it\/es\/wp-json\/wp\/v2\/proprietario?post=19611"}],"curies":[{"name":"wp","href":"https:\/\/api.w.org\/{rel}","templated":true}]}}