{"id":20188,"date":"2025-11-26T19:04:58","date_gmt":"2025-11-26T19:04:58","guid":{"rendered":"https:\/\/www.damac.it\/sin%20categor\u00eda\/container-lux\/"},"modified":"2026-03-21T13:59:35","modified_gmt":"2026-03-21T13:59:35","slug":"container-lux","status":"publish","type":"product","link":"https:\/\/www.damac.it\/es\/contenedor\/container-lux\/","title":{"rendered":"CONTENEDOR LUX 6M"},"content":{"rendered":"\n<p>El <strong>CONTENEDOR LUX<\/strong> es una soluci\u00f3n moderna y multifuncional dise\u00f1ada para quienes necesitan espacios vers\u00e1tiles y de funcionamiento inmediato. Gracias a sus avanzadas tecnolog\u00edas de dise\u00f1o y a su capacidad para adaptarse a distintos contextos profesionales, este contenedor m\u00f3vil puede utilizarse como sala de exposiciones, consultorio m\u00e9dico, oficina temporal, punto de restauraci\u00f3n o espacio docente. La estructura est\u00e1 fabricada con materiales de alta calidad que ofrecen <strong>un elevado aislamiento t\u00e9rmico y ac\u00fastico<\/strong>, garantizando el confort en cualquier estaci\u00f3n y una experiencia de usuario profesional. El interior est\u00e1 dise\u00f1ado centr\u00e1ndose en la ergonom\u00eda y la funcionalidad, combinando un dise\u00f1o moderno, practicidad y espacios bien distribuidos pensados para el trabajo diario.   <\/p>\n\n<p>La producci\u00f3n del LUX CONTAINER comienza con un an\u00e1lisis detallado de las necesidades del cliente. Cada proyecto se desarrolla de forma personalizada, definiendo configuraciones, equipamientos y caracter\u00edsticas t\u00e9cnicas en funci\u00f3n del uso previsto. La estructura de acero se monta en condiciones controladas, garantizando <strong>precisi\u00f3n, durabilidad y altos niveles de calidad.<\/strong> Las paredes, suelos y techos se fabrican para garantizar la solidez, el aislamiento y la perfecta gesti\u00f3n del espacio.   <\/p>\n\n<p>Cada contenedor se somete a pruebas t\u00e9cnicas y controles de calidad antes de su entrega. La producci\u00f3n a medida permite personalizar ventanas, puertas, sistemas el\u00e9ctricos, acabados interiores y revestimientos exteriores, ofreciendo al cliente un producto \u00fanico y representativo de su marca. El dise\u00f1o modular del LUX CONTAINER tambi\u00e9n permite posibles <strong>ampliaciones futuras<\/strong>, por lo que es ideal para quienes desean una soluci\u00f3n escalable apta tanto para uso temporal como permanente.  <\/p>\n\n<p><\/p>\n","protected":false},"excerpt":{"rendered":"<p>Contenedores modulares polivalentes dise\u00f1ados para espacios de trabajo, salas de exposiciones, consultas m\u00e9dicas, restauraci\u00f3n y educaci\u00f3n. Materiales de calidad, aislamiento t\u00e9rmico y ac\u00fastico, disposiciones personalizables y fabricaci\u00f3n a medida. Listos para un uso temporal o permanente.  <\/p>\n","protected":false},"featured_media":20198,"template":"","meta":{"_acf_changed":false},"ubicazione_acf":[],"product_brand":[799],"product_cat":[800],"false":[748],"proprietario":[],"class_list":{"0":"post-20188","1":"product","2":"type-product","3":"status-publish","4":"has-post-thumbnail","6":"product_brand-contenedor-lux","7":"product_cat-contenedor","8":"product_tag-es","9":"pa_brand-container-lux","11":"first","12":"instock","13":"shipping-taxable","14":"product-type-simple"},"acf":[],"_links":{"self":[{"href":"https:\/\/www.damac.it\/es\/wp-json\/wp\/v2\/product\/20188","targetHints":{"allow":["GET"]}}],"collection":[{"href":"https:\/\/www.damac.it\/es\/wp-json\/wp\/v2\/product"}],"about":[{"href":"https:\/\/www.damac.it\/es\/wp-json\/wp\/v2\/types\/product"}],"wp:featuredmedia":[{"embeddable":true,"href":"https:\/\/www.damac.it\/es\/wp-json\/wp\/v2\/media\/20198"}],"wp:attachment":[{"href":"https:\/\/www.damac.it\/es\/wp-json\/wp\/v2\/media?parent=20188"}],"wp:term":[{"taxonomy":"ubicazione_acf","embeddable":true,"href":"https:\/\/www.damac.it\/es\/wp-json\/wp\/v2\/ubicazione_acf?post=20188"},{"taxonomy":"product_brand","embeddable":true,"href":"https:\/\/www.damac.it\/es\/wp-json\/wp\/v2\/product_brand?post=20188"},{"taxonomy":"product_cat","embeddable":true,"href":"https:\/\/www.damac.it\/es\/wp-json\/wp\/v2\/product_cat?post=20188"},{"taxonomy":"product_tag","embeddable":true,"href":"https:\/\/www.damac.it\/es\/wp-json\/wp\/v2\/false?post=20188"},{"taxonomy":"proprietario","embeddable":true,"href":"https:\/\/www.damac.it\/es\/wp-json\/wp\/v2\/proprietario?post=20188"}],"curies":[{"name":"wp","href":"https:\/\/api.w.org\/{rel}","templated":true}]}}