{"id":20455,"date":"2025-11-27T15:27:24","date_gmt":"2025-11-27T15:27:24","guid":{"rendered":"https:\/\/www.damac.it\/sin%20categor\u00eda\/rampe-da-carico-115x30\/"},"modified":"2026-04-08T09:16:19","modified_gmt":"2026-04-08T09:16:19","slug":"rampe-da-carico-115x30","status":"publish","type":"product","link":"https:\/\/www.damac.it\/es\/rampas\/rampe-da-carico-115x30-anguillara-sabazia\/","title":{"rendered":"Rampas de carga 115&#215;30"},"content":{"rendered":"\n<p><strong>Rampas de carga de aluminio 150X40<\/strong>, ideales para la carga y descarga de veh\u00edculos de neum\u00e1ticos como <a href=\"https:\/\/www.damac.it\/es\/minicargadoras\/\">minicargadoras<\/a>, <a href=\"https:\/\/www.damac.it\/es\/miniexcavadoras\/\">miniexcavadoras<\/a> compactas y peque\u00f1os transportadores.<\/p>\n\n<p>Fabricados con aleaci\u00f3n ligera de alta resistencia, garantizan <strong>estabilidad, seguridad y larga vida \u00fatil<\/strong>.<\/p>\n\n<p><strong>Principales caracter\u00edsticas t\u00e9cnicas:<\/strong><\/p>\n\n<ul class=\"wp-block-list\">\n<li><strong>Longitud total:<\/strong> 3.000 mm<\/li>\n\n\n\n<li><strong>Peso del par:<\/strong> 52 kg<\/li>\n\n\n\n<li><strong>Tra\u00eddo a la pareja:<\/strong>\n<ul class=\"wp-block-list\">\n<li>Distancia entre ejes 1.000 mm \u2192 <strong>3.080 kg<\/strong><\/li>\n\n\n\n<li>Distancia entre ejes 2.000 mm \u2192 <strong><strong>3.710<\/strong> kg<\/strong><\/li>\n<\/ul>\n<\/li>\n\n\n\n<li><strong>Anchura interior:<\/strong> 300 mm<\/li>\n\n\n\n<li><strong>Anchura exterior:<\/strong> 350 mm<\/li>\n\n\n\n<li><strong>Altura del borde lateral:<\/strong> 40 mm<\/li>\n\n\n\n<li><strong>Matr\u00edcula:<\/strong><\/li>\n\n\n\n<li><strong>A\u00f1o de producci\u00f3n:<\/strong> 2025<\/li>\n\n\n\n<li><strong>Certificaci\u00f3n CE:<\/strong> S\u00ed<\/li>\n<\/ul>\n\n<p><strong>Advertencias de uso<\/strong>:<\/p>\n\n<p>Est\u00e1 prohibida cualquier modificaci\u00f3n estructural de las rampas.<br\/>No utilizar para cargar m\u00e1quinas con orugas de hierro o ruedas met\u00e1licas.<br\/>Evitar su uso en condiciones de fr\u00edo extremo con cargas cercanas al l\u00edmite m\u00e1ximo.<\/p>\n\n<div class=\"wp-block-webfactory-map\"><div class=\"wp-block-webfactory-map\"><iframe title=\"Mapa\" width=\"100%\" height=\"380px\" src=\"https:\/\/www.google.com\/maps\/embed\/v1\/place?q=anguillara%20sabazia&amp;maptype=roadmap&amp;zoom=7&amp;key=AIzaSyCbpj9Ji_jwudUhfVpTXiPB79zpZZSDW8c\" frameborder=\"0\"><\/iframe><\/div><\/div>\n","protected":false},"excerpt":{"rendered":"<p>Rampas de carga de aluminio DAMAC 115\u00d730, de 3 m de longitud y capacidad de carga de hasta 3.710 kg por par. Ligeras, robustas y con certificaci\u00f3n CE, ideales para minicargadoras y veh\u00edculos de ruedas. M\u00e1xima seguridad con borde lateral de 40 mm. Listas para usar.  <\/p>\n","protected":false},"featured_media":18329,"template":"","meta":{"_acf_changed":false},"ubicazione_acf":[],"product_brand":[721],"product_cat":[722],"false":[748],"proprietario":[],"class_list":{"0":"post-20455","1":"product","2":"type-product","3":"status-publish","4":"has-post-thumbnail","6":"product_brand-damac","7":"product_cat-rampas","8":"product_tag-es","9":"pa_brand-damac","11":"first","12":"instock","13":"sale","14":"sold-individually","15":"shipping-taxable","16":"purchasable","17":"product-type-simple"},"acf":[],"_links":{"self":[{"href":"https:\/\/www.damac.it\/es\/wp-json\/wp\/v2\/product\/20455","targetHints":{"allow":["GET"]}}],"collection":[{"href":"https:\/\/www.damac.it\/es\/wp-json\/wp\/v2\/product"}],"about":[{"href":"https:\/\/www.damac.it\/es\/wp-json\/wp\/v2\/types\/product"}],"wp:featuredmedia":[{"embeddable":true,"href":"https:\/\/www.damac.it\/es\/wp-json\/wp\/v2\/media\/18329"}],"wp:attachment":[{"href":"https:\/\/www.damac.it\/es\/wp-json\/wp\/v2\/media?parent=20455"}],"wp:term":[{"taxonomy":"ubicazione_acf","embeddable":true,"href":"https:\/\/www.damac.it\/es\/wp-json\/wp\/v2\/ubicazione_acf?post=20455"},{"taxonomy":"product_brand","embeddable":true,"href":"https:\/\/www.damac.it\/es\/wp-json\/wp\/v2\/product_brand?post=20455"},{"taxonomy":"product_cat","embeddable":true,"href":"https:\/\/www.damac.it\/es\/wp-json\/wp\/v2\/product_cat?post=20455"},{"taxonomy":"product_tag","embeddable":true,"href":"https:\/\/www.damac.it\/es\/wp-json\/wp\/v2\/false?post=20455"},{"taxonomy":"proprietario","embeddable":true,"href":"https:\/\/www.damac.it\/es\/wp-json\/wp\/v2\/proprietario?post=20455"}],"curies":[{"name":"wp","href":"https:\/\/api.w.org\/{rel}","templated":true}]}}