{"id":21110,"date":"2025-11-28T16:30:34","date_gmt":"2025-11-28T16:30:34","guid":{"rendered":"https:\/\/www.damac.it\/sin%20categor\u00eda\/jcb-8008cts\/"},"modified":"2026-04-08T09:14:20","modified_gmt":"2026-04-08T09:14:20","slug":"jcb-8008cts","status":"publish","type":"product","link":"https:\/\/www.damac.it\/es\/miniexcavadoras\/jcb-8008cts-foggia\/","title":{"rendered":"JCB 8008CTS"},"content":{"rendered":"\n<p>La <strong>JCB 8008CTS<\/strong> es una <a href=\"https:\/\/www.damac.it\/es\/miniexcavadoras\/\">miniexcavadora<\/a> compacta dise\u00f1ada para quienes necesitan la m\u00e1xima eficiencia en espacios reducidos sin renunciar a la potencia. Con un peso operativo de solo <strong>870 kg<\/strong>, estructura robusta y <em>carro variable<\/em>, se adapta f\u00e1cilmente a obras urbanas, interiores de naves, trabajos de jardiner\u00eda profesional o mantenimiento vial. Su gran capacidad de trabajo est\u00e1 respaldada por el <strong>brazo monobloque<\/strong> y la <strong>hoja delantera<\/strong>, que garantizan estabilidad y precisi\u00f3n durante las operaciones de excavaci\u00f3n y nivelaci\u00f3n.  <\/p>\n\n<p>El eficiente motor ofrece un rendimiento constante, mientras que el sistema hidr\u00e1ulico facilita el trabajo al operador. Las <strong>orugas de goma<\/strong> permiten trabajar en terrenos delicados sin da\u00f1ar las superficies, por lo que es ideal para trabajar en patios, zonas privadas o pavimentaci\u00f3n. La <strong>cabina abierta<\/strong> ofrece visibilidad total y facilidad de control, aumentando la seguridad durante el trabajo.  <\/p>\n\n<p>Questo esemplare del 2015 presenta\u00a0<strong>1200 ore di lavoro<\/strong>, condizioni generali buone e include\u00a0<strong><a href=\"https:\/\/www.damac.it\/es\/accesorios\/\">benna<\/a> da scavo<\/strong>\u00a0e\u00a0<strong>impianto martello<\/strong>, accessori fondamentali per allargare il range di operativit\u00e0. \u00c8 certificato CE e disponibile presso DAMAC a\u00a0<strong>Foggia<\/strong>, pronto per lavorare da subito. Chi sceglie un JCB 8008CTS investe in una macchina affidabile, facile da trasportare e ideale per imprese, artigiani e professionisti che puntano su prestazioni concrete e costi contenuti.<\/p>\n","protected":false},"excerpt":{"rendered":"<p>Miniexcavadora <strong data-start=\"1613\" data-end=\"1628\">JCB 8008CTS<\/strong> 2015 con 1200 horas, tren de rodaje variable, pluma monol\u00edtica y sistema de martillos. Orugas de goma y cuchara excavadora incluidas. Ligera, compacta y con certificaci\u00f3n CE, ideal para obras estrechas y mantenimiento. Disponible en Foggia, lista para usar.   <\/p>\n","protected":false},"featured_media":21124,"template":"","meta":{"_acf_changed":false},"ubicazione_acf":[],"product_brand":[606],"product_cat":[411],"false":[748],"proprietario":[],"class_list":{"0":"post-21110","1":"product","2":"type-product","3":"status-publish","4":"has-post-thumbnail","6":"product_brand-jcb","7":"product_cat-miniexcavadoras","8":"product_tag-es","9":"pa_brand-jcb","11":"first","12":"instock","13":"sold-individually","14":"shipping-taxable","15":"purchasable","16":"product-type-simple"},"acf":[],"_links":{"self":[{"href":"https:\/\/www.damac.it\/es\/wp-json\/wp\/v2\/product\/21110","targetHints":{"allow":["GET"]}}],"collection":[{"href":"https:\/\/www.damac.it\/es\/wp-json\/wp\/v2\/product"}],"about":[{"href":"https:\/\/www.damac.it\/es\/wp-json\/wp\/v2\/types\/product"}],"wp:featuredmedia":[{"embeddable":true,"href":"https:\/\/www.damac.it\/es\/wp-json\/wp\/v2\/media\/21124"}],"wp:attachment":[{"href":"https:\/\/www.damac.it\/es\/wp-json\/wp\/v2\/media?parent=21110"}],"wp:term":[{"taxonomy":"ubicazione_acf","embeddable":true,"href":"https:\/\/www.damac.it\/es\/wp-json\/wp\/v2\/ubicazione_acf?post=21110"},{"taxonomy":"product_brand","embeddable":true,"href":"https:\/\/www.damac.it\/es\/wp-json\/wp\/v2\/product_brand?post=21110"},{"taxonomy":"product_cat","embeddable":true,"href":"https:\/\/www.damac.it\/es\/wp-json\/wp\/v2\/product_cat?post=21110"},{"taxonomy":"product_tag","embeddable":true,"href":"https:\/\/www.damac.it\/es\/wp-json\/wp\/v2\/false?post=21110"},{"taxonomy":"proprietario","embeddable":true,"href":"https:\/\/www.damac.it\/es\/wp-json\/wp\/v2\/proprietario?post=21110"}],"curies":[{"name":"wp","href":"https:\/\/api.w.org\/{rel}","templated":true}]}}