{"id":21592,"date":"2025-12-01T17:11:32","date_gmt":"2025-12-01T17:11:32","guid":{"rendered":"https:\/\/www.damac.it\/sin%20categor\u00eda\/komatsu-ck20\/"},"modified":"2026-04-08T09:12:58","modified_gmt":"2026-04-08T09:12:58","slug":"komatsu-ck20","status":"publish","type":"product","link":"https:\/\/www.damac.it\/es\/minicargadoras\/komatsu-ck20-anguillara-sabazia\/","title":{"rendered":"KOMATSU CK20"},"content":{"rendered":"\n<p>La <strong>Komatsu CK20<\/strong> es una cargadora compacta dise\u00f1ada para ofrecer potencia y estabilidad en cualquier entorno operativo. Con un peso de <strong>3600 kg<\/strong> y un robusto sistema de orugas, trabaja eficazmente en terrenos inestables, embarrados o con grava, proporcionando tracci\u00f3n constante y seguridad durante la carga y la manipulaci\u00f3n. El motor <strong>Komatsu 4D98E 2NFE de 53 kW<\/strong> garantiza empuje y continuidad incluso bajo tensi\u00f3n, permitiendo a la m\u00e1quina hacer frente a turnos intensivos sin p\u00e9rdida de rendimiento. La cabina abierta garantiza una visibilidad directa de las zonas de trabajo y facilita las maniobras r\u00e1pidas, gracias a los mandos intuitivos y la r\u00e1pida respuesta del sistema hidr\u00e1ulico.   <\/p>\n\n<p>Esta unidad <strong>de 2007, con 4024 horas de trabajo<\/strong>, est\u00e1 equipada con una cuchara est\u00e1ndar y tiene <strong>doble velocidad<\/strong>, una caracter\u00edstica muy popular para optimizar los movimientos en la obra y reducir el tiempo de inactividad. Su dise\u00f1o compacto le permite trabajar en espacios urbanos o zonas confinadas, manteniendo la fuerza necesaria para operaciones de excavaci\u00f3n, demolici\u00f3n ligera, preparaci\u00f3n del terreno y manipulaci\u00f3n de palets o \u00e1ridos. Toda la m\u00e1quina est\u00e1 homologada <strong>CE<\/strong> con <strong>certificado CE<\/strong>, matr\u00edcula y certificado de registro.  <\/p>\n\n<p>La Komatsu CK20 es una opci\u00f3n valiosa para empresas y operadores de movimiento de tierras, construcci\u00f3n y agricultura que buscan una cargadora de orugas <strong>fiable, bien mantenida, revisada y lista para usar<\/strong>, capaz de aumentar la productividad diaria manteniendo bajos los costes de funcionamiento.<\/p>\n\n<div class=\"wp-block-webfactory-map\"><div class=\"wp-block-webfactory-map\"><iframe title=\"Mapa\" width=\"100%\" height=\"380px\" src=\"https:\/\/www.google.com\/maps\/embed\/v1\/place?q=anguillara%20sabazia&amp;maptype=roadmap&amp;zoom=7&amp;key=AIzaSyCbpj9Ji_jwudUhfVpTXiPB79zpZZSDW8c\" frameborder=\"0\"><\/iframe><\/div><\/div>\n","protected":false},"excerpt":{"rendered":"<p>Minicargadora de orugas usada <strong data-start=\"1798\" data-end=\"1814\">Komatsu CK20<\/strong>: 3600 kg, motor de 53 kW, doble velocidad, cuchara est\u00e1ndar. 4023 horas, certificaci\u00f3n CE, matr\u00edcula y registro. Potente y estable para obras, construcci\u00f3n y movimiento de tierras.  <\/p>\n","protected":false},"featured_media":24156,"template":"","meta":{"_acf_changed":false},"ubicazione_acf":[],"product_brand":[610],"product_cat":[424],"false":[748],"proprietario":[],"class_list":{"0":"post-21592","1":"product","2":"type-product","3":"status-publish","4":"has-post-thumbnail","6":"product_brand-komatsu","7":"product_cat-minicargadoras","8":"product_tag-es","9":"pa_brand-komatsu","11":"first","12":"instock","13":"sold-individually","14":"shipping-taxable","15":"purchasable","16":"product-type-simple"},"acf":[],"_links":{"self":[{"href":"https:\/\/www.damac.it\/es\/wp-json\/wp\/v2\/product\/21592","targetHints":{"allow":["GET"]}}],"collection":[{"href":"https:\/\/www.damac.it\/es\/wp-json\/wp\/v2\/product"}],"about":[{"href":"https:\/\/www.damac.it\/es\/wp-json\/wp\/v2\/types\/product"}],"wp:featuredmedia":[{"embeddable":true,"href":"https:\/\/www.damac.it\/es\/wp-json\/wp\/v2\/media\/24156"}],"wp:attachment":[{"href":"https:\/\/www.damac.it\/es\/wp-json\/wp\/v2\/media?parent=21592"}],"wp:term":[{"taxonomy":"ubicazione_acf","embeddable":true,"href":"https:\/\/www.damac.it\/es\/wp-json\/wp\/v2\/ubicazione_acf?post=21592"},{"taxonomy":"product_brand","embeddable":true,"href":"https:\/\/www.damac.it\/es\/wp-json\/wp\/v2\/product_brand?post=21592"},{"taxonomy":"product_cat","embeddable":true,"href":"https:\/\/www.damac.it\/es\/wp-json\/wp\/v2\/product_cat?post=21592"},{"taxonomy":"product_tag","embeddable":true,"href":"https:\/\/www.damac.it\/es\/wp-json\/wp\/v2\/false?post=21592"},{"taxonomy":"proprietario","embeddable":true,"href":"https:\/\/www.damac.it\/es\/wp-json\/wp\/v2\/proprietario?post=21592"}],"curies":[{"name":"wp","href":"https:\/\/api.w.org\/{rel}","templated":true}]}}