{"id":22501,"date":"2025-12-04T18:23:38","date_gmt":"2025-12-04T18:23:38","guid":{"rendered":"https:\/\/www.damac.it\/sin%20categor\u00eda\/bomag-bf600-p-2\/"},"modified":"2026-04-08T09:09:52","modified_gmt":"2026-04-08T09:09:52","slug":"bomag-bf600-p-2","status":"publish","type":"product","link":"https:\/\/www.damac.it\/es\/adoquines\/bomag-bf600-p-2-roma\/","title":{"rendered":"BOMAG BF600 P-2"},"content":{"rendered":"\n<p>La extendedora de ruedas <strong>BOMAG BF600 P-2<\/strong> est\u00e1 dise\u00f1ada para ofrecer precisi\u00f3n, continuidad operativa y m\u00e1xima calidad de extendido incluso en las obras m\u00e1s exigentes. Gracias a su <strong>regla calefactada el\u00e9ctricamente<\/strong>, garantiza una temperatura uniforme y constante, permitiendo una distribuci\u00f3n m\u00e1s uniforme del asfalto y minimizando el riesgo de adherencias o imperfecciones. Esta caracter\u00edstica hace que la m\u00e1quina sea ideal para obras viales que requieren un alto nivel final y tiempos de producci\u00f3n fiables.  <\/p>\n\n<p>La ausencia de esparcidores la hace m\u00e1s compacta, f\u00e1cil de manejar y perfecta para operaciones en espacios reducidos o v\u00edas urbanas, al tiempo que mantiene una alta productividad gracias a la estructura robusta y estable del modelo. El sistema de <strong>seis neum\u00e1ticos<\/strong> proporciona una tracci\u00f3n, comodidad y maniobrabilidad superiores, reduciendo las vibraciones y mejorando la eficacia al circular por carretera. <\/p>\n\n<p>Equipada con un motor <strong>MTU 4R1000 de 128 kW<\/strong>, la extendedora ofrece una potencia constante y un consumo de combustible optimizado, garantizando la fiabilidad incluso en trabajos prolongados. Cada componente est\u00e1 dise\u00f1ado para facilitar la labor del operador, desde el puesto de conducci\u00f3n ergon\u00f3mico hasta el control preciso de la regla. <\/p>\n\n<p>Disponible en <strong>Roma<\/strong>, la BF600 P-2 es una soluci\u00f3n ideal para las empresas que buscan una pavimentadora s\u00f3lida, con certificaci\u00f3n CE y lista para trabajar nada m\u00e1s sacarla de la caja, con un rendimiento constante y resultados impecables.<\/p>\n\n<p><\/p>\n","protected":false},"excerpt":{"rendered":"<p>Extendedora de ruedas <strong data-start=\"1748\" data-end=\"1767\">BOMAG BF600 P-2<\/strong> de 2015, compacta y potente, con regla calefactada el\u00e9ctricamente y sin esparcidor. Ideal para trabajos viales de alta precisi\u00f3n. Motor MTU de 128 kW y 6 neum\u00e1ticos. Disponible en Roma, con certificado CE y lista para usar.   <\/p>\n","protected":false},"featured_media":22520,"template":"","meta":{"_acf_changed":false},"ubicazione_acf":[],"product_brand":[838],"product_cat":[549],"false":[748],"proprietario":[],"class_list":{"0":"post-22501","1":"product","2":"type-product","3":"status-publish","4":"has-post-thumbnail","6":"product_brand-bomag","7":"product_cat-adoquines","8":"product_tag-es","9":"pa_brand-bomag","11":"first","12":"instock","13":"sale","14":"sold-individually","15":"shipping-taxable","16":"purchasable","17":"product-type-simple"},"acf":[],"_links":{"self":[{"href":"https:\/\/www.damac.it\/es\/wp-json\/wp\/v2\/product\/22501","targetHints":{"allow":["GET"]}}],"collection":[{"href":"https:\/\/www.damac.it\/es\/wp-json\/wp\/v2\/product"}],"about":[{"href":"https:\/\/www.damac.it\/es\/wp-json\/wp\/v2\/types\/product"}],"wp:featuredmedia":[{"embeddable":true,"href":"https:\/\/www.damac.it\/es\/wp-json\/wp\/v2\/media\/22520"}],"wp:attachment":[{"href":"https:\/\/www.damac.it\/es\/wp-json\/wp\/v2\/media?parent=22501"}],"wp:term":[{"taxonomy":"ubicazione_acf","embeddable":true,"href":"https:\/\/www.damac.it\/es\/wp-json\/wp\/v2\/ubicazione_acf?post=22501"},{"taxonomy":"product_brand","embeddable":true,"href":"https:\/\/www.damac.it\/es\/wp-json\/wp\/v2\/product_brand?post=22501"},{"taxonomy":"product_cat","embeddable":true,"href":"https:\/\/www.damac.it\/es\/wp-json\/wp\/v2\/product_cat?post=22501"},{"taxonomy":"product_tag","embeddable":true,"href":"https:\/\/www.damac.it\/es\/wp-json\/wp\/v2\/false?post=22501"},{"taxonomy":"proprietario","embeddable":true,"href":"https:\/\/www.damac.it\/es\/wp-json\/wp\/v2\/proprietario?post=22501"}],"curies":[{"name":"wp","href":"https:\/\/api.w.org\/{rel}","templated":true}]}}