{"id":24589,"date":"2025-12-15T11:58:17","date_gmt":"2025-12-15T11:58:17","guid":{"rendered":"https:\/\/www.damac.it\/sin%20categor\u00eda\/antonelli-vfs42-s\/"},"modified":"2026-04-28T13:55:08","modified_gmt":"2026-04-28T13:55:08","slug":"antonelli-vfa42-s","status":"publish","type":"product","link":"https:\/\/www.damac.it\/es\/adoquines\/antonelli-vfa42-s-roma\/","title":{"rendered":"ANTONELLI VFA42-S"},"content":{"rendered":"\n<p>La <strong>Antonelli VFA42-S<\/strong> es una extendedora de calzadas compacta y fiable, dise\u00f1ada para garantizar un rendimiento constante incluso en los trabajos m\u00e1s exigentes. Con su bajo peso y su dise\u00f1o maniobrable, es una soluci\u00f3n ideal para las empresas que necesitan una m\u00e1quina sencilla, robusta y especialmente econ\u00f3mica de manejar. Con <strong>s\u00f3lo 506 horas de trabajo<\/strong>, esta unidad de 1988 est\u00e1 en excelentes condiciones de funcionamiento a pesar de su a\u00f1o de fabricaci\u00f3n, se\u00f1al de un uso m\u00ednimo y bien mantenido.  <\/p>\n\n<p>La extendedora est\u00e1 equipada con <strong>cuatro neum\u00e1ticos con un desgaste del 70%<\/strong>, que garantizan la estabilidad al extender el material y un buen agarre incluso en superficies irregulares. La mec\u00e1nica esencial permite un mantenimiento r\u00e1pido y de bajo coste, lo que la convierte en una opci\u00f3n competitiva para quienes buscan fiabilidad sin una excesiva complejidad electr\u00f3nica. La ANTONELLI VFA42-S es especialmente adecuada para trabajos de asfaltado en carreteras municipales, patios, aceras y peque\u00f1os pavimentos, donde la compacidad y la precisi\u00f3n son esenciales.  <\/p>\n\n<p>Gracias a su sencillez operativa, se dirige tanto a contratistas especializados como a operadores que necesitan una extendedora lista para usar en trabajos espec\u00edficos. Disponible en nuestro astillero de <strong>Roma<\/strong>, es una m\u00e1quina probada y de funcionamiento inmediato, ideal para quienes desean una extendedora eficaz a un precio atractivo. <\/p>\n","protected":false},"excerpt":{"rendered":"<p>Extendedora de calzadas <strong data-start=\"1649\" data-end=\"1670\">Antonelli VFA42-S<\/strong> de 1988 con s\u00f3lo <strong data-start=\"1689\" data-end=\"1700\">506 horas<\/strong>, neum\u00e1ticos del 70% y dise\u00f1o compacto ideal para trabajos urbanos. M\u00e1quina sencilla, fiable y lista para usar. Disponible en <strong data-start=\"1829\" data-end=\"1837\">Roma<\/strong>, perfecta para asfaltar superficies peque\u00f1as y medianas.  <\/p>\n","protected":false},"featured_media":24591,"template":"","meta":{"_acf_changed":false},"ubicazione_acf":[],"product_brand":[863],"product_cat":[549],"false":[748],"proprietario":[],"class_list":{"0":"post-24589","1":"product","2":"type-product","3":"status-publish","4":"has-post-thumbnail","6":"product_brand-antonelli","7":"product_cat-adoquines","8":"product_tag-es","9":"pa_brand-antonelli","11":"first","12":"instock","13":"sold-individually","14":"shipping-taxable","15":"purchasable","16":"product-type-simple"},"acf":[],"_links":{"self":[{"href":"https:\/\/www.damac.it\/es\/wp-json\/wp\/v2\/product\/24589","targetHints":{"allow":["GET"]}}],"collection":[{"href":"https:\/\/www.damac.it\/es\/wp-json\/wp\/v2\/product"}],"about":[{"href":"https:\/\/www.damac.it\/es\/wp-json\/wp\/v2\/types\/product"}],"wp:featuredmedia":[{"embeddable":true,"href":"https:\/\/www.damac.it\/es\/wp-json\/wp\/v2\/media\/24591"}],"wp:attachment":[{"href":"https:\/\/www.damac.it\/es\/wp-json\/wp\/v2\/media?parent=24589"}],"wp:term":[{"taxonomy":"ubicazione_acf","embeddable":true,"href":"https:\/\/www.damac.it\/es\/wp-json\/wp\/v2\/ubicazione_acf?post=24589"},{"taxonomy":"product_brand","embeddable":true,"href":"https:\/\/www.damac.it\/es\/wp-json\/wp\/v2\/product_brand?post=24589"},{"taxonomy":"product_cat","embeddable":true,"href":"https:\/\/www.damac.it\/es\/wp-json\/wp\/v2\/product_cat?post=24589"},{"taxonomy":"product_tag","embeddable":true,"href":"https:\/\/www.damac.it\/es\/wp-json\/wp\/v2\/false?post=24589"},{"taxonomy":"proprietario","embeddable":true,"href":"https:\/\/www.damac.it\/es\/wp-json\/wp\/v2\/proprietario?post=24589"}],"curies":[{"name":"wp","href":"https:\/\/api.w.org\/{rel}","templated":true}]}}