{"id":25974,"date":"2026-01-30T17:57:55","date_gmt":"2026-01-30T17:57:55","guid":{"rendered":"https:\/\/www.damac.it\/sin%20categor\u00eda\/komatsu-pc09\/"},"modified":"2026-02-02T14:53:41","modified_gmt":"2026-02-02T14:53:41","slug":"komatsu-pc09","status":"publish","type":"product","link":"https:\/\/www.damac.it\/es\/miniexcavadoras\/komatsu-pc09-roma\/","title":{"rendered":"KOMATSU PC09"},"content":{"rendered":"\n<p>La <strong>Komatsu PC09<\/strong> es una miniexcavadora compacta dise\u00f1ada para trabajar con precisi\u00f3n y eficacia en <strong>espacios reducidos<\/strong>, ideal para operaciones urbanas, renovaciones, servicios subterr\u00e1neos y trabajos de mantenimiento. Con un <strong>peso operativo de s\u00f3lo 975 kg<\/strong> y unas dimensiones extremadamente compactas, garantiza un f\u00e1cil transporte y acceso incluso a las zonas m\u00e1s dif\u00edciles. <\/p>\n\n<p>Este modelo <strong>de 2015<\/strong>, con <strong>1.274 horas de trabajo<\/strong>, tiene <strong>giro de<\/strong> voladizo cero, una caracter\u00edstica clave para trabajar con seguridad cerca de muros, vallas y obst\u00e1culos sin estorbos traseros. El <strong>tren de rodaje variable<\/strong> permite adaptar la anchura de la m\u00e1quina a los distintos requisitos de la obra, aumentando la estabilidad al excavar y reduciendo el volumen en espacios reducidos. <\/p>\n\n<p>El motor <strong>Komatsu 2D68E<\/strong> <strong>de 6,8 kW (9 CV)<\/strong> garantiza fiabilidad, bajo consumo de combustible y rendimiento constante a lo largo del tiempo. El sistema hidr\u00e1ulico se completa con la <strong>predisposici\u00f3n del martillo<\/strong>, ampliando las posibilidades de la m\u00e1quina para peque\u00f1os trabajos de demolici\u00f3n. <\/p>\n\n<p>La miniexcavadora viene con <strong>una cuchara de excavaci\u00f3n y una cuchara de limpieza de zanjas CAME<\/strong>, lo que la convierte en una soluci\u00f3n lista para usar para profesionales y contratistas. Est\u00e1 disponible desde <strong>Roma<\/strong> y es una opci\u00f3n ideal para quienes buscan una microexcavadora robusta, maniobrable y fiable. <\/p>\n\n<p><\/p>\n","protected":false},"excerpt":{"rendered":"<p>Miniexcavadora <strong data-start=\"1600\" data-end=\"1616\">Komatsu PC09<\/strong> de 2015 con <strong data-start=\"1630\" data-end=\"1643\">1.274 horas<\/strong>, giro de voladizo cero y tren de rodaje variable. Peso 975 kg, motor Komatsu de 9 CV, sistema de martillos y 2 cazos incluidos. Compacta, fiable e ideal para trabajar en espacios reducidos. Disponible en Roma.<\/p>\n","protected":false},"featured_media":25995,"template":"","meta":{"_acf_changed":false},"ubicazione_acf":[],"product_brand":[610],"product_cat":[411],"false":[748],"proprietario":[],"class_list":{"0":"post-25974","1":"product","2":"type-product","3":"status-publish","4":"has-post-thumbnail","6":"product_brand-komatsu","7":"product_cat-miniexcavadoras","8":"product_tag-es","9":"pa_brand-komatsu","11":"first","12":"instock","13":"sale","14":"sold-individually","15":"shipping-taxable","16":"purchasable","17":"product-type-simple"},"acf":[],"_links":{"self":[{"href":"https:\/\/www.damac.it\/es\/wp-json\/wp\/v2\/product\/25974","targetHints":{"allow":["GET"]}}],"collection":[{"href":"https:\/\/www.damac.it\/es\/wp-json\/wp\/v2\/product"}],"about":[{"href":"https:\/\/www.damac.it\/es\/wp-json\/wp\/v2\/types\/product"}],"wp:featuredmedia":[{"embeddable":true,"href":"https:\/\/www.damac.it\/es\/wp-json\/wp\/v2\/media\/25995"}],"wp:attachment":[{"href":"https:\/\/www.damac.it\/es\/wp-json\/wp\/v2\/media?parent=25974"}],"wp:term":[{"taxonomy":"ubicazione_acf","embeddable":true,"href":"https:\/\/www.damac.it\/es\/wp-json\/wp\/v2\/ubicazione_acf?post=25974"},{"taxonomy":"product_brand","embeddable":true,"href":"https:\/\/www.damac.it\/es\/wp-json\/wp\/v2\/product_brand?post=25974"},{"taxonomy":"product_cat","embeddable":true,"href":"https:\/\/www.damac.it\/es\/wp-json\/wp\/v2\/product_cat?post=25974"},{"taxonomy":"product_tag","embeddable":true,"href":"https:\/\/www.damac.it\/es\/wp-json\/wp\/v2\/false?post=25974"},{"taxonomy":"proprietario","embeddable":true,"href":"https:\/\/www.damac.it\/es\/wp-json\/wp\/v2\/proprietario?post=25974"}],"curies":[{"name":"wp","href":"https:\/\/api.w.org\/{rel}","templated":true}]}}