{"id":26546,"date":"2026-02-05T18:19:48","date_gmt":"2026-02-05T18:19:48","guid":{"rendered":"https:\/\/www.damac.it\/sin%20categor\u00eda\/kubota-u17-3a\/"},"modified":"2026-03-20T15:28:06","modified_gmt":"2026-03-20T15:28:06","slug":"kubota-u17-3a","status":"publish","type":"product","link":"https:\/\/www.damac.it\/es\/miniexcavadoras\/kubota-u17-3a-anguillara-sabazia\/","title":{"rendered":"Kubota U17-3a"},"content":{"rendered":"\n<p>La <strong>Kubota U17-3a<\/strong> es una miniexcavadora compacta y fiable, dise\u00f1ada para <strong>ofrecer un alto rendimiento en espacios reducidos<\/strong> y la m\u00e1xima precisi\u00f3n operativa. El <strong>giro<\/strong> de voladizo cero te permite trabajar con seguridad cerca de muros, vallas y obst\u00e1culos, lo que la hace ideal para trabajos de construcci\u00f3n urbana, renovaci\u00f3n, mantenimiento y plantaci\u00f3n. <\/p>\n\n<p>Con un <strong>peso operativo de 1.730 kg<\/strong> y un <strong>tren de rodaje variable<\/strong>, esta m\u00e1quina ofrece un excelente compromiso entre estabilidad al excavar y facilidad de acceso en los pasajes m\u00e1s estrechos. El <strong>motor Kubota D902 de 3 cilindros y 11,3 kW<\/strong> garantiza fiabilidad, bajo consumo de combustible y un funcionamiento suave incluso durante un uso prolongado. <\/p>\n\n<p>La <strong>pluma monol\u00edtica<\/strong>, combinada con el<strong>sistema rompedor<\/strong>, ampl\u00eda las posibilidades de uso, permitiendo la demolici\u00f3n ligera, la excavaci\u00f3n t\u00e9cnica y los trabajos de precisi\u00f3n. La presencia del<strong>enganche r\u00e1pido Cangini<\/strong> y las <strong>tres cucharas, el martillo demoledor y la cortadora<\/strong> permiten cambiar r\u00e1pidamente de implementos, mejorando la productividad y el tiempo de trabajo. <\/p>\n\n<p>Con <strong>706 horas de trabajo<\/strong>, <strong>a\u00f1o 2020<\/strong>, <strong>70% de orugas de goma<\/strong> y <strong>certificaci\u00f3n CE<\/strong>, esta Kubota U17-3a es una soluci\u00f3n lista para usar para los profesionales que buscan compacidad, versatilidad y fiabilidad a largo plazo.<\/p>\n\n<div class=\"wp-block-webfactory-map\"><div class=\"wp-block-webfactory-map\"><iframe title=\"Mapa\" width=\"100%\" height=\"380px\" src=\"https:\/\/www.google.com\/maps\/embed\/v1\/place?q=anguillara%20sabazia&amp;maptype=roadmap&amp;zoom=7&amp;key=AIzaSyCbpj9Ji_jwudUhfVpTXiPB79zpZZSDW8c\" frameborder=\"0\"><\/iframe><\/div><\/div>\n","protected":false},"excerpt":{"rendered":"<p>Kubota U17-3a de giro cero-cola 2020 con 706 horas, carro variable y sistema de martillos. Compacta, estable y completa con cucharones y accesorios. Ideal para obras urbanas y trabajos de precisi\u00f3n. Disponible en Anguillara Sabazia a 20.500 \u20ac sin IVA.   <\/p>\n","protected":false},"featured_media":30633,"template":"","meta":{"_acf_changed":false},"ubicazione_acf":[],"product_brand":[601],"product_cat":[411],"false":[748],"proprietario":[],"class_list":{"0":"post-26546","1":"product","2":"type-product","3":"status-publish","4":"has-post-thumbnail","6":"product_brand-kubota","7":"product_cat-miniexcavadoras","8":"product_tag-es","9":"pa_brand-kubota","11":"first","12":"instock","13":"sold-individually","14":"shipping-taxable","15":"purchasable","16":"product-type-simple"},"acf":[],"_links":{"self":[{"href":"https:\/\/www.damac.it\/es\/wp-json\/wp\/v2\/product\/26546","targetHints":{"allow":["GET"]}}],"collection":[{"href":"https:\/\/www.damac.it\/es\/wp-json\/wp\/v2\/product"}],"about":[{"href":"https:\/\/www.damac.it\/es\/wp-json\/wp\/v2\/types\/product"}],"wp:featuredmedia":[{"embeddable":true,"href":"https:\/\/www.damac.it\/es\/wp-json\/wp\/v2\/media\/30633"}],"wp:attachment":[{"href":"https:\/\/www.damac.it\/es\/wp-json\/wp\/v2\/media?parent=26546"}],"wp:term":[{"taxonomy":"ubicazione_acf","embeddable":true,"href":"https:\/\/www.damac.it\/es\/wp-json\/wp\/v2\/ubicazione_acf?post=26546"},{"taxonomy":"product_brand","embeddable":true,"href":"https:\/\/www.damac.it\/es\/wp-json\/wp\/v2\/product_brand?post=26546"},{"taxonomy":"product_cat","embeddable":true,"href":"https:\/\/www.damac.it\/es\/wp-json\/wp\/v2\/product_cat?post=26546"},{"taxonomy":"product_tag","embeddable":true,"href":"https:\/\/www.damac.it\/es\/wp-json\/wp\/v2\/false?post=26546"},{"taxonomy":"proprietario","embeddable":true,"href":"https:\/\/www.damac.it\/es\/wp-json\/wp\/v2\/proprietario?post=26546"}],"curies":[{"name":"wp","href":"https:\/\/api.w.org\/{rel}","templated":true}]}}