{"id":26886,"date":"2026-02-05T18:58:38","date_gmt":"2026-02-05T18:58:38","guid":{"rendered":"https:\/\/www.damac.it\/sin%20categor\u00eda\/caterpillar-311cu\/"},"modified":"2026-02-06T17:44:40","modified_gmt":"2026-02-06T17:44:40","slug":"caterpillar-311cu","status":"publish","type":"product","link":"https:\/\/www.damac.it\/es\/excavadoras-de-cadenas\/caterpillar-311cu-anguillara-sabazia\/","title":{"rendered":"Oruga 311CU"},"content":{"rendered":"\n<p>La <strong>Caterpillar 311CU<\/strong> es una excavadora sobre orugas dise\u00f1ada para afrontar <strong>trabajos pesados y continuos<\/strong> con fiabilidad y potencia constante. Con un <strong>peso operativo de 13.300 kg<\/strong>, esta m\u00e1quina es ideal para excavaciones estructurales, movimiento de tierras, obras viarias y obras medianas y grandes en las que la resistencia y la estabilidad son esenciales. <\/p>\n\n<p>La <strong>pluma monol\u00edtica<\/strong> garantiza precisi\u00f3n y resistencia incluso con cargas pesadas, mientras que las <strong>orugas de hierro<\/strong> proporcionan una tracci\u00f3n \u00f3ptima en terrenos dif\u00edciles y condiciones complicadas. La <strong>cabina cerrada<\/strong> proporciona comodidad y protecci\u00f3n al operador, aumentando la productividad durante las largas jornadas de trabajo. La <strong>pala<\/strong> frontal facilita las operaciones de nivelaci\u00f3n y aumenta la estabilidad al excavar.  <\/p>\n\n<p>El <strong>motor Caterpillar 3064 T de 59 kW<\/strong> es sin\u00f3nimo de fiabilidad, alto par y consumo equilibrado de combustible, lo que hace que la m\u00e1quina sea adecuada para un uso intensivo. La presencia de un <strong>sistema rompedor<\/strong> y <strong>v\u00e1lvulas de bloqueo<\/strong> ampl\u00eda las posibilidades operativas, permitiendo una demolici\u00f3n controlada y un trabajo seguro. <\/p>\n\n<p>Con <strong>4.375 horas de trabajo<\/strong>, <strong>a\u00f1o 2007<\/strong>, <strong>70% de orugas<\/strong> y <strong>certificaci\u00f3n CE<\/strong>, esta Caterpillar 311CU es una soluci\u00f3n s\u00f3lida y lista para usar para los profesionales que buscan rendimiento y durabilidad reales.<\/p>\n\n<div class=\"wp-block-webfactory-map\"><div class=\"wp-block-webfactory-map\"><iframe title=\"Mapa\" width=\"100%\" height=\"380px\" src=\"https:\/\/www.google.com\/maps\/embed\/v1\/place?q=anguillara%20sabazia&amp;maptype=roadmap&amp;zoom=7&amp;key=AIzaSyCbpj9Ji_jwudUhfVpTXiPB79zpZZSDW8c\" frameborder=\"0\"><\/iframe><\/div><\/div>\n","protected":false},"excerpt":{"rendered":"<p>13.300 kg Excavadora de cadenas <strong data-start=\"1568\" data-end=\"1589\">Caterpillar 311CU<\/strong>, a\u00f1o 2007, 4.375 horas. Robusta, potente y fiable, con pluma monol\u00edtica, sistema de martillo y cabina cerrada para trabajos pesados.<\/p>\n","protected":false},"featured_media":26888,"template":"","meta":{"_acf_changed":false},"ubicazione_acf":[],"product_brand":[855],"product_cat":[434],"false":[748],"proprietario":[],"class_list":{"0":"post-26886","1":"product","2":"type-product","3":"status-publish","4":"has-post-thumbnail","6":"product_brand-caterpillar","7":"product_cat-excavadoras-de-cadenas","8":"product_tag-es","9":"pa_brand-caterpillar","11":"first","12":"instock","13":"sold-individually","14":"shipping-taxable","15":"purchasable","16":"product-type-simple"},"acf":[],"_links":{"self":[{"href":"https:\/\/www.damac.it\/es\/wp-json\/wp\/v2\/product\/26886","targetHints":{"allow":["GET"]}}],"collection":[{"href":"https:\/\/www.damac.it\/es\/wp-json\/wp\/v2\/product"}],"about":[{"href":"https:\/\/www.damac.it\/es\/wp-json\/wp\/v2\/types\/product"}],"wp:featuredmedia":[{"embeddable":true,"href":"https:\/\/www.damac.it\/es\/wp-json\/wp\/v2\/media\/26888"}],"wp:attachment":[{"href":"https:\/\/www.damac.it\/es\/wp-json\/wp\/v2\/media?parent=26886"}],"wp:term":[{"taxonomy":"ubicazione_acf","embeddable":true,"href":"https:\/\/www.damac.it\/es\/wp-json\/wp\/v2\/ubicazione_acf?post=26886"},{"taxonomy":"product_brand","embeddable":true,"href":"https:\/\/www.damac.it\/es\/wp-json\/wp\/v2\/product_brand?post=26886"},{"taxonomy":"product_cat","embeddable":true,"href":"https:\/\/www.damac.it\/es\/wp-json\/wp\/v2\/product_cat?post=26886"},{"taxonomy":"product_tag","embeddable":true,"href":"https:\/\/www.damac.it\/es\/wp-json\/wp\/v2\/false?post=26886"},{"taxonomy":"proprietario","embeddable":true,"href":"https:\/\/www.damac.it\/es\/wp-json\/wp\/v2\/proprietario?post=26886"}],"curies":[{"name":"wp","href":"https:\/\/api.w.org\/{rel}","templated":true}]}}