{"id":27039,"date":"2026-02-05T19:23:54","date_gmt":"2026-02-05T19:23:54","guid":{"rendered":"https:\/\/www.damac.it\/sin%20categor\u00eda\/jcb-8018cts\/"},"modified":"2026-03-17T09:49:53","modified_gmt":"2026-03-17T09:49:53","slug":"jcb-8018cts","status":"publish","type":"product","link":"https:\/\/www.damac.it\/es\/miniexcavadoras\/jcb-8018cts-roma\/","title":{"rendered":"JCB 8018CTS"},"content":{"rendered":"\n<p>La <strong>JCB 8018CTS<\/strong> es una miniexcavadora compacta dise\u00f1ada para ofrecer <strong>la m\u00e1xima maniobrabilidad y fiabilidad operativa<\/strong> en obras peque\u00f1as. El<strong> giro<\/strong> de voladizo cero le permite trabajar con seguridad incluso en espacios reducidos, cerca de muros, vallas y obst\u00e1culos, lo que la hace ideal para trabajos urbanos, mantenimiento, plantaci\u00f3n y renovaci\u00f3n. <\/p>\n\n<p>Con un <strong>peso operativo de 1.500 kg<\/strong> y un <strong>tren de rodaje variable<\/strong>, esta m\u00e1quina proporciona una excelente estabilidad al excavar y un f\u00e1cil acceso en los pasajes m\u00e1s estrechos. El <strong>motor Perkins 403D-11 de 14,2 kW<\/strong> garantiza un rendimiento fiable, un bajo consumo de combustible y una respuesta suave incluso durante un uso prolongado. <\/p>\n\n<p>La presencia de la <strong>hoja niveladora<\/strong> mejora las operaciones de acabado y aumenta la estabilidad durante el trabajo, mientras que el<strong>sistema de martillo<\/strong> ampl\u00eda las posibilidades operativas para trabajos ligeros de demolici\u00f3n y mantenimiento. Las <strong>orugas de goma<\/strong> permiten trabajar en superficies delicadas, reduciendo el impacto en el suelo. <\/p>\n\n<p>La m\u00e1quina est\u00e1 <strong>totalmente revisada<\/strong>, con un <strong>asiento nuevo, nuevos soportes para el motor y la cabina<\/strong>, y una <strong>pantalla de reloj sustituida.<\/strong> Aunque las horas no son legibles, la m\u00e1quina ha trabajado <strong>menos de 2.500 horas<\/strong> y est\u00e1 <strong>lista para trabajar inmediatamente<\/strong>. <\/p>\n\n<p><\/p>\n","protected":false},"excerpt":{"rendered":"<p>Miniexcavadora <strong data-start=\"1496\" data-end=\"1511\">JCB 8018CTS<\/strong> compacta y fiable de 1.500 kg con giro de voladizo cero. Tren de rodaje variable, sistema de martillos y tronzadora, lista para usar en trabajos urbanos y espacios reducidos. <\/p>\n","protected":false},"featured_media":27041,"template":"","meta":{"_acf_changed":false},"ubicazione_acf":[],"product_brand":[606],"product_cat":[411],"false":[748],"proprietario":[],"class_list":{"0":"post-27039","1":"product","2":"type-product","3":"status-publish","4":"has-post-thumbnail","6":"product_brand-jcb","7":"product_cat-miniexcavadoras","8":"product_tag-es","9":"pa_brand-jcb","11":"first","12":"outofstock","13":"sale","14":"sold-individually","15":"shipping-taxable","16":"purchasable","17":"product-type-simple"},"acf":[],"_links":{"self":[{"href":"https:\/\/www.damac.it\/es\/wp-json\/wp\/v2\/product\/27039","targetHints":{"allow":["GET"]}}],"collection":[{"href":"https:\/\/www.damac.it\/es\/wp-json\/wp\/v2\/product"}],"about":[{"href":"https:\/\/www.damac.it\/es\/wp-json\/wp\/v2\/types\/product"}],"wp:featuredmedia":[{"embeddable":true,"href":"https:\/\/www.damac.it\/es\/wp-json\/wp\/v2\/media\/27041"}],"wp:attachment":[{"href":"https:\/\/www.damac.it\/es\/wp-json\/wp\/v2\/media?parent=27039"}],"wp:term":[{"taxonomy":"ubicazione_acf","embeddable":true,"href":"https:\/\/www.damac.it\/es\/wp-json\/wp\/v2\/ubicazione_acf?post=27039"},{"taxonomy":"product_brand","embeddable":true,"href":"https:\/\/www.damac.it\/es\/wp-json\/wp\/v2\/product_brand?post=27039"},{"taxonomy":"product_cat","embeddable":true,"href":"https:\/\/www.damac.it\/es\/wp-json\/wp\/v2\/product_cat?post=27039"},{"taxonomy":"product_tag","embeddable":true,"href":"https:\/\/www.damac.it\/es\/wp-json\/wp\/v2\/false?post=27039"},{"taxonomy":"proprietario","embeddable":true,"href":"https:\/\/www.damac.it\/es\/wp-json\/wp\/v2\/proprietario?post=27039"}],"curies":[{"name":"wp","href":"https:\/\/api.w.org\/{rel}","templated":true}]}}