{"id":27090,"date":"2026-02-05T17:45:45","date_gmt":"2026-02-05T17:45:45","guid":{"rendered":"https:\/\/www.damac.it\/sin%20categor\u00eda\/wacker-neuson-ez17\/"},"modified":"2026-02-06T17:47:33","modified_gmt":"2026-02-06T17:47:33","slug":"wacker-neuson-ez17","status":"publish","type":"product","link":"https:\/\/www.damac.it\/es\/miniexcavadoras\/wacker-neuson-ez17-anguillara-sabazia\/","title":{"rendered":"WACKER NEUSON EZ17"},"content":{"rendered":"\n<p>La <strong>EZ17 de Wacker Neuson<\/strong> es una miniexcavadora compacta dise\u00f1ada para ofrecer <strong>la m\u00e1xima eficacia operativa en espacios reducidos<\/strong> sin sacrificar la estabilidad ni el rendimiento. Al ser de giro<strong> cero<\/strong>, gira completamente dentro del contorno del tren de rodaje, lo que la hace ideal para trabajos urbanos, reformas, obras residenciales y trabajos cerca de muros u obst\u00e1culos. <\/p>\n\n<p>Con un <strong>peso operativo de 1.780 kg<\/strong> y un <strong>tren de rodaje variable<\/strong>, la EZ17 proporciona el equilibrio perfecto entre compacidad y seguridad al excavar. El <strong>motor Yanmar de 13,8 kW,<\/strong> fiable y de bajo consumo, garantiza una potencia constante incluso durante los trabajos m\u00e1s exigentes, mientras que la <strong>doble velocidad de desplazamiento<\/strong> permite desplazarse r\u00e1pidamente por la obra. <\/p>\n\n<p>La m\u00e1quina est\u00e1 equipada con un <strong>sistema de martillo<\/strong>, que ampl\u00eda las posibilidades de uso en trabajos ligeros de demolici\u00f3n y mantenimiento. Se completa con 3 cucharas de excavaci\u00f3n. La <strong>pala frontal<\/strong> mejora las operaciones de nivelaci\u00f3n y aumenta la estabilidad al excavar. Las <strong>orugas de goma<\/strong> tambi\u00e9n permiten trabajar en superficies delicadas, reduciendo el impacto en el suelo.   <\/p>\n\n<p>Este modelo <strong>2023<\/strong>, con <strong>certificaci\u00f3n CE<\/strong>, es una soluci\u00f3n fiable y profesional para quienes buscan una miniexcavadora vers\u00e1til, moderna y lista para usar.<\/p>\n\n<div class=\"wp-block-webfactory-map\"><div class=\"wp-block-webfactory-map\"><iframe title=\"Mapa\" width=\"100%\" height=\"380px\" src=\"https:\/\/www.google.com\/maps\/embed\/v1\/place?q=anguillara%20sabazia&amp;maptype=roadmap&amp;zoom=7&amp;key=AIzaSyCbpj9Ji_jwudUhfVpTXiPB79zpZZSDW8c\" frameborder=\"0\"><\/iframe><\/div><\/div>\n","protected":false},"excerpt":{"rendered":"<p>Miniexcavadora de giro cero <strong data-start=\"1544\" data-end=\"1566\">Wacker Neuson EZ17<\/strong>, a\u00f1o 2023, peso 1.780 kg. Compacta, potente y vers\u00e1til, ideal para trabajar en espacios reducidos, obras urbanas y mantenimiento profesional.<\/p>\n","protected":false},"featured_media":27110,"template":"","meta":{"_acf_changed":false},"ubicazione_acf":[],"product_brand":[675],"product_cat":[411],"false":[748],"proprietario":[],"class_list":{"0":"post-27090","1":"product","2":"type-product","3":"status-publish","4":"has-post-thumbnail","6":"product_brand-wacker-neuson","7":"product_cat-miniexcavadoras","8":"product_tag-es","9":"pa_brand-wacker-neuson","11":"first","12":"instock","13":"sold-individually","14":"shipping-taxable","15":"purchasable","16":"product-type-simple"},"acf":[],"_links":{"self":[{"href":"https:\/\/www.damac.it\/es\/wp-json\/wp\/v2\/product\/27090","targetHints":{"allow":["GET"]}}],"collection":[{"href":"https:\/\/www.damac.it\/es\/wp-json\/wp\/v2\/product"}],"about":[{"href":"https:\/\/www.damac.it\/es\/wp-json\/wp\/v2\/types\/product"}],"wp:featuredmedia":[{"embeddable":true,"href":"https:\/\/www.damac.it\/es\/wp-json\/wp\/v2\/media\/27110"}],"wp:attachment":[{"href":"https:\/\/www.damac.it\/es\/wp-json\/wp\/v2\/media?parent=27090"}],"wp:term":[{"taxonomy":"ubicazione_acf","embeddable":true,"href":"https:\/\/www.damac.it\/es\/wp-json\/wp\/v2\/ubicazione_acf?post=27090"},{"taxonomy":"product_brand","embeddable":true,"href":"https:\/\/www.damac.it\/es\/wp-json\/wp\/v2\/product_brand?post=27090"},{"taxonomy":"product_cat","embeddable":true,"href":"https:\/\/www.damac.it\/es\/wp-json\/wp\/v2\/product_cat?post=27090"},{"taxonomy":"product_tag","embeddable":true,"href":"https:\/\/www.damac.it\/es\/wp-json\/wp\/v2\/false?post=27090"},{"taxonomy":"proprietario","embeddable":true,"href":"https:\/\/www.damac.it\/es\/wp-json\/wp\/v2\/proprietario?post=27090"}],"curies":[{"name":"wp","href":"https:\/\/api.w.org\/{rel}","templated":true}]}}