{"id":28327,"date":"2026-02-25T14:05:46","date_gmt":"2026-02-25T14:05:46","guid":{"rendered":"https:\/\/www.damac.it\/?post_type=product&#038;p=28327"},"modified":"2026-03-21T13:54:27","modified_gmt":"2026-03-21T13:54:27","slug":"bomag-bw80ad","status":"publish","type":"product","link":"https:\/\/www.damac.it\/es\/rodillos-compactadores\/bomag-bw80ad-livorno\/","title":{"rendered":"BOMAG BW80AD"},"content":{"rendered":"\n<p>El <strong>BOMAG BW80AD de 2010<\/strong> es un rodillo t\u00e1ndem hierro-hierro dise\u00f1ado para una <strong>compactaci\u00f3n uniforme, precisi\u00f3n operativa y m\u00e1xima fiabilidad<\/strong> en obras viales urbanas. Con unas <strong>1.000 horas de trabajo<\/strong>, es una soluci\u00f3n profesional ideal para empresas que trabajan en asfalto, aceras, carriles bici y mantenimiento de carreteras. <\/p>\n\n<p>Equipada con <strong>doble vibraci\u00f3n en ambos tambores<\/strong> y una anchura de trabajo de 800 mm, garantiza una distribuci\u00f3n uniforme de la fuerza de compactaci\u00f3n. La frecuencia de vibraci\u00f3n de <strong>60 Hz<\/strong> permite obtener resultados eficaces en subbases asf\u00e1lticas y granulares. El motor <strong>Kubota D722B de 9,9 kW<\/strong> garantiza fiabilidad, bajo consumo de combustible y f\u00e1cil mantenimiento, mientras que la <strong>tracci\u00f3n total 4&#215;4<\/strong> proporciona estabilidad y agarre incluso en superficies exigentes.  <\/p>\n\n<p>De tama\u00f1o compacto (1860 \u00d7 850 \u00d7 2300 mm) y 1500 kg de peso, la BW80AD es perfecta para trabajar en espacios reducidos sin sacrificar el rendimiento. Su estructura con <strong>ROPS de seguridad<\/strong>, velocidad m\u00e1xima de 8 km\/h y tambores lisos de 800 mm la convierten en una m\u00e1quina lista para usar. Disponible en Livorno, este rodillo es una opci\u00f3n real para quienes buscan <strong>productividad inmediata y la calidad de compactaci\u00f3n caracter\u00edstica de BOMAG<\/strong>.  <\/p>\n","protected":false},"excerpt":{"rendered":"<p>BOMAG BW80AD 2010 con 1000 horas, doble vibraci\u00f3n y tracci\u00f3n total 4&#215;4. Motor Kubota, anchura de trabajo 800 mm, ideal para asfalto y trabajos urbanos. Compacta y fiable, disponible en Livorno .  <\/p>\n","protected":false},"featured_media":28328,"template":"","meta":{"_acf_changed":false},"ubicazione_acf":[],"product_brand":[838],"product_cat":[466],"false":[748],"proprietario":[],"class_list":{"0":"post-28327","1":"product","2":"type-product","3":"status-publish","4":"has-post-thumbnail","6":"product_brand-bomag","7":"product_cat-rodillos-compactadores","8":"product_tag-es","9":"pa_brand-bomag","11":"first","12":"instock","13":"sold-individually","14":"shipping-taxable","15":"purchasable","16":"product-type-simple"},"acf":[],"_links":{"self":[{"href":"https:\/\/www.damac.it\/es\/wp-json\/wp\/v2\/product\/28327","targetHints":{"allow":["GET"]}}],"collection":[{"href":"https:\/\/www.damac.it\/es\/wp-json\/wp\/v2\/product"}],"about":[{"href":"https:\/\/www.damac.it\/es\/wp-json\/wp\/v2\/types\/product"}],"wp:featuredmedia":[{"embeddable":true,"href":"https:\/\/www.damac.it\/es\/wp-json\/wp\/v2\/media\/28328"}],"wp:attachment":[{"href":"https:\/\/www.damac.it\/es\/wp-json\/wp\/v2\/media?parent=28327"}],"wp:term":[{"taxonomy":"ubicazione_acf","embeddable":true,"href":"https:\/\/www.damac.it\/es\/wp-json\/wp\/v2\/ubicazione_acf?post=28327"},{"taxonomy":"product_brand","embeddable":true,"href":"https:\/\/www.damac.it\/es\/wp-json\/wp\/v2\/product_brand?post=28327"},{"taxonomy":"product_cat","embeddable":true,"href":"https:\/\/www.damac.it\/es\/wp-json\/wp\/v2\/product_cat?post=28327"},{"taxonomy":"product_tag","embeddable":true,"href":"https:\/\/www.damac.it\/es\/wp-json\/wp\/v2\/false?post=28327"},{"taxonomy":"proprietario","embeddable":true,"href":"https:\/\/www.damac.it\/es\/wp-json\/wp\/v2\/proprietario?post=28327"}],"curies":[{"name":"wp","href":"https:\/\/api.w.org\/{rel}","templated":true}]}}