{"id":28465,"date":"2026-02-26T11:10:00","date_gmt":"2026-02-26T11:10:00","guid":{"rendered":"https:\/\/www.damac.it\/sin%20categor\u00eda\/turchi-300f-3\/"},"modified":"2026-04-13T10:00:26","modified_gmt":"2026-04-13T10:00:26","slug":"turchi-300f-3","status":"publish","type":"product","link":"https:\/\/www.damac.it\/es\/martillos-hincapostes-hidraulicos\/turchi-300f-3-parma\/","title":{"rendered":"TURCHI 300F"},"content":{"rendered":"\n<p>El <strong><a href=\"https:\/\/www.damac.it\/es\/battipalo-turchi-300f\/\">TURCHI 300F<\/a> nuevo a\u00f1o 2026<\/strong> es un hincaposte profesional dise\u00f1ado para ofrecer <strong>m\u00e1xima potencia, precisi\u00f3n y productividad<\/strong> en los trabajos de instalaci\u00f3n de postes para vallas, vi\u00f1edos, plantas fotovoltaicas y estructuras agr\u00edcolas. Disponible para entrega inmediata en Parma, representa una soluci\u00f3n ideal para empresas que buscan una maquinaria moderna, eficiente y conforme a las normativas vigentes. <\/p>\n\n<p>Equipada con un <strong>martillo de 1.200 julios<\/strong>, garantiza una gran capacidad de penetraci\u00f3n incluso en terrenos compactos y dif\u00edciles. Su<strong>extensi\u00f3n hasta una altura de 6 metros<\/strong> le permite trabajar sobre grandes pilotes, por lo que es perfecta para plantas fotovoltaicas y estructuras industriales. El sistema de <strong>orugas 100% de goma<\/strong> garantiza estabilidad, tracci\u00f3n y menor impacto en el suelo, por lo que es ideal incluso en superficies delicadas.  <\/p>\n\n<p>El motor <strong>Doosan<\/strong> garantiza fiabilidad, eficacia y continuidad operativa durante largas sesiones de trabajo. Con un peso de 4500 kg y un dise\u00f1o compacto, la TURCHI 300F combina robustez y facilidad de transporte. El<strong>extractor mec\u00e1nico opcional<\/strong> ampl\u00eda a\u00fan m\u00e1s las posibilidades operativas, permitiendo retirar los postes r\u00e1pidamente. Completa con certificaci\u00f3n CE y documentaci\u00f3n t\u00e9cnica, es una m\u00e1quina preparada para garantizar <strong>un rendimiento profesional y un retorno inmediato de la inversi\u00f3n<\/strong>.   <\/p>\n\n<p><\/p>\n","protected":false},"excerpt":{"rendered":"<p>TURCHI 300F nuevo 2026 con martillo de 1200 julios y extensi\u00f3n de 6 metros. Ideal para postes fotovoltaicos y vallados. Motor Doosan, orugas de goma y entrega inmediata en Parma. Extractor mec\u00e1nico opcional.   <\/p>\n","protected":false},"featured_media":28477,"template":"","meta":{"_acf_changed":false},"ubicazione_acf":[],"product_brand":[598],"product_cat":[417],"false":[748],"proprietario":[],"class_list":{"0":"post-28465","1":"product","2":"type-product","3":"status-publish","4":"has-post-thumbnail","6":"product_brand-turchi","7":"product_cat-martillos-hincapostes-hidraulicos","8":"product_tag-es","9":"pa_brand-turchi","11":"first","12":"instock","13":"sale","14":"sold-individually","15":"shipping-taxable","16":"purchasable","17":"product-type-simple"},"acf":[],"_links":{"self":[{"href":"https:\/\/www.damac.it\/es\/wp-json\/wp\/v2\/product\/28465","targetHints":{"allow":["GET"]}}],"collection":[{"href":"https:\/\/www.damac.it\/es\/wp-json\/wp\/v2\/product"}],"about":[{"href":"https:\/\/www.damac.it\/es\/wp-json\/wp\/v2\/types\/product"}],"wp:featuredmedia":[{"embeddable":true,"href":"https:\/\/www.damac.it\/es\/wp-json\/wp\/v2\/media\/28477"}],"wp:attachment":[{"href":"https:\/\/www.damac.it\/es\/wp-json\/wp\/v2\/media?parent=28465"}],"wp:term":[{"taxonomy":"ubicazione_acf","embeddable":true,"href":"https:\/\/www.damac.it\/es\/wp-json\/wp\/v2\/ubicazione_acf?post=28465"},{"taxonomy":"product_brand","embeddable":true,"href":"https:\/\/www.damac.it\/es\/wp-json\/wp\/v2\/product_brand?post=28465"},{"taxonomy":"product_cat","embeddable":true,"href":"https:\/\/www.damac.it\/es\/wp-json\/wp\/v2\/product_cat?post=28465"},{"taxonomy":"product_tag","embeddable":true,"href":"https:\/\/www.damac.it\/es\/wp-json\/wp\/v2\/false?post=28465"},{"taxonomy":"proprietario","embeddable":true,"href":"https:\/\/www.damac.it\/es\/wp-json\/wp\/v2\/proprietario?post=28465"}],"curies":[{"name":"wp","href":"https:\/\/api.w.org\/{rel}","templated":true}]}}