{"id":28639,"date":"2026-02-27T14:30:55","date_gmt":"2026-02-27T14:30:55","guid":{"rendered":"https:\/\/www.damac.it\/sin%20categor\u00eda\/hamm-hd8\/"},"modified":"2026-03-21T13:53:22","modified_gmt":"2026-03-21T13:53:22","slug":"hamm-hd8","status":"publish","type":"product","link":"https:\/\/www.damac.it\/es\/rodillos-compactadores\/hamm-hd8-livorno\/","title":{"rendered":"HAMM HD8"},"content":{"rendered":"\n<p>El <strong>HAMM HD8 2010<\/strong> es un rodillo t\u00e1ndem hierro-hierro dise\u00f1ado para garantizar <strong>una compactaci\u00f3n uniforme, estabilidad y m\u00e1xima productividad<\/strong> en obras de carreteras urbanas y mantenimiento del asfalto. Con <strong>1320 horas de trabajo<\/strong>, es una soluci\u00f3n fiable para las empresas que buscan un veh\u00edculo compacto pero de alto rendimiento disponible en Livorno. <\/p>\n\n<p>Con <strong>doble vibraci\u00f3n en ambos tambores<\/strong> y una frecuencia de 65 Hz, la HD8 garantiza una distribuci\u00f3n eficaz de la fuerza de compactaci\u00f3n en subbases asf\u00e1lticas y granulares. La <strong>anchura de trabajo de 800 mm<\/strong> la hace ideal para aceras, carriles bici, aparcamientos y trabajos en espacios reducidos. El motor <strong>Kubota D1005-E3B de 14,8 kW y 3 cilindros<\/strong> garantiza fiabilidad, bajo consumo de combustible y rendimiento constante incluso en las sesiones m\u00e1s exigentes.  <\/p>\n\n<p>Con <strong>tracci\u00f3n total 4&#215;4<\/strong>, velocidades de hasta 11 km\/h y un dise\u00f1o <strong>ROPS de seguridad<\/strong>, la HAMM HD8 ofrece control y agarre en una gran variedad de superficies. Los tambores lisos de 800 mm de ancho y 620 mm de di\u00e1metro garantizan un acabado suave. Completa con placa y documentos, est\u00e1 lista para trabajar inmediatamente, ofreciendo <strong>eficacia operativa y calidad de compactaci\u00f3n profesional<\/strong>.  <\/p>\n","protected":false},"excerpt":{"rendered":"<p>HAMM HD8 2010 con 1320 horas, doble vibraci\u00f3n y tracci\u00f3n total 4&#215;4. Motor Kubota de 14,8 kW, anchura de trabajo de 800 mm. Ideal para obras de asfalto y urbanas. Disponible en Livorno.  <\/p>\n","protected":false},"featured_media":28647,"template":"","meta":{"_acf_changed":false},"ubicazione_acf":[],"product_brand":[904],"product_cat":[466],"false":[748],"proprietario":[],"class_list":{"0":"post-28639","1":"product","2":"type-product","3":"status-publish","4":"has-post-thumbnail","6":"product_brand-hamm","7":"product_cat-rodillos-compactadores","8":"product_tag-es","9":"pa_brand-hamm","11":"first","12":"instock","13":"sold-individually","14":"shipping-taxable","15":"purchasable","16":"product-type-simple"},"acf":[],"_links":{"self":[{"href":"https:\/\/www.damac.it\/es\/wp-json\/wp\/v2\/product\/28639","targetHints":{"allow":["GET"]}}],"collection":[{"href":"https:\/\/www.damac.it\/es\/wp-json\/wp\/v2\/product"}],"about":[{"href":"https:\/\/www.damac.it\/es\/wp-json\/wp\/v2\/types\/product"}],"wp:featuredmedia":[{"embeddable":true,"href":"https:\/\/www.damac.it\/es\/wp-json\/wp\/v2\/media\/28647"}],"wp:attachment":[{"href":"https:\/\/www.damac.it\/es\/wp-json\/wp\/v2\/media?parent=28639"}],"wp:term":[{"taxonomy":"ubicazione_acf","embeddable":true,"href":"https:\/\/www.damac.it\/es\/wp-json\/wp\/v2\/ubicazione_acf?post=28639"},{"taxonomy":"product_brand","embeddable":true,"href":"https:\/\/www.damac.it\/es\/wp-json\/wp\/v2\/product_brand?post=28639"},{"taxonomy":"product_cat","embeddable":true,"href":"https:\/\/www.damac.it\/es\/wp-json\/wp\/v2\/product_cat?post=28639"},{"taxonomy":"product_tag","embeddable":true,"href":"https:\/\/www.damac.it\/es\/wp-json\/wp\/v2\/false?post=28639"},{"taxonomy":"proprietario","embeddable":true,"href":"https:\/\/www.damac.it\/es\/wp-json\/wp\/v2\/proprietario?post=28639"}],"curies":[{"name":"wp","href":"https:\/\/api.w.org\/{rel}","templated":true}]}}